{"id":996,"date":"2018-09-19T11:00:23","date_gmt":"2018-09-19T09:00:23","guid":{"rendered":"http:\/\/www.wullaestuebli.ch\/wordpress\/?post_type=product&#038;p=996"},"modified":"2025-03-04T18:15:38","modified_gmt":"2025-03-04T17:15:38","slug":"oel-sacha-inchi","status":"publish","type":"product","link":"https:\/\/www.wullaestuebli.ch\/wordpress\/produkt\/oel-sacha-inchi\/","title":{"rendered":"\u00d6l Sacha inchi"},"content":{"rendered":"<p>Aus Sacha Inchi N\u00fcssen wird kalt gepresstes \u00d6l gewonnen. Die N\u00fcsse dazu werden von laotischen Bauern angebaut und handverlesen. Alle Bauern sind biozertifiziert. Sacha Inchi \u00d6l ist reich an unges\u00e4ttigten, nat\u00fcrlichen und gesunden Omega 3,6 und 9 Fetts\u00e4uren.<\/p>\n<p>Sacha Inchi Oel ist 100% naturrein. Sein feines Aroma erinnert an Spargel,\u00a0 gr\u00fcne Bohnen und hat einen feinen nussigen Geschmack. Es eignet sich hervorragend f\u00fcr die kalte K\u00fcche, Salate, Gem\u00fcse, Dips oder einfach einen L\u00f6ffel pur. Es sollte nicht erhitzt werden!<\/p>\n<p>Sacha Inchi-\u00d6l ist in 250 ml Flasche erh\u00e4ltlich.<\/p>\n","protected":false},"excerpt":{"rendered":"<p>Sacha-Inchi \u00d6l ist das Speise\u00f6l mit der h\u00f6chsten Konzentration an Omega 3, 6, und 9.<\/p>\n<p>&nbsp;<\/p>\n","protected":false},"featured_media":1930,"template":"","meta":[],"product_brand":[],"product_cat":[21],"product_tag":[],"class_list":{"0":"post-996","1":"product","2":"type-product","3":"status-publish","4":"has-post-thumbnail","6":"product_cat-honlai-tee-oel","8":"first","9":"instock","10":"shipping-taxable","11":"purchasable","12":"product-type-variable"},"_links":{"self":[{"href":"https:\/\/www.wullaestuebli.ch\/wordpress\/wp-json\/wp\/v2\/product\/996","targetHints":{"allow":["GET"]}}],"collection":[{"href":"https:\/\/www.wullaestuebli.ch\/wordpress\/wp-json\/wp\/v2\/product"}],"about":[{"href":"https:\/\/www.wullaestuebli.ch\/wordpress\/wp-json\/wp\/v2\/types\/product"}],"wp:featuredmedia":[{"embeddable":true,"href":"https:\/\/www.wullaestuebli.ch\/wordpress\/wp-json\/wp\/v2\/media\/1930"}],"wp:attachment":[{"href":"https:\/\/www.wullaestuebli.ch\/wordpress\/wp-json\/wp\/v2\/media?parent=996"}],"wp:term":[{"taxonomy":"product_brand","embeddable":true,"href":"https:\/\/www.wullaestuebli.ch\/wordpress\/wp-json\/wp\/v2\/product_brand?post=996"},{"taxonomy":"product_cat","embeddable":true,"href":"https:\/\/www.wullaestuebli.ch\/wordpress\/wp-json\/wp\/v2\/product_cat?post=996"},{"taxonomy":"product_tag","embeddable":true,"href":"https:\/\/www.wullaestuebli.ch\/wordpress\/wp-json\/wp\/v2\/product_tag?post=996"}],"curies":[{"name":"wp","href":"https:\/\/api.w.org\/{rel}","templated":true}]}}