{"id":803,"date":"2018-07-25T11:18:20","date_gmt":"2018-07-25T09:18:20","guid":{"rendered":"http:\/\/www.wullaestuebli.ch\/wordpress\/?post_type=product&#038;p=803"},"modified":"2024-04-04T11:10:58","modified_gmt":"2024-04-04T09:10:58","slug":"utensilientasche-rainbow","status":"publish","type":"product","link":"https:\/\/www.wullaestuebli.ch\/wordpress\/produkt\/utensilientasche-rainbow\/","title":{"rendered":"Utensilientasche Rainbow"},"content":{"rendered":"","protected":false},"excerpt":{"rendered":"<p>&nbsp;<\/p>\n<p>Jede Tasche ist ein Unikat und wird im N\u00e4hatelier ONE &amp; ONLY von Stephanie Onyango-Crespo in Uganda hergestellt. Kleine Farb-und Stoffabweichungen k\u00f6nnen m\u00f6glich sein.<\/p>\n<p>Tasche mit Reissverschluss, halbrund, stabile Ausf\u00fchrung, verst\u00e4rkt.<\/p>\n<p>L\u00e4nge unten 16cm<\/p>\n<p>Reissverschluss 36cm<\/p>\n<p>H\u00f6he 13cm<\/p>\n<p>Boden 8cm<\/p>\n","protected":false},"featured_media":805,"template":"","meta":[],"product_brand":[],"product_cat":[19],"product_tag":[],"class_list":{"0":"post-803","1":"product","2":"type-product","3":"status-publish","4":"has-post-thumbnail","6":"product_cat-geschenke","8":"first","9":"instock","10":"shipping-taxable","11":"purchasable","12":"product-type-variable"},"_links":{"self":[{"href":"https:\/\/www.wullaestuebli.ch\/wordpress\/wp-json\/wp\/v2\/product\/803","targetHints":{"allow":["GET"]}}],"collection":[{"href":"https:\/\/www.wullaestuebli.ch\/wordpress\/wp-json\/wp\/v2\/product"}],"about":[{"href":"https:\/\/www.wullaestuebli.ch\/wordpress\/wp-json\/wp\/v2\/types\/product"}],"wp:featuredmedia":[{"embeddable":true,"href":"https:\/\/www.wullaestuebli.ch\/wordpress\/wp-json\/wp\/v2\/media\/805"}],"wp:attachment":[{"href":"https:\/\/www.wullaestuebli.ch\/wordpress\/wp-json\/wp\/v2\/media?parent=803"}],"wp:term":[{"taxonomy":"product_brand","embeddable":true,"href":"https:\/\/www.wullaestuebli.ch\/wordpress\/wp-json\/wp\/v2\/product_brand?post=803"},{"taxonomy":"product_cat","embeddable":true,"href":"https:\/\/www.wullaestuebli.ch\/wordpress\/wp-json\/wp\/v2\/product_cat?post=803"},{"taxonomy":"product_tag","embeddable":true,"href":"https:\/\/www.wullaestuebli.ch\/wordpress\/wp-json\/wp\/v2\/product_tag?post=803"}],"curies":[{"name":"wp","href":"https:\/\/api.w.org\/{rel}","templated":true}]}}