{"id":789,"date":"2018-07-25T10:32:00","date_gmt":"2018-07-25T08:32:00","guid":{"rendered":"http:\/\/www.wullaestuebli.ch\/wordpress\/?post_type=product&#038;p=789"},"modified":"2026-03-06T10:29:03","modified_gmt":"2026-03-06T09:29:03","slug":"uganda-utensilientaschen","status":"publish","type":"product","link":"https:\/\/www.wullaestuebli.ch\/wordpress\/produkt\/uganda-utensilientaschen\/","title":{"rendered":"Sanyu Uganda Utensilientaschen"},"content":{"rendered":"","protected":false},"excerpt":{"rendered":"<p>Jede Tasche ist ein Unikat und wird im N\u00e4hatelier ONE &amp; ONLY von Stephanie Onyango-Crespo in Uganda hergestellt. Kleine Farb-und Stoffabweichungen k\u00f6nnen m\u00f6glich sein.<\/p>\n<p>Tasche mit Reissverschluss, stabile Ausf\u00fchrung, verst\u00e4rkt.<\/p>\n<p>L\u00e4nge unten 25cm<\/p>\n<p>Reissverschluss 23cm<\/p>\n<p>H\u00f6he 16cm<\/p>\n<p>Boden 7cm<\/p>\n","protected":false},"featured_media":791,"template":"","meta":[],"product_brand":[],"product_cat":[19],"product_tag":[48,50,47,49,35],"class_list":{"0":"post-789","1":"product","2":"type-product","3":"status-publish","4":"has-post-thumbnail","6":"product_cat-geschenke","7":"product_tag-etui","8":"product_tag-naehen","9":"product_tag-stoff","10":"product_tag-uganda","11":"product_tag-wolle","13":"first","14":"instock","15":"shipping-taxable","16":"purchasable","17":"product-type-variable"},"_links":{"self":[{"href":"https:\/\/www.wullaestuebli.ch\/wordpress\/wp-json\/wp\/v2\/product\/789","targetHints":{"allow":["GET"]}}],"collection":[{"href":"https:\/\/www.wullaestuebli.ch\/wordpress\/wp-json\/wp\/v2\/product"}],"about":[{"href":"https:\/\/www.wullaestuebli.ch\/wordpress\/wp-json\/wp\/v2\/types\/product"}],"wp:featuredmedia":[{"embeddable":true,"href":"https:\/\/www.wullaestuebli.ch\/wordpress\/wp-json\/wp\/v2\/media\/791"}],"wp:attachment":[{"href":"https:\/\/www.wullaestuebli.ch\/wordpress\/wp-json\/wp\/v2\/media?parent=789"}],"wp:term":[{"taxonomy":"product_brand","embeddable":true,"href":"https:\/\/www.wullaestuebli.ch\/wordpress\/wp-json\/wp\/v2\/product_brand?post=789"},{"taxonomy":"product_cat","embeddable":true,"href":"https:\/\/www.wullaestuebli.ch\/wordpress\/wp-json\/wp\/v2\/product_cat?post=789"},{"taxonomy":"product_tag","embeddable":true,"href":"https:\/\/www.wullaestuebli.ch\/wordpress\/wp-json\/wp\/v2\/product_tag?post=789"}],"curies":[{"name":"wp","href":"https:\/\/api.w.org\/{rel}","templated":true}]}}