{"id":744,"date":"2018-04-05T15:58:08","date_gmt":"2018-04-05T13:58:08","guid":{"rendered":"http:\/\/www.wullaestuebli.ch\/wordpress\/?post_type=product&#038;p=744"},"modified":"2023-02-13T11:13:32","modified_gmt":"2023-02-13T10:13:32","slug":"baby-kuscheldecke-merino","status":"publish","type":"product","link":"https:\/\/www.wullaestuebli.ch\/wordpress\/produkt\/baby-kuscheldecke-merino\/","title":{"rendered":"Baby-Decke Merino 120 d\u00e9grad\u00e9"},"content":{"rendered":"<div class=\"detailLangInformation\">\n<div id=\"detailArticleInformationRight\" class=\"detailArticleInformationRight\">\n<div class=\"detailLangInformation\"><\/div>\n<\/div>\n<\/div>\n<div class=\"detailArticleColors\">\n<div class=\"detailItemArticleColor\">\n<div class=\"detailLangInformation\">\n<div id=\"detailArticleInformationRight\" class=\"detailArticleInformationRight\">\n<div class=\"detailArticleText\">\n<div class=\"detailArticleColors\">\n<div class=\"detailItemArticleColor\">\n<div class=\"attributes\">\n<div class=\"item\">\n<div class=\"label\"><\/div>\n<\/div>\n<\/div>\n<div class=\"articleLink\"><\/div>\n<\/div>\n<div class=\"detailItemArticleColor\">\n<div class=\"head\">\n<h1 class=\"title\">MERINO 120 D\u00c9GRAD\u00c9<span class=\"contentLight\">\u00a0|\u00a0<span id=\"articleNumber\">37.0018<\/span><\/span><\/h1>\n<\/div>\n<div class=\"content\">\n<p>Diese kleinen Zauberkugeln eignen sich perfekt f\u00fcr jedes Projekt. Es sind verbl\u00fcffende Farbnuancen, die Sie immer wieder in Erstaunen versetzen werden. Diese Merino Extrafine ist maschinenwaschbar und eine farbige Erg\u00e4nzung unseres Basisgarns Merino 120 mit genau der Qualit\u00e4t, die Sie von uns gewohnt sind. Kreieren Sie Ihre n\u00e4chste Verzauberung.<\/p>\n<\/div>\n<div class=\"attributes\">\n<div class=\"item\">\n<div class=\"label\">Zusammensetzung<\/div>\n<div class=\"value\">100% Schurwolle (Merino extrafine &#8211; mulesing free)<br \/>\nSuperwash<\/div>\n<\/div>\n<div class=\"item\">\n<div class=\"label\">Laufl\u00e4nge<\/div>\n<div class=\"value\">\u223c120m\u00a0\/\u00a050g<\/div>\n<\/div>\n<div class=\"item\">\n<div class=\"label\">Nadel-Nr.<\/div>\n<div class=\"value\">\u00d8 3\u00bd-4\u00bd mm<\/div>\n<\/div>\n<div class=\"item\">\n<div class=\"label\">Garnst\u00e4rke<\/div>\n<div class=\"value\">DK<\/div>\n<\/div>\n<div class=\"item\">\n<div class=\"label\">Pflegemerkmale<\/div>\n<div class=\"value\"><img decoding=\"async\" src=\"https:\/\/www.langyarns.com\/userfiles\/image\/symbole\/W_15.png\" \/>\u00a0<img decoding=\"async\" src=\"https:\/\/www.langyarns.com\/userfiles\/image\/symbole\/C_36.png\" \/>\u00a0<img decoding=\"async\" src=\"https:\/\/www.langyarns.com\/userfiles\/image\/symbole\/T_59.png\" \/>\u00a0<img decoding=\"async\" src=\"https:\/\/www.langyarns.com\/userfiles\/image\/symbole\/B_40.png\" \/>\u00a0<img decoding=\"async\" src=\"https:\/\/www.langyarns.com\/userfiles\/image\/symbole\/R_44.png\" \/><br \/>\nFeinwaschmittel ohne Weichsp\u00fcler verwenden.<\/div>\n<\/div>\n<div class=\"item\">\n<div class=\"label\">Maschenprobe<br \/>\n<span class=\"contentLight\">10 x 10 cm<\/span><\/div>\n<div class=\"value\">\n<div class=\"layerGauge\">\n<div class=\"layerGaugeRight\"><\/div>\n<div class=\"layerGaugeBottom\"><\/div>\n<div class=\"layerGaugeRightValue\">32<\/div>\n<div class=\"layerGaugeBottomValue\">22<\/div>\n<\/div>\n<\/div>\n<\/div>\n<\/div>\n<div class=\"article\">\n<div class=\"subtitle\">\n<h2>FARBEN<\/h2>\n<\/div>\n<div class=\"list\">\n<div class=\"item\">\n<div id=\"itemArticleColor_37_0018\" class=\"item articleColor onclick\">\n<div class=\"image onclick\"><img decoding=\"async\" class=\"img\" title=\"MERINO 120 D\u00c9GRAD\u00c9 37.0018\" src=\"https:\/\/transfer.langyarns.com\/Yarn\/37\/37_0018_LANGYARNS_Merino120Degrade_200_C.jpg\" alt=\"MERINO 120 D\u00c9GRAD\u00c9 37.0018\" \/><\/div>\n<div class=\"flag new\">NEW<\/div>\n<\/div>\n<\/div>\n<div class=\"item\">\n<div id=\"itemArticleColor_37_0017\" class=\"item articleColor onclick\">\n<div class=\"image onclick\"><img decoding=\"async\" class=\"img\" title=\"MERINO 120 D\u00c9GRAD\u00c9 37.0017\" src=\"https:\/\/transfer.langyarns.com\/Yarn\/37\/37_0017_LANGYARNS_Merino120Degrade_200_C.jpg\" alt=\"MERINO 120 D\u00c9GRAD\u00c9 37.0017\" \/><\/div>\n<div class=\"flag new\">NEW<\/div>\n<\/div>\n<\/div>\n<div class=\"item\">\n<div id=\"itemArticleColor_37_0016\" class=\"item articleColor onclick\">\n<div class=\"image onclick\"><img decoding=\"async\" class=\"img\" title=\"MERINO 120 D\u00c9GRAD\u00c9 37.0016\" src=\"https:\/\/transfer.langyarns.com\/Yarn\/37\/37_0016_LANGYARNS_Merino120Degrade_200_C.jpg\" alt=\"MERINO 120 D\u00c9GRAD\u00c9 37.0016\" \/><\/div>\n<div class=\"flag new\">NEW<\/div>\n<\/div>\n<\/div>\n<div class=\"item\">\n<div id=\"itemArticleColor_37_0015\" class=\"item articleColor onclick\">\n<div class=\"image onclick\"><img decoding=\"async\" class=\"img\" title=\"MERINO 120 D\u00c9GRAD\u00c9 37.0015\" src=\"https:\/\/transfer.langyarns.com\/Yarn\/37\/37_0015_LANGYARNS_Merino120Degrade_200_C.jpg\" alt=\"MERINO 120 D\u00c9GRAD\u00c9 37.0015\" \/><\/div>\n<\/div>\n<\/div>\n<div class=\"item\">\n<div id=\"itemArticleColor_37_0014\" class=\"item articleColor onclick\">\n<div class=\"image onclick\"><img decoding=\"async\" class=\"img\" title=\"MERINO 120 D\u00c9GRAD\u00c9 37.0014\" src=\"https:\/\/transfer.langyarns.com\/Yarn\/37\/37_0014_LANGYARNS_Merino120Degrade_200_C.jpg\" alt=\"MERINO 120 D\u00c9GRAD\u00c9 37.0014\" \/><\/div>\n<\/div>\n<\/div>\n<div class=\"item\">\n<div id=\"itemArticleColor_37_0013\" class=\"item articleColor onclick\">\n<div class=\"image onclick\"><img decoding=\"async\" class=\"img\" title=\"MERINO 120 D\u00c9GRAD\u00c9 37.0013\" src=\"https:\/\/transfer.langyarns.com\/Yarn\/37\/37_0013_LANGYARNS_Merino120Degrade_200_C.jpg\" alt=\"MERINO 120 D\u00c9GRAD\u00c9 37.0013\" \/><\/div>\n<\/div>\n<\/div>\n<div class=\"item\">\n<div id=\"itemArticleColor_37_0012\" class=\"item articleColor onclick\">\n<div class=\"image onclick\"><img decoding=\"async\" class=\"img\" title=\"MERINO 120 D\u00c9GRAD\u00c9 37.0012\" src=\"https:\/\/transfer.langyarns.com\/Yarn\/37\/37_0012_LANGYARNS_Merino120Degrade_200_C.jpg\" alt=\"MERINO 120 D\u00c9GRAD\u00c9 37.0012\" \/><\/div>\n<\/div>\n<\/div>\n<div class=\"item\">\n<div id=\"itemArticleColor_37_0011\" class=\"item articleColor onclick\">\n<div class=\"image onclick\"><img decoding=\"async\" class=\"img\" title=\"MERINO 120 D\u00c9GRAD\u00c9 37.0011\" src=\"https:\/\/transfer.langyarns.com\/Yarn\/37\/37_0011_LANGYARNS_Merino120Degrade_200_C.jpg\" alt=\"MERINO 120 D\u00c9GRAD\u00c9 37.0011\" \/><\/div>\n<\/div>\n<\/div>\n<div class=\"item\">\n<div id=\"itemArticleColor_37_0010\" class=\"item articleColor onclick\">\n<div class=\"image onclick\"><img decoding=\"async\" class=\"img\" title=\"MERINO 120 D\u00c9GRAD\u00c9 37.0010\" src=\"https:\/\/transfer.langyarns.com\/Yarn\/37\/37_0010_LANGYARNS_Merino120Degrade_200_C.jpg\" alt=\"MERINO 120 D\u00c9GRAD\u00c9 37.0010\" \/><\/div>\n<\/div>\n<\/div>\n<div class=\"item\">\n<div id=\"itemArticleColor_37_0009\" class=\"item articleColor onclick\">\n<div class=\"image onclick\"><img decoding=\"async\" class=\"img\" title=\"MERINO 120 D\u00c9GRAD\u00c9 37.0009\" src=\"https:\/\/transfer.langyarns.com\/Yarn\/37\/37_0009_LANGYARNS_Merino120Degrade_200_C.jpg\" alt=\"MERINO 120 D\u00c9GRAD\u00c9 37.0009\" \/><\/div>\n<\/div>\n<\/div>\n<div class=\"item\">\n<div id=\"itemArticleColor_37_0008\" class=\"item articleColor onclick\">\n<div class=\"image onclick\"><img decoding=\"async\" class=\"img\" title=\"MERINO 120 D\u00c9GRAD\u00c9 37.0008\" src=\"https:\/\/transfer.langyarns.com\/Yarn\/37\/37_0008_LANGYARNS_Merino120Degrade_200_C.jpg\" alt=\"MERINO 120 D\u00c9GRAD\u00c9 37.0008\" \/><\/div>\n<\/div>\n<\/div>\n<div class=\"item\">\n<div id=\"itemArticleColor_37_0007\" class=\"item articleColor onclick\">\n<div class=\"image onclick\"><img decoding=\"async\" class=\"img\" title=\"MERINO 120 D\u00c9GRAD\u00c9 37.0007\" src=\"https:\/\/transfer.langyarns.com\/Yarn\/37\/37_0007_LANGYARNS_Merino120Degrade_200_C.jpg\" alt=\"MERINO 120 D\u00c9GRAD\u00c9 37.0007\" \/><\/div>\n<\/div>\n<\/div>\n<div class=\"item\">\n<div id=\"itemArticleColor_37_0006\" class=\"item articleColor onclick\">\n<div class=\"image onclick\"><img decoding=\"async\" class=\"img\" title=\"MERINO 120 D\u00c9GRAD\u00c9 37.0006\" src=\"https:\/\/transfer.langyarns.com\/Yarn\/37\/37_0006_LANGYARNS_Merino120Degrade_200_C.jpg\" alt=\"MERINO 120 D\u00c9GRAD\u00c9 37.0006\" \/><\/div>\n<\/div>\n<\/div>\n<div class=\"item\">\n<div id=\"itemArticleColor_37_0005\" class=\"item articleColor onclick\">\n<div class=\"image onclick\"><img decoding=\"async\" class=\"img\" title=\"MERINO 120 D\u00c9GRAD\u00c9 37.0005\" src=\"https:\/\/transfer.langyarns.com\/Yarn\/37\/37_0005_LANGYARNS_Merino120Degrade_200_C.jpg\" alt=\"MERINO 120 D\u00c9GRAD\u00c9 37.0005\" \/><\/div>\n<\/div>\n<\/div>\n<div class=\"item\">\n<div id=\"itemArticleColor_37_0004\" class=\"item articleColor onclick\">\n<div class=\"image onclick\"><img decoding=\"async\" class=\"img\" title=\"MERINO 120 D\u00c9GRAD\u00c9 37.0004\" src=\"https:\/\/transfer.langyarns.com\/Yarn\/37\/37_0004_LANGYARNS_Merino120Degrade_200_C.jpg\" alt=\"MERINO 120 D\u00c9GRAD\u00c9 37.0004\" \/><\/div>\n<\/div>\n<\/div>\n<div class=\"item\">\n<div id=\"itemArticleColor_37_0003\" class=\"item articleColor onclick\">\n<div class=\"image onclick\"><img decoding=\"async\" class=\"img\" title=\"MERINO 120 D\u00c9GRAD\u00c9 37.0003\" src=\"https:\/\/transfer.langyarns.com\/Yarn\/37\/37_0003_LANGYARNS_Merino120Degrade_200_C.jpg\" alt=\"MERINO 120 D\u00c9GRAD\u00c9 37.0003\" \/><\/div>\n<\/div>\n<\/div>\n<div class=\"item\">\n<div id=\"itemArticleColor_37_0002\" class=\"item articleColor onclick\">\n<div class=\"image onclick\"><img decoding=\"async\" class=\"img\" title=\"MERINO 120 D\u00c9GRAD\u00c9 37.0002\" src=\"https:\/\/transfer.langyarns.com\/Yarn\/37\/37_0002_LANGYARNS_Merino120Degrade_200_C.jpg\" alt=\"MERINO 120 D\u00c9GRAD\u00c9 37.0002\" \/><\/div>\n<\/div>\n<\/div>\n<div class=\"item\">\n<div id=\"itemArticleColor_37_0001\" class=\"item articleColor onclick\">\n<div class=\"image onclick\"><img decoding=\"async\" class=\"img\" title=\"MERINO 120 D\u00c9GRAD\u00c9 37.0001\" src=\"https:\/\/transfer.langyarns.com\/Yarn\/37\/37_0001_LANGYARNS_Merino120Degrade_200_C.jpg\" alt=\"MERINO 120 D\u00c9GRAD\u00c9 37.0001\" \/><\/div>\n<\/div>\n<\/div>\n<\/div>\n<\/div>\n<div class=\"articleLink\"><a class=\"link pdf\" href=\"https:\/\/www.langyarns.com\/userfiles\/file\/generated\/37B.pdf\" target=\"_blank\" rel=\"noopener\">FARBKARTE PDF<\/a><\/div>\n<\/div>\n<div class=\"detailItemArticleColor\">\n<div class=\"detailItemArticleColorTitle\"><\/div>\n<\/div>\n<\/div>\n<\/div>\n<\/div>\n<\/div>\n<\/div>\n<div class=\"detailItemArticleColor\">\n<div class=\"detailItemArticleColorTitle\"><\/div>\n<\/div>\n<div class=\"detailItemArticleColor\">\n<div class=\"detailItemArticleColorTitle\"><\/div>\n<\/div>\n<div class=\"detailItemArticleColor\">\n<div class=\"detailItemArticleColorTitle\"><\/div>\n<\/div>\n<div class=\"detailItemArticleColor\">\n<div class=\"detailItemArticleColorTitle\"><\/div>\n<\/div>\n<div class=\"detailItemArticleColor\"><\/div>\n<div class=\"detailItemArticleColor\">\n<div class=\"detailItemArticleColorTitle\"><\/div>\n<\/div>\n<div class=\"detailItemArticleColor\">\n<div class=\"detailItemArticleColorTitle\"><\/div>\n<\/div>\n<div class=\"detailItemArticleColor\">\n<div class=\"detailItemArticleColorImage\"><\/div>\n<\/div>\n<\/div>\n","protected":false},"excerpt":{"rendered":"<p>Strickrezept 01-018 ohne Nadel, k\u00f6nnen dazu bestellt werden.<\/p>\n<p>Die Neuheit Merino 120 degrad\u00e9 Fr. 76.&#8211;<\/p>\n<p>Fertige Decke 85cm x 70cm<\/p>\n<p>Material und Strickrezept ohne Stricknadeln. Rundstricknadeln 4.0 &#8211; 4.5 80cm &#8211; 100cm<\/p>\n<p>Bedrucktes multicolor Merinogarn aus feiner australischer Merinowolle. Hergestellt aus erstklassiger Rohwolle mit dem ganzen Know How langj\u00e4hriger Erfahrung ist die LANGYARNS MERINO ein phantastisches Garn f\u00fcr s\u00e4mtliche hochwertigen Strickarbeiten &#8211; ein klassisches Garn f\u00fcr nicht nur klassische Teile!<\/p>\n<p>&nbsp;<\/p>\n","protected":false},"featured_media":3682,"template":"","meta":[],"product_brand":[],"product_cat":[25],"product_tag":[],"class_list":{"0":"post-744","1":"product","2":"type-product","3":"status-publish","4":"has-post-thumbnail","6":"product_cat-strickpackungen","8":"first","9":"instock","10":"shipping-taxable","11":"purchasable","12":"product-type-variable"},"_links":{"self":[{"href":"https:\/\/www.wullaestuebli.ch\/wordpress\/wp-json\/wp\/v2\/product\/744","targetHints":{"allow":["GET"]}}],"collection":[{"href":"https:\/\/www.wullaestuebli.ch\/wordpress\/wp-json\/wp\/v2\/product"}],"about":[{"href":"https:\/\/www.wullaestuebli.ch\/wordpress\/wp-json\/wp\/v2\/types\/product"}],"wp:featuredmedia":[{"embeddable":true,"href":"https:\/\/www.wullaestuebli.ch\/wordpress\/wp-json\/wp\/v2\/media\/3682"}],"wp:attachment":[{"href":"https:\/\/www.wullaestuebli.ch\/wordpress\/wp-json\/wp\/v2\/media?parent=744"}],"wp:term":[{"taxonomy":"product_brand","embeddable":true,"href":"https:\/\/www.wullaestuebli.ch\/wordpress\/wp-json\/wp\/v2\/product_brand?post=744"},{"taxonomy":"product_cat","embeddable":true,"href":"https:\/\/www.wullaestuebli.ch\/wordpress\/wp-json\/wp\/v2\/product_cat?post=744"},{"taxonomy":"product_tag","embeddable":true,"href":"https:\/\/www.wullaestuebli.ch\/wordpress\/wp-json\/wp\/v2\/product_tag?post=744"}],"curies":[{"name":"wp","href":"https:\/\/api.w.org\/{rel}","templated":true}]}}