{"id":4715,"date":"2025-08-20T16:54:48","date_gmt":"2025-08-20T14:54:48","guid":{"rendered":"https:\/\/www.wullaestuebli.ch\/wordpress\/?post_type=product&#038;p=4715"},"modified":"2025-08-20T17:05:49","modified_gmt":"2025-08-20T15:05:49","slug":"kravatten-taschen-gefuettert","status":"publish","type":"product","link":"https:\/\/www.wullaestuebli.ch\/wordpress\/produkt\/kravatten-taschen-gefuettert\/","title":{"rendered":"Kravatten-Taschen gef\u00fcttert"},"content":{"rendered":"<p>L\u00e4nge 41cm<br \/>\nBreite 37cm<br \/>\nH\u00e4nkell\u00e4nge 37cm<br \/>\nwaschbar 40\u00b0<\/p>\n","protected":false},"excerpt":{"rendered":"<p>L\u00e4nge 41cm Breite 37cm H\u00e4nkell\u00e4nge 37cm waschbar 40\u00b0<\/p>\n","protected":false},"featured_media":4717,"template":"","meta":[],"product_brand":[],"product_cat":[19],"product_tag":[146,99,147],"class_list":{"0":"post-4715","1":"product","2":"type-product","3":"status-publish","4":"has-post-thumbnail","6":"product_cat-geschenke","7":"product_tag-kravatten","8":"product_tag-taschen","9":"product_tag-umhaengen","11":"first","12":"instock","13":"shipping-taxable","14":"purchasable","15":"product-type-variable"},"_links":{"self":[{"href":"https:\/\/www.wullaestuebli.ch\/wordpress\/wp-json\/wp\/v2\/product\/4715","targetHints":{"allow":["GET"]}}],"collection":[{"href":"https:\/\/www.wullaestuebli.ch\/wordpress\/wp-json\/wp\/v2\/product"}],"about":[{"href":"https:\/\/www.wullaestuebli.ch\/wordpress\/wp-json\/wp\/v2\/types\/product"}],"wp:featuredmedia":[{"embeddable":true,"href":"https:\/\/www.wullaestuebli.ch\/wordpress\/wp-json\/wp\/v2\/media\/4717"}],"wp:attachment":[{"href":"https:\/\/www.wullaestuebli.ch\/wordpress\/wp-json\/wp\/v2\/media?parent=4715"}],"wp:term":[{"taxonomy":"product_brand","embeddable":true,"href":"https:\/\/www.wullaestuebli.ch\/wordpress\/wp-json\/wp\/v2\/product_brand?post=4715"},{"taxonomy":"product_cat","embeddable":true,"href":"https:\/\/www.wullaestuebli.ch\/wordpress\/wp-json\/wp\/v2\/product_cat?post=4715"},{"taxonomy":"product_tag","embeddable":true,"href":"https:\/\/www.wullaestuebli.ch\/wordpress\/wp-json\/wp\/v2\/product_tag?post=4715"}],"curies":[{"name":"wp","href":"https:\/\/api.w.org\/{rel}","templated":true}]}}