{"id":4673,"date":"2025-07-05T17:45:28","date_gmt":"2025-07-05T15:45:28","guid":{"rendered":"https:\/\/www.wullaestuebli.ch\/wordpress\/?post_type=product&#038;p=4673"},"modified":"2025-07-05T17:45:41","modified_gmt":"2025-07-05T15:45:41","slug":"nomad","status":"publish","type":"product","link":"https:\/\/www.wullaestuebli.ch\/wordpress\/produkt\/nomad\/","title":{"rendered":"Nomad"},"content":{"rendered":"<div class=\"head\">\n<h1 class=\"title\">NOMAD<span class=\"contentLight\">\u00a0|\u00a0<span id=\"articleNumber\">1166.0043<\/span><\/span><\/h1>\n<\/div>\n<div class=\"content\">\n<p>Inspiriert durch die nomadischen Traditionen der Yak-Haltung sowie die mobile Natur und reiche Geschichte des Strickens und H\u00e4kelns verk\u00f6rpert NOMAD den Geist von Bewegung und Kreativit\u00e4t. Genau wie Nomaden ihr Leben mit sich tragen, k\u00f6nnen Sie als Strickerin und H\u00e4klerin NOMAD \u00fcberallhin mitnehmen und zeitlose St\u00fccke schaffen, die von Tradition und Abenteuer erz\u00e4hlen.<\/p>\n<p>Die naturbelassenen Yak-Fasern verleihen dem Garn den charakteristischen grau-braunen Unterton, der die urspr\u00fcngliche Sch\u00f6nheit der Fasern unterstreicht.<\/p>\n<\/div>\n<div class=\"attributes\">\n<div class=\"item\">\n<div class=\"label\">Zusammensetzung<\/div>\n<div class=\"value\">85% Schurwolle (Extrafine &#8211; mulesing free)<br \/>\n15% Yak<\/div>\n<\/div>\n<div class=\"item\">\n<div class=\"label\">Laufl\u00e4nge<\/div>\n<div class=\"value\">\u223c125m\u00a0\/\u00a025g<\/div>\n<\/div>\n<div class=\"item\">\n<div class=\"label\">Nadel-Nr.<\/div>\n<div class=\"value\">\u00d8 4-4\u00bd mm<\/div>\n<\/div>\n<div class=\"item\">\n<div class=\"label\">Garnst\u00e4rke<\/div>\n<div class=\"value\">Sport<\/div>\n<\/div>\n<div class=\"item\">\n<div class=\"label\">Pflegemerkmale<\/div>\n<div class=\"value\"><img decoding=\"async\" src=\"https:\/\/www.langyarns.com\/userfiles\/image\/symbole\/W_15.png\" \/>\u00a0<img decoding=\"async\" src=\"https:\/\/www.langyarns.com\/userfiles\/image\/symbole\/C_36.png\" \/>\u00a0<img decoding=\"async\" src=\"https:\/\/www.langyarns.com\/userfiles\/image\/symbole\/T_59.png\" \/>\u00a0<img decoding=\"async\" src=\"https:\/\/www.langyarns.com\/userfiles\/image\/symbole\/B_40.png\" \/>\u00a0<img decoding=\"async\" src=\"https:\/\/www.langyarns.com\/userfiles\/image\/symbole\/R_44.png\" \/><br \/>\nFeinwaschmittel ohne Weichsp\u00fcler verwenden.<\/div>\n<\/div>\n<div class=\"item\">\n<div class=\"label\">Maschenprobe<br \/>\n<span class=\"contentLight\">10 x 10 cm<\/span><\/div>\n<div class=\"value\">\n<div class=\"layerGauge\">\n<div class=\"layerGaugeRight\"><\/div>\n<div class=\"layerGaugeBottom\"><\/div>\n<div class=\"layerGaugeRightValue\">38<\/div>\n<div class=\"layerGaugeBottomValue\">26<\/div>\n<div class=\"layerGaugeBottomValue\"><span style=\"color: #252525; font-family: Rambla, 'SF Pro Text', Frutiger, 'Frutiger Linotype', Univers, Calibri, 'Gill Sans', 'Gill Sans MT', 'Myriad Pro', Myriad, 'DejaVu Sans Condensed', 'Liberation Sans', 'Nimbus Sans L', Tahoma, Geneva, 'Helvetica Neue', Helvetica, Arial, sans-serif; font-size: 2rem; letter-spacing: 0.1em; text-transform: uppercase;\">FArBEN<\/span><\/div>\n<\/div>\n<\/div>\n<\/div>\n<\/div>\n<div class=\"article\">\n<div class=\"list\">\n<div class=\"item\">\n<div id=\"itemArticleColor_1166_0043\" class=\"item articleColor onclick\">\n<div class=\"image onclick\"><img decoding=\"async\" class=\"img\" title=\"NOMAD 1166.0043\" src=\"https:\/\/transfer.langyarns.com\/Yarn\/1166\/1166_0043_LANGYARNS_Nomad_200_C.jpg\" alt=\"NOMAD 1166.0043\" \/><\/div>\n<div class=\"flag trend\">Trend<\/div>\n<\/div>\n<\/div>\n<div class=\"item\">\n<div id=\"itemArticleColor_1166_0059\" class=\"item articleColor onclick\">\n<div class=\"image onclick\"><img decoding=\"async\" class=\"img\" title=\"NOMAD 1166.0059\" src=\"https:\/\/transfer.langyarns.com\/Yarn\/1166\/1166_0059_LANGYARNS_Nomad_200_C.jpg\" alt=\"NOMAD 1166.0059\" \/><\/div>\n<\/div>\n<\/div>\n<div class=\"item\">\n<div id=\"itemArticleColor_1166_0009\" class=\"item articleColor onclick\">\n<div class=\"image onclick\"><img decoding=\"async\" class=\"img\" title=\"NOMAD 1166.0009\" src=\"https:\/\/transfer.langyarns.com\/Yarn\/1166\/1166_0009_LANGYARNS_Nomad_200_C.jpg\" alt=\"NOMAD 1166.0009\" \/><\/div>\n<\/div>\n<\/div>\n<div class=\"item\">\n<div id=\"itemArticleColor_1166_0047\" class=\"item articleColor onclick\">\n<div class=\"image onclick\"><img decoding=\"async\" class=\"img\" title=\"NOMAD 1166.0047\" src=\"https:\/\/transfer.langyarns.com\/Yarn\/1166\/1166_0047_LANGYARNS_Nomad_200_C.jpg\" alt=\"NOMAD 1166.0047\" \/><\/div>\n<\/div>\n<\/div>\n<div class=\"item\">\n<div id=\"itemArticleColor_1166_0046\" class=\"item articleColor onclick\">\n<div class=\"image onclick\"><img decoding=\"async\" class=\"img\" title=\"NOMAD 1166.0046\" src=\"https:\/\/transfer.langyarns.com\/Yarn\/1166\/1166_0046_LANGYARNS_Nomad_200_C.jpg\" alt=\"NOMAD 1166.0046\" \/><\/div>\n<div class=\"flag trend\">Trend<\/div>\n<\/div>\n<\/div>\n<div class=\"item\">\n<div id=\"itemArticleColor_1166_0021\" class=\"item articleColor onclick\">\n<div class=\"image onclick\"><img decoding=\"async\" class=\"img\" title=\"NOMAD 1166.0021\" src=\"https:\/\/transfer.langyarns.com\/Yarn\/1166\/1166_0021_LANGYARNS_Nomad_200_C.jpg\" alt=\"NOMAD 1166.0021\" \/><\/div>\n<div class=\"flag trend\">Trend<\/div>\n<\/div>\n<\/div>\n<div class=\"item\">\n<div id=\"itemArticleColor_1166_0025\" class=\"item articleColor onclick\">\n<div class=\"image onclick\"><img decoding=\"async\" class=\"img\" title=\"NOMAD 1166.0025\" src=\"https:\/\/transfer.langyarns.com\/Yarn\/1166\/1166_0025_LANGYARNS_Nomad_200_C.jpg\" alt=\"NOMAD 1166.0025\" \/><\/div>\n<\/div>\n<\/div>\n<div class=\"item\">\n<div id=\"itemArticleColor_1166_0024\" class=\"item articleColor onclick\">\n<div class=\"image onclick\"><img decoding=\"async\" class=\"img\" title=\"NOMAD 1166.0024\" src=\"https:\/\/transfer.langyarns.com\/Yarn\/1166\/1166_0024_LANGYARNS_Nomad_200_C.jpg\" alt=\"NOMAD 1166.0024\" \/><\/div>\n<\/div>\n<\/div>\n<div class=\"item\">\n<div id=\"itemArticleColor_1166_0039\" class=\"item articleColor onclick\">\n<div class=\"image onclick\"><img decoding=\"async\" class=\"img\" title=\"NOMAD 1166.0039\" src=\"https:\/\/transfer.langyarns.com\/Yarn\/1166\/1166_0039_LANGYARNS_Nomad_200_C.jpg\" alt=\"NOMAD 1166.0039\" \/><\/div>\n<\/div>\n<\/div>\n<div class=\"item\">\n<div id=\"itemArticleColor_1166_0068\" class=\"item articleColor onclick\">\n<div class=\"image onclick\"><img decoding=\"async\" class=\"img\" title=\"NOMAD 1166.0068\" src=\"https:\/\/transfer.langyarns.com\/Yarn\/1166\/1166_0068_LANGYARNS_Nomad_200_C.jpg\" alt=\"NOMAD 1166.0068\" \/><\/div>\n<\/div>\n<\/div>\n<div class=\"item\">\n<div id=\"itemArticleColor_1166_0097\" class=\"item articleColor onclick\">\n<div class=\"image onclick\"><img decoding=\"async\" class=\"img\" title=\"NOMAD 1166.0097\" src=\"https:\/\/transfer.langyarns.com\/Yarn\/1166\/1166_0097_LANGYARNS_Nomad_200_C.jpg\" alt=\"NOMAD 1166.0097\" \/><\/div>\n<div class=\"flag trend\">Trend<\/div>\n<\/div>\n<\/div>\n<div class=\"item\">\n<div id=\"itemArticleColor_1166_0017\" class=\"item articleColor onclick\">\n<div class=\"image onclick\"><img decoding=\"async\" class=\"img\" title=\"NOMAD 1166.0017\" src=\"https:\/\/transfer.langyarns.com\/Yarn\/1166\/1166_0017_LANGYARNS_Nomad_200_C.jpg\" alt=\"NOMAD 1166.0017\" \/><\/div>\n<div class=\"flag trend\">Trend<\/div>\n<\/div>\n<\/div>\n<div class=\"item\">\n<div id=\"itemArticleColor_1166_0018\" class=\"item articleColor onclick\">\n<div class=\"image onclick\"><img decoding=\"async\" class=\"img\" title=\"NOMAD 1166.0018\" src=\"https:\/\/transfer.langyarns.com\/Yarn\/1166\/1166_0018_LANGYARNS_Nomad_200_C.jpg\" alt=\"NOMAD 1166.0018\" \/><\/div>\n<\/div>\n<\/div>\n<div class=\"item\">\n<div id=\"itemArticleColor_1166_0004\" class=\"item articleColor onclick\">\n<div class=\"image onclick\"><img decoding=\"async\" class=\"img\" title=\"NOMAD 1166.0004\" src=\"https:\/\/transfer.langyarns.com\/Yarn\/1166\/1166_0004_LANGYARNS_Nomad_200_C.jpg\" alt=\"NOMAD 1166.0004\" \/><\/div>\n<\/div>\n<\/div>\n<\/div>\n<\/div>\n<div class=\"articleLink\"><a class=\"link pdf\" href=\"https:\/\/www.langyarns.com\/userfiles\/file\/generated\/1166B.pdf\" target=\"_blank\" rel=\"noopener\">Farbkarte PDF<\/a><\/div>\n","protected":false},"excerpt":{"rendered":"<p>Die naturbelassenen Yak-Fasern verleihen dem Garn den charakteristischen grau-braunen Unterton, der die urspr\u00fcngliche Sch\u00f6nheit der Fasern unterstreicht.<\/p>\n","protected":false},"featured_media":4679,"template":"","meta":[],"product_brand":[],"product_cat":[16],"product_tag":[],"class_list":{"0":"post-4673","1":"product","2":"type-product","3":"status-publish","4":"has-post-thumbnail","6":"product_cat-wolle","8":"first","9":"instock","10":"shipping-taxable","11":"purchasable","12":"product-type-variable"},"_links":{"self":[{"href":"https:\/\/www.wullaestuebli.ch\/wordpress\/wp-json\/wp\/v2\/product\/4673","targetHints":{"allow":["GET"]}}],"collection":[{"href":"https:\/\/www.wullaestuebli.ch\/wordpress\/wp-json\/wp\/v2\/product"}],"about":[{"href":"https:\/\/www.wullaestuebli.ch\/wordpress\/wp-json\/wp\/v2\/types\/product"}],"wp:featuredmedia":[{"embeddable":true,"href":"https:\/\/www.wullaestuebli.ch\/wordpress\/wp-json\/wp\/v2\/media\/4679"}],"wp:attachment":[{"href":"https:\/\/www.wullaestuebli.ch\/wordpress\/wp-json\/wp\/v2\/media?parent=4673"}],"wp:term":[{"taxonomy":"product_brand","embeddable":true,"href":"https:\/\/www.wullaestuebli.ch\/wordpress\/wp-json\/wp\/v2\/product_brand?post=4673"},{"taxonomy":"product_cat","embeddable":true,"href":"https:\/\/www.wullaestuebli.ch\/wordpress\/wp-json\/wp\/v2\/product_cat?post=4673"},{"taxonomy":"product_tag","embeddable":true,"href":"https:\/\/www.wullaestuebli.ch\/wordpress\/wp-json\/wp\/v2\/product_tag?post=4673"}],"curies":[{"name":"wp","href":"https:\/\/api.w.org\/{rel}","templated":true}]}}