{"id":4575,"date":"2025-03-15T13:29:10","date_gmt":"2025-03-15T12:29:10","guid":{"rendered":"https:\/\/www.wullaestuebli.ch\/wordpress\/?post_type=product&#038;p=4575"},"modified":"2025-03-15T15:21:22","modified_gmt":"2025-03-15T14:21:22","slug":"4575","status":"publish","type":"product","link":"https:\/\/www.wullaestuebli.ch\/wordpress\/produkt\/4575\/","title":{"rendered":"Baby M\u00fctzchen Baby-Cotton naturally colored"},"content":{"rendered":"<p><span style=\"color: #262526; font-family: Rambla; font-size: 2.9375rem; letter-spacing: 0.1em; text-transform: uppercase;\">BABY COTTON NATURALLY COLORED<\/span><span class=\"contentLight\" style=\"color: #262526; font-family: Rambla; font-size: 2.9375rem; letter-spacing: 0.1em; text-transform: uppercase;\">\u00a0|\u00a0<span id=\"articleNumber\">1157.0007<\/span><\/span><\/p>\n<div class=\"list\">\n<div class=\"item right\">\n<div class=\"content\">\n<p>Die Basis f\u00fcr BABY COTTON NATURALLY COLORED sind, wie der Name schon sagt, Baumwollfasern, welche in farbig wachsen, und nicht gef\u00e4rbt werden.<\/p>\n<p>Nat\u00fcrlich gef\u00e4rbte Baumwolle wird in drei verschiedenen T\u00f6nen \u2013 gr\u00fcn, ivory und braun \u2013 angebaut, dies aus Saatgut von Sorten, welche aufgrund der intensiven Produktion und Nachfrage nach Ecru-Baumwolle jahrzehntelang in Vergessenheit geraten waren. Das daraus resultierende hochwertige Garn kann im Vergleich zu herk\u00f6mmlicher Baumwolle bis zu 90% Wasser einsparen.<\/p>\n<p>Da die Farbe gewachsen und nicht gef\u00e4rbt ist, ist sie weniger Chemikalien ausgesetzt, die die Haut reizen k\u00f6nnten, was dieses Garn besonders gut f\u00fcr Babys und Menschen mit empfindlicher Haut macht, aber nat\u00fcrlich nicht nur.<\/p>\n<p>Wir bieten Ihnen eine Farbpalette von 7 Farben an, welche alle durch das Verzwirnen der drei Grundfarben gr\u00fcn, ivory und braun entstehen.<\/p>\n<p><b>Hintergr\u00fcnde:<\/b><\/p>\n<p>Inspiriert von ethischen und nachhaltigen Projekten begann Santi Mallorqu\u00ed\u2019Gou, der CEO von OCC (Organic Cotton Colours), 1992 in Nordostbrasilien mit dem Anbau von nat\u00fcrlich gef\u00e4rbten Baumwollfasern. Seitdem ist das Projekt auf \u00fcber 400 landwirtschaftliche Familien angewachsen.<\/p>\n<p>Allen Projektmitgliedern und ihren Familien wird wirtschaftliche Stabilit\u00e4t geboten. Zus\u00e4tzlich werden 10% des Wertes der Baumwolle in die Verbesserung der Produktionssysteme innerhalb der Gemeinschaft reinvestiert.<\/p>\n<p>Mit dem Fokus auf regenerative Landwirtschaftspraktiken w\u00e4chst diese Baumwolle zusammen mit bis zu f\u00fcnf Nahrungsmitteln, welche eine nat\u00fcrliche N\u00e4hrstoffquelle f\u00fcr den Boden schaffen. Der Prozess ist frei von Pestiziden und Maschinen, verwendet keine GVO-Samen und verl\u00e4sst sich ausschlie\u00dflich auf Regenwasser zur Bew\u00e4sserung.<\/p>\n<p><b>Hinweis:<\/b><\/p>\n<p>Die Farben dieses Garns k\u00f6nnen aufgrund seiner nat\u00fcrlichen Beschaffenheit bei direkter Sonneneinstrahlung verblassen. Um die Farbbest\u00e4ndigkeit zu gew\u00e4hrleisten, vermeiden Sie es, die Kn\u00e4uel oder fertigen Projekte bei Nichtgebrauch direkter Sonneneinstrahlung auszusetzen.<\/p>\n<\/div>\n<div class=\"attributes\">\n<div class=\"item\">\n<div class=\"label\">Zusammensetzung<\/div>\n<div class=\"value\">100% Baumwolle (Organic)<\/div>\n<\/div>\n<div class=\"item\">\n<div class=\"label\">Laufl\u00e4nge<\/div>\n<div class=\"value\">\u223c180m\u00a0\/\u00a050g<\/div>\n<\/div>\n<div class=\"item\">\n<div class=\"label\">Nadel-Nr.<\/div>\n<div class=\"value\">\u00d8 2\u00bd-3 mm<\/div>\n<\/div>\n<div class=\"item\">\n<div class=\"label\">Garnst\u00e4rke<\/div>\n<div class=\"value\">Sport<\/div>\n<\/div>\n<div class=\"item\">\n<div class=\"label\">Pflegemerkmale<\/div>\n<div class=\"value\"><img decoding=\"async\" src=\"https:\/\/www.langyarns.com\/userfiles\/image\/symbole\/W_14.png\" \/>\u00a0<img decoding=\"async\" src=\"https:\/\/www.langyarns.com\/userfiles\/image\/symbole\/C_36.png\" \/>\u00a0<img decoding=\"async\" src=\"https:\/\/www.langyarns.com\/userfiles\/image\/symbole\/T_59.png\" \/>\u00a0<img decoding=\"async\" src=\"https:\/\/www.langyarns.com\/userfiles\/image\/symbole\/B_40.png\" \/>\u00a0<img decoding=\"async\" src=\"https:\/\/www.langyarns.com\/userfiles\/image\/symbole\/R_44.png\" \/><br \/>\nFeinwaschmittel verwenden.<\/div>\n<\/div>\n<div class=\"item\">\n<div class=\"label\">Maschenprobe<br \/>\n<span class=\"contentLight\">10 x 10 cm<\/span><\/div>\n<div class=\"value\">\n<div class=\"layerGauge\">\n<div class=\"layerGaugeRight\"><\/div>\n<div class=\"layerGaugeBottom\"><\/div>\n<div class=\"layerGaugeRightValue\">34<\/div>\n<div class=\"layerGaugeBottomValue\">25<\/div>\n<\/div>\n<div class=\"clear\"><span style=\"color: #262526; font-family: Rambla; font-size: 2rem; letter-spacing: 0.1em; text-transform: uppercase; font-weight: inherit;\">FARBEN<\/span><\/div>\n<\/div>\n<\/div>\n<\/div>\n<div class=\"article\">\n<div class=\"list\">\n<div class=\"item\">\n<div id=\"itemArticleColor_1157_0007\" class=\"item articleColor onclick\">\n<div class=\"image onclick\"><img decoding=\"async\" class=\"img\" title=\"BABY COTTON NATURALLY COLORED 1157.0007\" src=\"https:\/\/transfer.langyarns.com\/Yarn\/1157\/1157_0007_LANGYARNS_BabyCottonNaturallyColored_200_C.jpg\" alt=\"BABY COTTON NATURALLY COLORED 1157.0007\" \/><\/div>\n<\/div>\n<\/div>\n<div class=\"item\">\n<div id=\"itemArticleColor_1157_0006\" class=\"item articleColor onclick\">\n<div class=\"image onclick\"><img decoding=\"async\" class=\"img\" title=\"BABY COTTON NATURALLY COLORED 1157.0006\" src=\"https:\/\/transfer.langyarns.com\/Yarn\/1157\/1157_0006_LANGYARNS_BabyCottonNaturallyColored_200_C.jpg\" alt=\"BABY COTTON NATURALLY COLORED 1157.0006\" \/><\/div>\n<\/div>\n<\/div>\n<div class=\"item\">\n<div id=\"itemArticleColor_1157_0005\" class=\"item articleColor onclick\">\n<div class=\"image onclick\"><img decoding=\"async\" class=\"img\" title=\"BABY COTTON NATURALLY COLORED 1157.0005\" src=\"https:\/\/transfer.langyarns.com\/Yarn\/1157\/1157_0005_LANGYARNS_BabyCottonNaturallyColored_200_C.jpg\" alt=\"BABY COTTON NATURALLY COLORED 1157.0005\" \/><\/div>\n<\/div>\n<\/div>\n<div class=\"item\">\n<div id=\"itemArticleColor_1157_0004\" class=\"item articleColor onclick\">\n<div class=\"image onclick\"><img decoding=\"async\" class=\"img\" title=\"BABY COTTON NATURALLY COLORED 1157.0004\" src=\"https:\/\/transfer.langyarns.com\/Yarn\/1157\/1157_0004_LANGYARNS_BabyCottonNaturallyColored_200_C.jpg\" alt=\"BABY COTTON NATURALLY COLORED 1157.0004\" \/><\/div>\n<\/div>\n<\/div>\n<div class=\"item\">\n<div id=\"itemArticleColor_1157_0003\" class=\"item articleColor onclick\">\n<div class=\"image onclick\"><img decoding=\"async\" class=\"img\" title=\"BABY COTTON NATURALLY COLORED 1157.0003\" src=\"https:\/\/transfer.langyarns.com\/Yarn\/1157\/1157_0003_LANGYARNS_BabyCottonNaturallyColored_200_C.jpg\" alt=\"BABY COTTON NATURALLY COLORED 1157.0003\" \/><\/div>\n<\/div>\n<\/div>\n<div class=\"item\">\n<div id=\"itemArticleColor_1157_0002\" class=\"item articleColor onclick\">\n<div class=\"image onclick\"><img decoding=\"async\" class=\"img\" title=\"BABY COTTON NATURALLY COLORED 1157.0002\" src=\"https:\/\/transfer.langyarns.com\/Yarn\/1157\/1157_0002_LANGYARNS_BabyCottonNaturallyColored_200_C.jpg\" alt=\"BABY COTTON NATURALLY COLORED 1157.0002\" \/><\/div>\n<\/div>\n<\/div>\n<div class=\"item\">\n<div id=\"itemArticleColor_1157_0001\" class=\"item articleColor onclick\">\n<div class=\"image onclick\"><img decoding=\"async\" class=\"img\" title=\"BABY COTTON NATURALLY COLORED 1157.0001\" src=\"https:\/\/transfer.langyarns.com\/Yarn\/1157\/1157_0001_LANGYARNS_BabyCottonNaturallyColored_200_C.jpg\" alt=\"BABY COTTON NATURALLY COLORED 1157.0001\" \/><\/div>\n<\/div>\n<\/div>\n<\/div>\n<\/div>\n<div class=\"articleLink\"><a class=\"link pdf\" href=\"https:\/\/www.langyarns.com\/userfiles\/file\/generated\/1157B.pdf\" target=\"_blank\" rel=\"noopener\">Farbkarte PDF<\/a><\/div>\n<\/div>\n<\/div>\n","protected":false},"excerpt":{"rendered":"<p>Strickpackung in drei Gr\u00f6ssen Nr. 016-01<br \/>\nMaterial und Strickanleitung, Nadel auf Wusch lieferbar.<br \/>\n2.5 oder 3.0<br \/>\n1 Kn\u00e4uel Baby-Cotton<\/p>\n","protected":false},"featured_media":4572,"template":"","meta":[],"product_brand":[],"product_cat":[25],"product_tag":[],"class_list":{"0":"post-4575","1":"product","2":"type-product","3":"status-publish","4":"has-post-thumbnail","6":"product_cat-strickpackungen","8":"first","9":"instock","10":"shipping-taxable","11":"purchasable","12":"product-type-variable"},"_links":{"self":[{"href":"https:\/\/www.wullaestuebli.ch\/wordpress\/wp-json\/wp\/v2\/product\/4575","targetHints":{"allow":["GET"]}}],"collection":[{"href":"https:\/\/www.wullaestuebli.ch\/wordpress\/wp-json\/wp\/v2\/product"}],"about":[{"href":"https:\/\/www.wullaestuebli.ch\/wordpress\/wp-json\/wp\/v2\/types\/product"}],"wp:featuredmedia":[{"embeddable":true,"href":"https:\/\/www.wullaestuebli.ch\/wordpress\/wp-json\/wp\/v2\/media\/4572"}],"wp:attachment":[{"href":"https:\/\/www.wullaestuebli.ch\/wordpress\/wp-json\/wp\/v2\/media?parent=4575"}],"wp:term":[{"taxonomy":"product_brand","embeddable":true,"href":"https:\/\/www.wullaestuebli.ch\/wordpress\/wp-json\/wp\/v2\/product_brand?post=4575"},{"taxonomy":"product_cat","embeddable":true,"href":"https:\/\/www.wullaestuebli.ch\/wordpress\/wp-json\/wp\/v2\/product_cat?post=4575"},{"taxonomy":"product_tag","embeddable":true,"href":"https:\/\/www.wullaestuebli.ch\/wordpress\/wp-json\/wp\/v2\/product_tag?post=4575"}],"curies":[{"name":"wp","href":"https:\/\/api.w.org\/{rel}","templated":true}]}}