{"id":4548,"date":"2025-03-13T17:38:54","date_gmt":"2025-03-13T16:38:54","guid":{"rendered":"https:\/\/www.wullaestuebli.ch\/wordpress\/?post_type=product&#038;p=4548"},"modified":"2026-03-10T10:09:13","modified_gmt":"2026-03-10T09:09:13","slug":"sommerschal-siempre","status":"publish","type":"product","link":"https:\/\/www.wullaestuebli.ch\/wordpress\/produkt\/sommerschal-siempre\/","title":{"rendered":"Sommerschal Siempre"},"content":{"rendered":"<div class=\"head\">\n<h1 class=\"title\">SIEMPRE<span class=\"contentLight\">\u00a0|\u00a0<span id=\"articleNumber\">1136.0006<\/span><\/span><\/h1>\n<\/div>\n<div class=\"content\">\n<p>Mit leichten Farbschattierungen und dezenten Glanz, eignet sich SIEMPRE perfekt, um einem Basic-Teil oder einer Fl\u00e4che rechter Maschen das gewisse etwas zu verleihen. Machen Sie sich das Leben einfach und lassen Sie das Garn f\u00fcr sich arbeiten!<\/p>\n<p>Eine Mischung aus klassischer Baumwolle und Cupro, einer Viskose, welche aus Baumwoll-Linter, einem Abfallprodukt der Baumwollindustrie hergestellt wird, \u00fcberzeugt SIEMPRE mit weichem Griff und einer Ton-in-Ton Handf\u00e4rbung. Gerne auch als vegane Seide bezeichnet, verleiht Cupro dem Garn zudem einen schimmernden, k\u00fchlenden Touch und ergibt verarbeitet fliessende und knitterarme St\u00fccke.<\/p>\n<\/div>\n<div class=\"attributes\">\n<div class=\"item\">\n<div class=\"label\">Zusammensetzung<\/div>\n<div class=\"value\">62% Baumwolle (Pima)<br \/>\n38% Cupro<\/div>\n<\/div>\n<div class=\"item\">\n<div class=\"label\">Laufl\u00e4nge<\/div>\n<div class=\"value\">\u223c340m\u00a0\/\u00a0100g<\/div>\n<\/div>\n<div class=\"item\">\n<div class=\"label\">Nadel-Nr.<\/div>\n<div class=\"value\">\u00d8 3\u00bd-4 mm<\/div>\n<\/div>\n<div class=\"item\">\n<div class=\"label\">Garnst\u00e4rke<\/div>\n<div class=\"value\">DK<\/div>\n<\/div>\n<div class=\"item\">\n<div class=\"label\">Pflegemerkmale<\/div>\n<div class=\"value\"><img decoding=\"async\" src=\"https:\/\/www.langyarns.com\/userfiles\/image\/symbole\/W_15.png\" \/>\u00a0<img decoding=\"async\" src=\"https:\/\/www.langyarns.com\/userfiles\/image\/symbole\/C_36.png\" \/>\u00a0<img decoding=\"async\" src=\"https:\/\/www.langyarns.com\/userfiles\/image\/symbole\/T_59.png\" \/>\u00a0<img decoding=\"async\" src=\"https:\/\/www.langyarns.com\/userfiles\/image\/symbole\/B_40.png\" \/>\u00a0<img decoding=\"async\" src=\"https:\/\/www.langyarns.com\/userfiles\/image\/symbole\/R_44.png\" \/><br \/>\nFeinwaschmittel ohne Weichsp\u00fcler verwenden.<\/div>\n<\/div>\n<div class=\"item\">\n<div class=\"label\">Maschenprobe<br \/>\n<span class=\"contentLight\">10 x 10 cm<\/span><\/div>\n<div class=\"value\">\n<div class=\"layerGauge\">\n<div class=\"layerGaugeRight\"><\/div>\n<div class=\"layerGaugeBottom\"><\/div>\n<div class=\"layerGaugeRightValue\">34<\/div>\n<div class=\"layerGaugeBottomValue\">24<\/div>\n<\/div>\n<\/div>\n<\/div>\n<\/div>\n<div class=\"article\">\n<div class=\"subtitle\">\n<h2>FARBEN<\/h2>\n<\/div>\n<div class=\"list\">\n<div class=\"item\">\n<div id=\"itemArticleColor_1136_0006\" class=\"item articleColor onclick\">\n<div class=\"image onclick\"><img decoding=\"async\" class=\"img\" title=\"SIEMPRE 1136.0006\" src=\"https:\/\/transfer.langyarns.com\/Yarn\/1136\/1136_0006_LANGYARNS_Siempre_200_C.jpg\" alt=\"SIEMPRE 1136.0006\" \/><\/div>\n<div class=\"flag new\">New<\/div>\n<div class=\"flag trend\">Trend<\/div>\n<\/div>\n<\/div>\n<div class=\"item\">\n<div id=\"itemArticleColor_1136_0048\" class=\"item articleColor onclick\">\n<div class=\"image onclick\"><img decoding=\"async\" class=\"img\" title=\"SIEMPRE 1136.0048\" src=\"https:\/\/transfer.langyarns.com\/Yarn\/1136\/1136_0048_LANGYARNS_Siempre_200_C.jpg\" alt=\"SIEMPRE 1136.0048\" \/><\/div>\n<div class=\"flag new\">New<\/div>\n<div class=\"flag trend\">Trend<\/div>\n<\/div>\n<\/div>\n<div class=\"item\">\n<div id=\"itemArticleColor_1136_0018\" class=\"item articleColor onclick\">\n<div class=\"image onclick\"><img decoding=\"async\" class=\"img\" title=\"SIEMPRE 1136.0018\" src=\"https:\/\/transfer.langyarns.com\/Yarn\/1136\/1136_0018_LANGYARNS_Siempre_200_C.jpg\" alt=\"SIEMPRE 1136.0018\" \/><\/div>\n<div class=\"flag new\">New<\/div>\n<div class=\"flag trend\">Trend<\/div>\n<\/div>\n<\/div>\n<div class=\"item\">\n<div id=\"itemArticleColor_1136_0074\" class=\"item articleColor onclick\">\n<div class=\"image onclick\"><img decoding=\"async\" class=\"img\" title=\"SIEMPRE 1136.0074\" src=\"https:\/\/transfer.langyarns.com\/Yarn\/1136\/1136_0074_LANGYARNS_Siempre_200_C.jpg\" alt=\"SIEMPRE 1136.0074\" \/><\/div>\n<\/div>\n<\/div>\n<div class=\"item\">\n<div id=\"itemArticleColor_1136_0028\" class=\"item articleColor onclick\">\n<div class=\"image onclick\"><img decoding=\"async\" class=\"img\" title=\"SIEMPRE 1136.0028\" src=\"https:\/\/transfer.langyarns.com\/Yarn\/1136\/1136_0028_LANGYARNS_Siempre_200_C.jpg\" alt=\"SIEMPRE 1136.0028\" \/><\/div>\n<\/div>\n<\/div>\n<div class=\"item\">\n<div id=\"itemArticleColor_1136_0090\" class=\"item articleColor onclick\">\n<div class=\"image onclick\"><img decoding=\"async\" class=\"img\" title=\"SIEMPRE 1136.0090\" src=\"https:\/\/transfer.langyarns.com\/Yarn\/1136\/1136_0090_LANGYARNS_Siempre_200_C.jpg\" alt=\"SIEMPRE 1136.0090\" \/><\/div>\n<\/div>\n<\/div>\n<div class=\"item\">\n<div id=\"itemArticleColor_1136_0016\" class=\"item articleColor onclick\">\n<div class=\"image onclick\"><img decoding=\"async\" class=\"img\" title=\"SIEMPRE 1136.0016\" src=\"https:\/\/transfer.langyarns.com\/Yarn\/1136\/1136_0016_LANGYARNS_Siempre_200_C.jpg\" alt=\"SIEMPRE 1136.0016\" \/><\/div>\n<\/div>\n<\/div>\n<div class=\"item\">\n<div id=\"itemArticleColor_1136_0088\" class=\"item articleColor onclick\">\n<div class=\"image onclick\"><img decoding=\"async\" class=\"img\" title=\"SIEMPRE 1136.0088\" src=\"https:\/\/transfer.langyarns.com\/Yarn\/1136\/1136_0088_LANGYARNS_Siempre_200_C.jpg\" alt=\"SIEMPRE 1136.0088\" \/><\/div>\n<\/div>\n<\/div>\n<div class=\"item\">\n<div id=\"itemArticleColor_1136_0046\" class=\"item articleColor onclick\">\n<div class=\"image onclick\"><img decoding=\"async\" class=\"img\" title=\"SIEMPRE 1136.0046\" src=\"https:\/\/transfer.langyarns.com\/Yarn\/1136\/1136_0046_LANGYARNS_Siempre_200_C.jpg\" alt=\"SIEMPRE 1136.0046\" \/><\/div>\n<\/div>\n<\/div>\n<div class=\"item\">\n<div id=\"itemArticleColor_1136_0059\" class=\"item articleColor onclick\">\n<div class=\"image onclick\"><img decoding=\"async\" class=\"img\" title=\"SIEMPRE 1136.0059\" src=\"https:\/\/transfer.langyarns.com\/Yarn\/1136\/1136_0059_LANGYARNS_Siempre_200_C.jpg\" alt=\"SIEMPRE 1136.0059\" \/><\/div>\n<\/div>\n<\/div>\n<div class=\"item\">\n<div id=\"itemArticleColor_1136_0013\" class=\"item articleColor onclick\">\n<div class=\"image onclick\"><img decoding=\"async\" class=\"img\" title=\"SIEMPRE 1136.0013\" src=\"https:\/\/transfer.langyarns.com\/Yarn\/1136\/1136_0013_LANGYARNS_Siempre_200_C.jpg\" alt=\"SIEMPRE 1136.0013\" \/><\/div>\n<div class=\"flag trend\">Trend<\/div>\n<\/div>\n<\/div>\n<div class=\"item\">\n<div id=\"itemArticleColor_1136_0005\" class=\"item articleColor onclick\">\n<div class=\"image onclick\"><img decoding=\"async\" class=\"img\" title=\"SIEMPRE 1136.0005\" src=\"https:\/\/transfer.langyarns.com\/Yarn\/1136\/1136_0005_LANGYARNS_Siempre_200_C.jpg\" alt=\"SIEMPRE 1136.0005\" \/><\/div>\n<\/div>\n<\/div>\n<\/div>\n<\/div>\n<div class=\"articleLink\"><a class=\"link pdf\" href=\"https:\/\/www.langyarns.com\/userfiles\/file\/generated\/1136B.pdf\" target=\"_blank\" rel=\"noopener\">Farbkarte PDF<\/a><\/div>\n","protected":false},"excerpt":{"rendered":"<p>Sommerschal Siempre<\/p>\n<p>Strickpackung Nr. 07-024, 2 Kn\u00e4uel Siempre.<br \/>\nStricknadeln 4.5, k\u00f6nnen separat bestellt werden.<br \/>\nL\u00e4nge ca. 190 cm, Breite ca. 32 cm<\/p>\n","protected":false},"featured_media":4550,"template":"","meta":[],"product_brand":[],"product_cat":[25],"product_tag":[105,143,142,35],"class_list":{"0":"post-4548","1":"product","2":"type-product","3":"status-publish","4":"has-post-thumbnail","6":"product_cat-strickpackungen","7":"product_tag-baumwolle","8":"product_tag-cupro","9":"product_tag-siempre","10":"product_tag-wolle","12":"first","13":"instock","14":"shipping-taxable","15":"purchasable","16":"product-type-variable"},"_links":{"self":[{"href":"https:\/\/www.wullaestuebli.ch\/wordpress\/wp-json\/wp\/v2\/product\/4548","targetHints":{"allow":["GET"]}}],"collection":[{"href":"https:\/\/www.wullaestuebli.ch\/wordpress\/wp-json\/wp\/v2\/product"}],"about":[{"href":"https:\/\/www.wullaestuebli.ch\/wordpress\/wp-json\/wp\/v2\/types\/product"}],"wp:featuredmedia":[{"embeddable":true,"href":"https:\/\/www.wullaestuebli.ch\/wordpress\/wp-json\/wp\/v2\/media\/4550"}],"wp:attachment":[{"href":"https:\/\/www.wullaestuebli.ch\/wordpress\/wp-json\/wp\/v2\/media?parent=4548"}],"wp:term":[{"taxonomy":"product_brand","embeddable":true,"href":"https:\/\/www.wullaestuebli.ch\/wordpress\/wp-json\/wp\/v2\/product_brand?post=4548"},{"taxonomy":"product_cat","embeddable":true,"href":"https:\/\/www.wullaestuebli.ch\/wordpress\/wp-json\/wp\/v2\/product_cat?post=4548"},{"taxonomy":"product_tag","embeddable":true,"href":"https:\/\/www.wullaestuebli.ch\/wordpress\/wp-json\/wp\/v2\/product_tag?post=4548"}],"curies":[{"name":"wp","href":"https:\/\/api.w.org\/{rel}","templated":true}]}}