{"id":4312,"date":"2024-08-24T12:58:31","date_gmt":"2024-08-24T10:58:31","guid":{"rendered":"https:\/\/www.wullaestuebli.ch\/wordpress\/?post_type=product&#038;p=4312"},"modified":"2025-03-13T19:13:40","modified_gmt":"2025-03-13T18:13:40","slug":"donegal-tweed","status":"publish","type":"product","link":"https:\/\/www.wullaestuebli.ch\/wordpress\/produkt\/donegal-tweed\/","title":{"rendered":"Donegal Tweed+"},"content":{"rendered":"<div class=\"head\">\n<h1 class=\"title\">DONEGAL TWEED+<span class=\"contentLight\">\u00a0|\u00a0<span id=\"articleNumber\">1143.0094<\/span><\/span><\/h1>\n<\/div>\n<div class=\"content\">\n<p>Wir stellen vor: die neueste Version unseres klassischen Tweed Garns \u2013 DONEGAL TWEED+.<\/p>\n<p>Dieses Garn, nach geschichtstr\u00e4chtiger Tradition in der Region Donegal in Irland gesponnen und gef\u00e4rbt, l\u00e4dt dazu ein, klassische St\u00fccke zu fertigen, die zu Erbst\u00fccken werden k\u00f6nnen. Da das Garn noch etwas Spinn\u00f6l enth\u00e4lt, offenbart sich nach dem Stricken und Waschen eine bemerkenswerte Verwandlung: Das Garn entfaltet sich, gewinnt an Volumen und erh\u00e4lt eine luxuri\u00f6se Weichheit, die den zeitlosen Look unterstreicht.<\/p>\n<p>F\u00fchlen Sie die Authentizit\u00e4t des traditionellen Herstellungsprozesses, bei dem gelegentliche Abweichungen in L\u00e4nge und St\u00e4rke keine M\u00e4ngel, sondern vielmehr Symbole f\u00fcr die Qualit\u00e4t dieses echten Wolle-Tweeds sind.<\/p>\n<\/div>\n<div class=\"attributes\">\n<div class=\"item\">\n<div class=\"label\">Zusammensetzung<\/div>\n<div class=\"value\">100% Schurwolle (mulesing free)<\/div>\n<\/div>\n<div class=\"item\">\n<div class=\"label\">Laufl\u00e4nge<\/div>\n<div class=\"value\">\u223c105m\u00a0\/\u00a050g<\/div>\n<\/div>\n<div class=\"item\">\n<div class=\"label\">Nadel-Nr.<\/div>\n<div class=\"value\">\u00d8 4\u00bd-5 mm<\/div>\n<\/div>\n<div class=\"item\">\n<div class=\"label\">Garnst\u00e4rke<\/div>\n<div class=\"value\">Worsted<\/div>\n<\/div>\n<div class=\"item\">\n<div class=\"label\">Pflegemerkmale<\/div>\n<div class=\"value\"><img decoding=\"async\" src=\"https:\/\/www.langyarns.com\/userfiles\/image\/symbole\/W_15.png\" \/>\u00a0<img decoding=\"async\" src=\"https:\/\/www.langyarns.com\/userfiles\/image\/symbole\/C_36.png\" \/>\u00a0<img decoding=\"async\" src=\"https:\/\/www.langyarns.com\/userfiles\/image\/symbole\/T_59.png\" \/>\u00a0<img decoding=\"async\" src=\"https:\/\/www.langyarns.com\/userfiles\/image\/symbole\/B_40.png\" \/>\u00a0<img decoding=\"async\" src=\"https:\/\/www.langyarns.com\/userfiles\/image\/symbole\/R_44.png\" \/><br \/>\nWollwaschmittel ohne Weichsp\u00fcler verwenden!<\/div>\n<\/div>\n<div class=\"item\">\n<div class=\"label\">Maschenprobe<br \/>\n<span class=\"contentLight\">10 x 10 cm<\/span><\/div>\n<div class=\"value\">\n<div class=\"layerGauge\">\n<div class=\"layerGaugeRight\"><\/div>\n<div class=\"layerGaugeBottom\"><\/div>\n<div class=\"layerGaugeRightValue\">25<\/div>\n<div class=\"layerGaugeBottomValue\">17<\/div>\n<\/div>\n<\/div>\n<\/div>\n<\/div>\n<div class=\"article\">\n<div class=\"subtitle\">\n<h2>FARBEN<\/h2>\n<\/div>\n<div class=\"list\">\n<div class=\"item\">\n<div id=\"itemArticleColor_1143_0094\" class=\"item articleColor onclick\">\n<div class=\"image onclick\"><img decoding=\"async\" class=\"img\" title=\"DONEGAL TWEED+ 1143.0094\" src=\"https:\/\/transfer.langyarns.com\/Yarn\/1143\/1143_0094_LANGYARNS_DonegalTweedPlus_200_C.jpg\" alt=\"DONEGAL TWEED+ 1143.0094\" \/><\/div>\n<\/div>\n<\/div>\n<div class=\"item\">\n<div id=\"itemArticleColor_1143_0026\" class=\"item articleColor onclick\">\n<div class=\"image onclick\"><img decoding=\"async\" class=\"img\" title=\"DONEGAL TWEED+ 1143.0026\" src=\"https:\/\/transfer.langyarns.com\/Yarn\/1143\/1143_0026_LANGYARNS_DonegalTweedPlus_200_C.jpg\" alt=\"DONEGAL TWEED+ 1143.0026\" \/><\/div>\n<div class=\"flag trend\">Trend<\/div>\n<\/div>\n<\/div>\n<div class=\"item\">\n<div id=\"itemArticleColor_1143_0039\" class=\"item articleColor onclick\">\n<div class=\"image onclick\"><img decoding=\"async\" class=\"img\" title=\"DONEGAL TWEED+ 1143.0039\" src=\"https:\/\/transfer.langyarns.com\/Yarn\/1143\/1143_0039_LANGYARNS_DonegalTweedPlus_200_C.jpg\" alt=\"DONEGAL TWEED+ 1143.0039\" \/><\/div>\n<\/div>\n<\/div>\n<div class=\"item\">\n<div id=\"itemArticleColor_1143_0068\" class=\"item articleColor onclick\">\n<div class=\"image onclick\"><img decoding=\"async\" class=\"img\" title=\"DONEGAL TWEED+ 1143.0068\" src=\"https:\/\/transfer.langyarns.com\/Yarn\/1143\/1143_0068_LANGYARNS_DonegalTweedPlus_200_C.jpg\" alt=\"DONEGAL TWEED+ 1143.0068\" \/><\/div>\n<\/div>\n<\/div>\n<div class=\"item\">\n<div id=\"itemArticleColor_1143_0015\" class=\"item articleColor onclick\">\n<div class=\"image onclick\"><img decoding=\"async\" class=\"img\" title=\"DONEGAL TWEED+ 1143.0015\" src=\"https:\/\/transfer.langyarns.com\/Yarn\/1143\/1143_0015_LANGYARNS_DonegalTweedPlus_200_C.jpg\" alt=\"DONEGAL TWEED+ 1143.0015\" \/><\/div>\n<div class=\"flag trend\">Trend<\/div>\n<\/div>\n<\/div>\n<div class=\"item\">\n<div id=\"itemArticleColor_1143_0023\" class=\"item articleColor onclick\">\n<div class=\"image onclick\"><img decoding=\"async\" class=\"img\" title=\"DONEGAL TWEED+ 1143.0023\" src=\"https:\/\/transfer.langyarns.com\/Yarn\/1143\/1143_0023_LANGYARNS_DonegalTweedPlus_200_C.jpg\" alt=\"DONEGAL TWEED+ 1143.0023\" \/><\/div>\n<\/div>\n<\/div>\n<div class=\"item\">\n<div id=\"itemArticleColor_1143_0096\" class=\"item articleColor onclick\">\n<div class=\"image onclick\"><img decoding=\"async\" class=\"img\" title=\"DONEGAL TWEED+ 1143.0096\" src=\"https:\/\/transfer.langyarns.com\/Yarn\/1143\/1143_0096_LANGYARNS_DonegalTweedPlus_200_C.jpg\" alt=\"DONEGAL TWEED+ 1143.0096\" \/><\/div>\n<div class=\"flag trend\">Trend<\/div>\n<\/div>\n<\/div>\n<div class=\"item\">\n<div id=\"itemArticleColor_1143_0024\" class=\"item articleColor onclick\">\n<div class=\"image onclick\"><img decoding=\"async\" class=\"img\" title=\"DONEGAL TWEED+ 1143.0024\" src=\"https:\/\/transfer.langyarns.com\/Yarn\/1143\/1143_0024_LANGYARNS_DonegalTweedPlus_200_C.jpg\" alt=\"DONEGAL TWEED+ 1143.0024\" \/><\/div>\n<\/div>\n<\/div>\n<div class=\"item\">\n<div id=\"itemArticleColor_1143_0070\" class=\"item articleColor onclick\">\n<div class=\"image onclick\"><img decoding=\"async\" class=\"img\" title=\"DONEGAL TWEED+ 1143.0070\" src=\"https:\/\/transfer.langyarns.com\/Yarn\/1143\/1143_0070_LANGYARNS_DonegalTweedPlus_200_C.jpg\" alt=\"DONEGAL TWEED+ 1143.0070\" \/><\/div>\n<\/div>\n<\/div>\n<div class=\"item\">\n<div id=\"itemArticleColor_1143_0020\" class=\"item articleColor onclick\">\n<div class=\"image onclick\"><img decoding=\"async\" class=\"img\" title=\"DONEGAL TWEED+ 1143.0020\" src=\"https:\/\/transfer.langyarns.com\/Yarn\/1143\/1143_0020_LANGYARNS_DonegalTweedPlus_200_C.jpg\" alt=\"DONEGAL TWEED+ 1143.0020\" \/><\/div>\n<div class=\"flag trend\">Trend<\/div>\n<\/div>\n<\/div>\n<div class=\"item\">\n<div id=\"itemArticleColor_1143_0033\" class=\"item articleColor onclick\">\n<div class=\"image onclick\"><img decoding=\"async\" class=\"img\" title=\"DONEGAL TWEED+ 1143.0033\" src=\"https:\/\/transfer.langyarns.com\/Yarn\/1143\/1143_0033_LANGYARNS_DonegalTweedPlus_200_C.jpg\" alt=\"DONEGAL TWEED+ 1143.0033\" \/><\/div>\n<\/div>\n<\/div>\n<div class=\"item\">\n<div id=\"itemArticleColor_1143_0025\" class=\"item articleColor onclick\">\n<div class=\"image onclick\"><img decoding=\"async\" class=\"img\" title=\"DONEGAL TWEED+ 1143.0025\" src=\"https:\/\/transfer.langyarns.com\/Yarn\/1143\/1143_0025_LANGYARNS_DonegalTweedPlus_200_C.jpg\" alt=\"DONEGAL TWEED+ 1143.0025\" \/><\/div>\n<\/div>\n<\/div>\n<div class=\"item\">\n<div id=\"itemArticleColor_1143_0006\" class=\"item articleColor onclick\">\n<div class=\"image onclick\"><img decoding=\"async\" class=\"img\" title=\"DONEGAL TWEED+ 1143.0006\" src=\"https:\/\/transfer.langyarns.com\/Yarn\/1143\/1143_0006_LANGYARNS_DonegalTweedPlus_200_C.jpg\" alt=\"DONEGAL TWEED+ 1143.0006\" \/><\/div>\n<\/div>\n<\/div>\n<div class=\"item\">\n<div id=\"itemArticleColor_1143_0073\" class=\"item articleColor onclick\">\n<div class=\"image onclick\"><img decoding=\"async\" class=\"img\" title=\"DONEGAL TWEED+ 1143.0073\" src=\"https:\/\/transfer.langyarns.com\/Yarn\/1143\/1143_0073_LANGYARNS_DonegalTweedPlus_200_C.jpg\" alt=\"DONEGAL TWEED+ 1143.0073\" \/><\/div>\n<\/div>\n<\/div>\n<div class=\"item\">\n<div id=\"itemArticleColor_1143_0074\" class=\"item articleColor onclick\">\n<div class=\"image onclick\"><img decoding=\"async\" class=\"img\" title=\"DONEGAL TWEED+ 1143.0074\" src=\"https:\/\/transfer.langyarns.com\/Yarn\/1143\/1143_0074_LANGYARNS_DonegalTweedPlus_200_C.jpg\" alt=\"DONEGAL TWEED+ 1143.0074\" \/><\/div>\n<div class=\"flag trend\">Trend<\/div>\n<\/div>\n<\/div>\n<div class=\"item\">\n<div id=\"itemArticleColor_1143_0009\" class=\"item articleColor onclick\">\n<div class=\"image onclick\"><img decoding=\"async\" class=\"img\" title=\"DONEGAL TWEED+ 1143.0009\" src=\"https:\/\/transfer.langyarns.com\/Yarn\/1143\/1143_0009_LANGYARNS_DonegalTweedPlus_200_C.jpg\" alt=\"DONEGAL TWEED+ 1143.0009\" \/><\/div>\n<div class=\"flag trend\">Trend<\/div>\n<\/div>\n<\/div>\n<div class=\"item\">\n<div id=\"itemArticleColor_1143_0065\" class=\"item articleColor onclick\">\n<div class=\"image onclick\"><img decoding=\"async\" class=\"img\" title=\"DONEGAL TWEED+ 1143.0065\" src=\"https:\/\/transfer.langyarns.com\/Yarn\/1143\/1143_0065_LANGYARNS_DonegalTweedPlus_200_C.jpg\" alt=\"DONEGAL TWEED+ 1143.0065\" \/><\/div>\n<div class=\"flag trend\">Trend<\/div>\n<\/div>\n<\/div>\n<div class=\"item\">\n<div id=\"itemArticleColor_1143_0014\" class=\"item articleColor onclick\">\n<div class=\"image onclick\"><img decoding=\"async\" class=\"img\" title=\"DONEGAL TWEED+ 1143.0014\" src=\"https:\/\/transfer.langyarns.com\/Yarn\/1143\/1143_0014_LANGYARNS_DonegalTweedPlus_200_C.jpg\" alt=\"DONEGAL TWEED+ 1143.0014\" \/><\/div>\n<\/div>\n<\/div>\n<div class=\"item\">\n<div id=\"itemArticleColor_1143_0059\" class=\"item articleColor onclick\">\n<div class=\"image onclick\"><img decoding=\"async\" class=\"img\" title=\"DONEGAL TWEED+ 1143.0059\" src=\"https:\/\/transfer.langyarns.com\/Yarn\/1143\/1143_0059_LANGYARNS_DonegalTweedPlus_200_C.jpg\" alt=\"DONEGAL TWEED+ 1143.0059\" \/><\/div>\n<div class=\"flag trend\">Trend<\/div>\n<\/div>\n<\/div>\n<div class=\"item\">\n<div id=\"itemArticleColor_1143_0060\" class=\"item articleColor onclick\">\n<div class=\"image onclick\"><img decoding=\"async\" class=\"img\" title=\"DONEGAL TWEED+ 1143.0060\" src=\"https:\/\/transfer.langyarns.com\/Yarn\/1143\/1143_0060_LANGYARNS_DonegalTweedPlus_200_C.jpg\" alt=\"DONEGAL TWEED+ 1143.0060\" \/><\/div>\n<div class=\"flag trend\">Trend<\/div>\n<\/div>\n<\/div>\n<div class=\"item\">\n<div id=\"itemArticleColor_1143_0016\" class=\"item articleColor onclick\">\n<div class=\"image onclick\"><img decoding=\"async\" class=\"img\" title=\"DONEGAL TWEED+ 1143.0016\" src=\"https:\/\/transfer.langyarns.com\/Yarn\/1143\/1143_0016_LANGYARNS_DonegalTweedPlus_200_C.jpg\" alt=\"DONEGAL TWEED+ 1143.0016\" \/><\/div>\n<div class=\"flag trend\">Trend<\/div>\n<\/div>\n<\/div>\n<div class=\"item\">\n<div id=\"itemArticleColor_1143_0017\" class=\"item articleColor onclick\">\n<div class=\"image onclick\"><img decoding=\"async\" class=\"img\" title=\"DONEGAL TWEED+ 1143.0017\" src=\"https:\/\/transfer.langyarns.com\/Yarn\/1143\/1143_0017_LANGYARNS_DonegalTweedPlus_200_C.jpg\" alt=\"DONEGAL TWEED+ 1143.0017\" \/><\/div>\n<div class=\"flag trend\">Trend<\/div>\n<\/div>\n<\/div>\n<div class=\"item\">\n<div id=\"itemArticleColor_1143_0098\" class=\"item articleColor onclick\">\n<div class=\"image onclick\"><img decoding=\"async\" class=\"img\" title=\"DONEGAL TWEED+ 1143.0098\" src=\"https:\/\/transfer.langyarns.com\/Yarn\/1143\/1143_0098_LANGYARNS_DonegalTweedPlus_200_C.jpg\" alt=\"DONEGAL TWEED+ 1143.0098\" \/><\/div>\n<\/div>\n<\/div>\n<\/div>\n<\/div>\n<div class=\"articleLink\"><a class=\"link pdf\" href=\"https:\/\/www.langyarns.com\/userfiles\/file\/generated\/1143B.pdf\" target=\"_blank\" rel=\"noopener\">Farbkarte PDF<\/a><\/div>\n","protected":false},"excerpt":{"rendered":"<p>DONEGAL TWEED+\u00a0|\u00a01143.0094 Wir stellen vor: die neueste Version unseres klassischen Tweed Garns \u2013 DONEGAL TWEED+. Dieses Garn, nach geschichtstr\u00e4chtiger Tradition in der Region Donegal in Irland gesponnen und gef\u00e4rbt, l\u00e4dt dazu ein, klassische St\u00fccke zu fertigen, die zu Erbst\u00fccken werden k\u00f6nnen. Da das Garn noch etwas Spinn\u00f6l enth\u00e4lt, offenbart sich nach dem Stricken und Waschen..<\/p>\n","protected":false},"featured_media":4317,"template":"","meta":[],"product_brand":[],"product_cat":[16],"product_tag":[116,34,117,115,35],"class_list":{"0":"post-4312","1":"product","2":"type-product","3":"status-publish","4":"has-post-thumbnail","6":"product_cat-wolle","7":"product_tag-irland","8":"product_tag-stricken","9":"product_tag-tradition","10":"product_tag-tweed","11":"product_tag-wolle","13":"first","14":"instock","15":"shipping-taxable","16":"purchasable","17":"product-type-variable"},"_links":{"self":[{"href":"https:\/\/www.wullaestuebli.ch\/wordpress\/wp-json\/wp\/v2\/product\/4312","targetHints":{"allow":["GET"]}}],"collection":[{"href":"https:\/\/www.wullaestuebli.ch\/wordpress\/wp-json\/wp\/v2\/product"}],"about":[{"href":"https:\/\/www.wullaestuebli.ch\/wordpress\/wp-json\/wp\/v2\/types\/product"}],"wp:featuredmedia":[{"embeddable":true,"href":"https:\/\/www.wullaestuebli.ch\/wordpress\/wp-json\/wp\/v2\/media\/4317"}],"wp:attachment":[{"href":"https:\/\/www.wullaestuebli.ch\/wordpress\/wp-json\/wp\/v2\/media?parent=4312"}],"wp:term":[{"taxonomy":"product_brand","embeddable":true,"href":"https:\/\/www.wullaestuebli.ch\/wordpress\/wp-json\/wp\/v2\/product_brand?post=4312"},{"taxonomy":"product_cat","embeddable":true,"href":"https:\/\/www.wullaestuebli.ch\/wordpress\/wp-json\/wp\/v2\/product_cat?post=4312"},{"taxonomy":"product_tag","embeddable":true,"href":"https:\/\/www.wullaestuebli.ch\/wordpress\/wp-json\/wp\/v2\/product_tag?post=4312"}],"curies":[{"name":"wp","href":"https:\/\/api.w.org\/{rel}","templated":true}]}}