{"id":4203,"date":"2024-02-29T15:21:57","date_gmt":"2024-02-29T14:21:57","guid":{"rendered":"https:\/\/www.wullaestuebli.ch\/wordpress\/?post_type=product&#038;p=4203"},"modified":"2025-03-13T18:48:09","modified_gmt":"2025-03-13T17:48:09","slug":"4203","status":"publish","type":"product","link":"https:\/\/www.wullaestuebli.ch\/wordpress\/produkt\/4203\/","title":{"rendered":"Oceania"},"content":{"rendered":"<div class=\"item left\">\n<div class=\"flag new\">\n<div class=\"item left\">\n<div id=\"article-image-full\" class=\"article-image\">\n<div id=\"itemIframe360\" class=\"iframe active\"><iframe loading=\"lazy\" id=\"iframe360\" src=\"https:\/\/transfer.langyarns.com\/Yarn\/1142\/360\/1142_0014\/1142_0014.html\" width=\"100%\" height=\"800px\" frameborder=\"0\" scrolling=\"no\" allowfullscreen=\"allowfullscreen\"><\/iframe><\/div>\n<\/div>\n<\/div>\n<div class=\"item right\">\n<div class=\"head\">\n<h1 class=\"title\">OCEANIA<span class=\"contentLight\">\u00a0|\u00a0<span id=\"articleNumber\">1142.0014<\/span><\/span><\/h1>\n<\/div>\n<div class=\"content\">\n<p>Lassen Sie sich inspirieren von farbenfrohen Korallenriffen, majest\u00e4tischen Meeresbewohnern, mysteri\u00f6sen Wracks und dicht bev\u00f6lkerten Kelpw\u00e4ldern.<\/p>\n<p>Im Laufe der Evolution, sind wir vom Wasser ans Land gezogen. F\u00fcr das Garn OCEANIA, haben wir uns jedoch auf unseren Ursprung zur\u00fcckbesonnen und in den Ozeanen auf die Suche nach innovativen Fasern gemacht.<\/p>\n<p>Angereichert mit Braunalgen aus dem Meer, ist SEACELL n\u00e4hrend und vitalisierend f\u00fcr die Haut, feuchtigkeitsregulierend und vollst\u00e4ndig biologisch abbaubar. Die f\u00fcr die Fasern verwendeten Algen stammen aus den Ozeanen und werden in Fjorden mit Hilfe nachhaltigen Methoden geerntet.<\/p>\n<p>Mehr \u00fcber SEACELL erfahren Sie unter: www.smartfiber.de<\/p>\n<\/div>\n<div class=\"attributes\">\n<div class=\"item\">\n<div class=\"label\">Zusammensetzung<\/div>\n<div class=\"value\">70% Baumwolle \/ 30% Viskose (seacell)<\/div>\n<\/div>\n<div class=\"item\">\n<div class=\"label\">Laufl\u00e4nge<\/div>\n<div class=\"value\">\u223c140m\u00a0\/\u00a050g<\/div>\n<\/div>\n<div class=\"item\">\n<div class=\"label\">Nadel-Nr.<\/div>\n<div class=\"value\">\u00d8 3\u00bd-4 mm<\/div>\n<\/div>\n<div class=\"item\">\n<div class=\"label\">Garnst\u00e4rke<\/div>\n<div class=\"value\">DK<\/div>\n<\/div>\n<div class=\"item\">\n<div class=\"label\">Pflegemerkmale<\/div>\n<div class=\"value\"><img decoding=\"async\" src=\"https:\/\/www.langyarns.com\/userfiles\/image\/symbole\/W_15.png\" \/>\u00a0<img decoding=\"async\" src=\"https:\/\/www.langyarns.com\/userfiles\/image\/symbole\/C_36.png\" \/>\u00a0<img decoding=\"async\" src=\"https:\/\/www.langyarns.com\/userfiles\/image\/symbole\/T_59.png\" \/>\u00a0<img decoding=\"async\" src=\"https:\/\/www.langyarns.com\/userfiles\/image\/symbole\/B_40.png\" \/>\u00a0<img decoding=\"async\" src=\"https:\/\/www.langyarns.com\/userfiles\/image\/symbole\/R_44.png\" \/><br \/>\nFeinwaschmittel ohne Weichsp\u00fcler verwenden.<\/div>\n<\/div>\n<div class=\"item\">\n<div class=\"label\">Maschenprobe<br \/>\n<span class=\"contentLight\">10 x 10 cm<\/span><\/div>\n<div class=\"value\">\n<div class=\"layerGauge\">\n<div class=\"layerGaugeRight\"><\/div>\n<div class=\"layerGaugeBottom\"><\/div>\n<div class=\"layerGaugeRightValue\">30<\/div>\n<div class=\"layerGaugeBottomValue\">22<\/div>\n<\/div>\n<\/div>\n<\/div>\n<\/div>\n<div class=\"article\">\n<div class=\"subtitle\">\n<h2>FARBEN<\/h2>\n<\/div>\n<div class=\"list\">\n<div class=\"item\">\n<div id=\"itemArticleColor_1142_0014\" class=\"item articleColor onclick\">\n<div class=\"image onclick\"><img decoding=\"async\" class=\"img\" title=\"OCEANIA 1142.0014\" src=\"https:\/\/transfer.langyarns.com\/Yarn\/1142\/1142_0014_LANGYARNS_Oceania_200_C.jpg\" alt=\"OCEANIA 1142.0014\" \/><\/div>\n<div class=\"flag new\">New<\/div>\n<div class=\"flag trend\">Trend<\/div>\n<\/div>\n<\/div>\n<div class=\"item\">\n<div id=\"itemArticleColor_1142_0049\" class=\"item articleColor onclick\">\n<div class=\"image onclick\"><img decoding=\"async\" class=\"img\" title=\"OCEANIA 1142.0049\" src=\"https:\/\/transfer.langyarns.com\/Yarn\/1142\/1142_0049_LANGYARNS_Oceania_200_C.jpg\" alt=\"OCEANIA 1142.0049\" \/><\/div>\n<\/div>\n<\/div>\n<div class=\"item\">\n<div id=\"itemArticleColor_1142_0059\" class=\"item articleColor onclick\">\n<div class=\"image onclick\"><img decoding=\"async\" class=\"img\" title=\"OCEANIA 1142.0059\" src=\"https:\/\/transfer.langyarns.com\/Yarn\/1142\/1142_0059_LANGYARNS_Oceania_200_C.jpg\" alt=\"OCEANIA 1142.0059\" \/><\/div>\n<div class=\"flag new\">New<\/div>\n<div class=\"flag trend\">Trend<\/div>\n<\/div>\n<\/div>\n<div class=\"item\">\n<div id=\"itemArticleColor_1142_0159\" class=\"item articleColor onclick\">\n<div class=\"image onclick\"><img decoding=\"async\" class=\"img\" title=\"OCEANIA 1142.0159\" src=\"https:\/\/transfer.langyarns.com\/Yarn\/1142\/1142_0159_LANGYARNS_Oceania_200_C.jpg\" alt=\"OCEANIA 1142.0159\" \/><\/div>\n<\/div>\n<\/div>\n<div class=\"item\">\n<div id=\"itemArticleColor_1142_0161\" class=\"item articleColor onclick\">\n<div class=\"image onclick\"><img decoding=\"async\" class=\"img\" title=\"OCEANIA 1142.0161\" src=\"https:\/\/transfer.langyarns.com\/Yarn\/1142\/1142_0161_LANGYARNS_Oceania_200_C.jpg\" alt=\"OCEANIA 1142.0161\" \/><\/div>\n<div class=\"flag new\">New<\/div>\n<div class=\"flag trend\">Trend<\/div>\n<\/div>\n<\/div>\n<div class=\"item\">\n<div id=\"itemArticleColor_1142_0060\" class=\"item articleColor onclick\">\n<div class=\"image onclick\"><img decoding=\"async\" class=\"img\" title=\"OCEANIA 1142.0060\" src=\"https:\/\/transfer.langyarns.com\/Yarn\/1142\/1142_0060_LANGYARNS_Oceania_200_C.jpg\" alt=\"OCEANIA 1142.0060\" \/><\/div>\n<\/div>\n<\/div>\n<div class=\"item\">\n<div id=\"itemArticleColor_1142_0009\" class=\"item articleColor onclick\">\n<div class=\"image onclick\"><img decoding=\"async\" class=\"img\" title=\"OCEANIA 1142.0009\" src=\"https:\/\/transfer.langyarns.com\/Yarn\/1142\/1142_0009_LANGYARNS_Oceania_200_C.jpg\" alt=\"OCEANIA 1142.0009\" \/><\/div>\n<\/div>\n<\/div>\n<div class=\"item\">\n<div id=\"itemArticleColor_1142_0309\" class=\"item articleColor onclick\">\n<div class=\"image onclick\"><img decoding=\"async\" class=\"img\" title=\"OCEANIA 1142.0309\" src=\"https:\/\/transfer.langyarns.com\/Yarn\/1142\/1142_0309_LANGYARNS_Oceania_200_C.jpg\" alt=\"OCEANIA 1142.0309\" \/><\/div>\n<\/div>\n<\/div>\n<div class=\"item\">\n<div id=\"itemArticleColor_1142_0064\" class=\"item articleColor onclick\">\n<div class=\"image onclick\"><img decoding=\"async\" class=\"img\" title=\"OCEANIA 1142.0064\" src=\"https:\/\/transfer.langyarns.com\/Yarn\/1142\/1142_0064_LANGYARNS_Oceania_200_C.jpg\" alt=\"OCEANIA 1142.0064\" \/><\/div>\n<\/div>\n<\/div>\n<div class=\"item\">\n<div id=\"itemArticleColor_1142_0061\" class=\"item articleColor onclick\">\n<div class=\"image onclick\"><img decoding=\"async\" class=\"img\" title=\"OCEANIA 1142.0061\" src=\"https:\/\/transfer.langyarns.com\/Yarn\/1142\/1142_0061_LANGYARNS_Oceania_200_C.jpg\" alt=\"OCEANIA 1142.0061\" \/><\/div>\n<div class=\"flag new\">New<\/div>\n<div class=\"flag trend\">Trend<\/div>\n<\/div>\n<\/div>\n<div class=\"item\">\n<div id=\"itemArticleColor_1142_0007\" class=\"item articleColor onclick\">\n<div class=\"image onclick\"><img decoding=\"async\" class=\"img\" title=\"OCEANIA 1142.0007\" src=\"https:\/\/transfer.langyarns.com\/Yarn\/1142\/1142_0007_LANGYARNS_Oceania_200_C.jpg\" alt=\"OCEANIA 1142.0007\" \/><\/div>\n<\/div>\n<\/div>\n<div class=\"item\">\n<div id=\"itemArticleColor_1142_0146\" class=\"item articleColor onclick\">\n<div class=\"image onclick\"><img decoding=\"async\" class=\"img\" title=\"OCEANIA 1142.0146\" src=\"https:\/\/transfer.langyarns.com\/Yarn\/1142\/1142_0146_LANGYARNS_Oceania_200_C.jpg\" alt=\"OCEANIA 1142.0146\" \/><\/div>\n<\/div>\n<\/div>\n<div class=\"item\">\n<div id=\"itemArticleColor_1142_0066\" class=\"item articleColor onclick\">\n<div class=\"image onclick\"><img decoding=\"async\" class=\"img\" title=\"OCEANIA 1142.0066\" src=\"https:\/\/transfer.langyarns.com\/Yarn\/1142\/1142_0066_LANGYARNS_Oceania_200_C.jpg\" alt=\"OCEANIA 1142.0066\" \/><\/div>\n<div class=\"flag new\">New<\/div>\n<div class=\"flag trend\">Trend<\/div>\n<\/div>\n<\/div>\n<div class=\"item\">\n<div id=\"itemArticleColor_1142_0058\" class=\"item articleColor onclick\">\n<div class=\"image onclick\"><img decoding=\"async\" class=\"img\" title=\"OCEANIA 1142.0058\" src=\"https:\/\/transfer.langyarns.com\/Yarn\/1142\/1142_0058_LANGYARNS_Oceania_200_C.jpg\" alt=\"OCEANIA 1142.0058\" \/><\/div>\n<\/div>\n<\/div>\n<div class=\"item\">\n<div id=\"itemArticleColor_1142_0072\" class=\"item articleColor onclick\">\n<div class=\"image onclick\"><img decoding=\"async\" class=\"img\" title=\"OCEANIA 1142.0072\" src=\"https:\/\/transfer.langyarns.com\/Yarn\/1142\/1142_0072_LANGYARNS_Oceania_200_C.jpg\" alt=\"OCEANIA 1142.0072\" \/><\/div>\n<div class=\"flag new\">New<\/div>\n<div class=\"flag trend\">Trend<\/div>\n<\/div>\n<\/div>\n<div class=\"item\">\n<div id=\"itemArticleColor_1142_0092\" class=\"item articleColor onclick\">\n<div class=\"image onclick\"><img decoding=\"async\" class=\"img\" title=\"OCEANIA 1142.0092\" src=\"https:\/\/transfer.langyarns.com\/Yarn\/1142\/1142_0092_LANGYARNS_Oceania_200_C.jpg\" alt=\"OCEANIA 1142.0092\" \/><\/div>\n<\/div>\n<\/div>\n<div class=\"item\">\n<div id=\"itemArticleColor_1142_0074\" class=\"item articleColor onclick\">\n<div class=\"image onclick\"><img decoding=\"async\" class=\"img\" title=\"OCEANIA 1142.0074\" src=\"https:\/\/transfer.langyarns.com\/Yarn\/1142\/1142_0074_LANGYARNS_Oceania_200_C.jpg\" alt=\"OCEANIA 1142.0074\" \/><\/div>\n<div class=\"flag new\">New<\/div>\n<div class=\"flag trend\">Trend<\/div>\n<\/div>\n<\/div>\n<div class=\"item\">\n<div id=\"itemArticleColor_1142_0188\" class=\"item articleColor onclick\">\n<div class=\"image onclick\"><img decoding=\"async\" class=\"img\" title=\"OCEANIA 1142.0188\" src=\"https:\/\/transfer.langyarns.com\/Yarn\/1142\/1142_0188_LANGYARNS_Oceania_200_C.jpg\" alt=\"OCEANIA 1142.0188\" \/><\/div>\n<\/div>\n<\/div>\n<div class=\"item\">\n<div id=\"itemArticleColor_1142_0117\" class=\"item articleColor onclick\">\n<div class=\"image onclick\"><img decoding=\"async\" class=\"img\" title=\"OCEANIA 1142.0117\" src=\"https:\/\/transfer.langyarns.com\/Yarn\/1142\/1142_0117_LANGYARNS_Oceania_200_C.jpg\" alt=\"OCEANIA 1142.0117\" \/><\/div>\n<div class=\"flag trend\">Trend<\/div>\n<\/div>\n<\/div>\n<div class=\"item\">\n<div id=\"itemArticleColor_1142_0318\" class=\"item articleColor onclick\">\n<div class=\"image onclick\"><img decoding=\"async\" class=\"img\" title=\"OCEANIA 1142.0318\" src=\"https:\/\/transfer.langyarns.com\/Yarn\/1142\/1142_0318_LANGYARNS_Oceania_200_C.jpg\" alt=\"OCEANIA 1142.0318\" \/><\/div>\n<\/div>\n<\/div>\n<div class=\"item\">\n<div id=\"itemArticleColor_1142_0071\" class=\"item articleColor onclick\">\n<div class=\"image onclick\"><img decoding=\"async\" class=\"img\" title=\"OCEANIA 1142.0071\" src=\"https:\/\/transfer.langyarns.com\/Yarn\/1142\/1142_0071_LANGYARNS_Oceania_200_C.jpg\" alt=\"OCEANIA 1142.0071\" \/><\/div>\n<div class=\"flag new\">New<\/div>\n<div class=\"flag trend\">Trend<\/div>\n<\/div>\n<\/div>\n<div class=\"item\">\n<div id=\"itemArticleColor_1142_0021\" class=\"item articleColor onclick\">\n<div class=\"image onclick\"><img decoding=\"async\" class=\"img\" title=\"OCEANIA 1142.0021\" src=\"https:\/\/transfer.langyarns.com\/Yarn\/1142\/1142_0021_LANGYARNS_Oceania_200_C.jpg\" alt=\"OCEANIA 1142.0021\" \/><\/div>\n<\/div>\n<\/div>\n<div class=\"item\">\n<div id=\"itemArticleColor_1142_0020\" class=\"item articleColor onclick\">\n<div class=\"image onclick\"><img decoding=\"async\" class=\"img\" title=\"OCEANIA 1142.0020\" src=\"https:\/\/transfer.langyarns.com\/Yarn\/1142\/1142_0020_LANGYARNS_Oceania_200_C.jpg\" alt=\"OCEANIA 1142.0020\" \/><\/div>\n<div class=\"flag new\">New<\/div>\n<div class=\"flag trend\">Trend<\/div>\n<\/div>\n<\/div>\n<div class=\"item\">\n<div id=\"itemArticleColor_1142_0025\" class=\"item articleColor onclick\">\n<div class=\"image onclick\"><img decoding=\"async\" class=\"img\" title=\"OCEANIA 1142.0025\" src=\"https:\/\/transfer.langyarns.com\/Yarn\/1142\/1142_0025_LANGYARNS_Oceania_200_C.jpg\" alt=\"OCEANIA 1142.0025\" \/><\/div>\n<\/div>\n<\/div>\n<div class=\"item\">\n<div id=\"itemArticleColor_1142_0023\" class=\"item articleColor onclick\">\n<div class=\"image onclick\"><img decoding=\"async\" class=\"img\" title=\"OCEANIA 1142.0023\" src=\"https:\/\/transfer.langyarns.com\/Yarn\/1142\/1142_0023_LANGYARNS_Oceania_200_C.jpg\" alt=\"OCEANIA 1142.0023\" \/><\/div>\n<\/div>\n<\/div>\n<div class=\"item\">\n<div id=\"itemArticleColor_1142_0070\" class=\"item articleColor onclick\">\n<div class=\"image onclick\"><img decoding=\"async\" class=\"img\" title=\"OCEANIA 1142.0070\" src=\"https:\/\/transfer.langyarns.com\/Yarn\/1142\/1142_0070_LANGYARNS_Oceania_200_C.jpg\" alt=\"OCEANIA 1142.0070\" \/><\/div>\n<\/div>\n<\/div>\n<div class=\"item\">\n<div id=\"itemArticleColor_1142_0004\" class=\"item articleColor onclick\">\n<div class=\"image onclick\"><img decoding=\"async\" class=\"img\" title=\"OCEANIA 1142.0004\" src=\"https:\/\/transfer.langyarns.com\/Yarn\/1142\/1142_0004_LANGYARNS_Oceania_200_C.jpg\" alt=\"OCEANIA 1142.0004\" \/><\/div>\n<\/div>\n<\/div>\n<div class=\"item\">\n<div id=\"itemArticleColor_1142_0001\" class=\"item articleColor onclick\">\n<div class=\"image onclick\"><img decoding=\"async\" class=\"img\" title=\"OCEANIA 1142.0001\" src=\"https:\/\/transfer.langyarns.com\/Yarn\/1142\/1142_0001_LANGYARNS_Oceania_200_C.jpg\" alt=\"OCEANIA 1142.0001\" \/><\/div>\n<\/div>\n<\/div>\n<div class=\"item\">\n<div id=\"itemArticleColor_1142_0094\" class=\"item articleColor onclick\">\n<div class=\"image onclick\"><img decoding=\"async\" class=\"img\" title=\"OCEANIA 1142.0094\" src=\"https:\/\/transfer.langyarns.com\/Yarn\/1142\/1142_0094_LANGYARNS_Oceania_200_C.jpg\" alt=\"OCEANIA 1142.0094\" \/><\/div>\n<\/div>\n<\/div>\n<div class=\"item\">\n<div id=\"itemArticleColor_1142_0002\" class=\"item articleColor onclick\">\n<div class=\"image onclick\"><img decoding=\"async\" class=\"img\" title=\"OCEANIA 1142.0002\" src=\"https:\/\/transfer.langyarns.com\/Yarn\/1142\/1142_0002_LANGYARNS_Oceania_200_C.jpg\" alt=\"OCEANIA 1142.0002\" \/><\/div>\n<\/div>\n<\/div>\n<div class=\"item\">\n<div id=\"itemArticleColor_1142_0039\" class=\"item articleColor onclick\">\n<div class=\"image onclick\"><img decoding=\"async\" class=\"img\" title=\"OCEANIA 1142.0039\" src=\"https:\/\/transfer.langyarns.com\/Yarn\/1142\/1142_0039_LANGYARNS_Oceania_200_C.jpg\" alt=\"OCEANIA 1142.0039\" \/><\/div>\n<div class=\"flag trend\">Trend<\/div>\n<\/div>\n<\/div>\n<div class=\"item\">\n<div id=\"itemArticleColor_1142_0168\" class=\"item articleColor onclick\">\n<div class=\"image onclick\"><img decoding=\"async\" class=\"img\" title=\"OCEANIA 1142.0168\" src=\"https:\/\/transfer.langyarns.com\/Yarn\/1142\/1142_0168_LANGYARNS_Oceania_200_C.jpg\" alt=\"OCEANIA 1142.0168\" \/><\/div>\n<\/div>\n<\/div>\n<\/div>\n<\/div>\n<div class=\"articleLink\"><a class=\"link pdf\" href=\"https:\/\/www.langyarns.com\/userfiles\/file\/generated\/1142B.pdf\" target=\"_blank\" rel=\"noopener\">Farbkarte PDF<\/a><\/div>\n<\/div>\n<\/div>\n<div id=\"article-image-full\" class=\"article-image\"><\/div>\n<\/div>\n<div class=\"item right\">\n<div class=\"content\">\n<p>&nbsp;<\/p>\n<\/div>\n<div class=\"attributes\">\n<div class=\"item\">\n<div class=\"label\"><\/div>\n<\/div>\n<\/div>\n<div class=\"article\">\n<div class=\"list\">\n<div class=\"item\">\n<div id=\"itemArticleColor_1142_0049\" class=\"item articleColor onclick\">\n<div class=\"image onclick\"><\/div>\n<\/div>\n<\/div>\n<div class=\"item\">\n<div id=\"itemArticleColor_1142_0159\" class=\"item articleColor onclick\">\n<div class=\"flag trend\"><\/div>\n<\/div>\n<\/div>\n<div class=\"item\">\n<div id=\"itemArticleColor_1142_0060\" class=\"item articleColor onclick\">\n<div class=\"image onclick\"><\/div>\n<\/div>\n<\/div>\n<div class=\"item\">\n<div id=\"itemArticleColor_1142_0309\" class=\"item articleColor onclick\">\n<div class=\"image onclick\"><\/div>\n<\/div>\n<\/div>\n<div class=\"item\">\n<div id=\"itemArticleColor_1142_0009\" class=\"item articleColor onclick\">\n<div class=\"flag trend\"><\/div>\n<\/div>\n<\/div>\n<div class=\"item\">\n<div id=\"itemArticleColor_1142_0064\" class=\"item articleColor onclick\">\n<div class=\"flag trend\"><\/div>\n<\/div>\n<\/div>\n<div class=\"item\">\n<div id=\"itemArticleColor_1142_0007\" class=\"item articleColor onclick\">\n<div class=\"flag trend\"><\/div>\n<\/div>\n<\/div>\n<div class=\"item\">\n<div id=\"itemArticleColor_1142_0146\" class=\"item articleColor onclick\"><\/div>\n<\/div>\n<div class=\"item\">\n<div id=\"itemArticleColor_1142_0058\" class=\"item articleColor onclick\">\n<div class=\"image onclick\"><\/div>\n<\/div>\n<\/div>\n<div class=\"item\">\n<div id=\"itemArticleColor_1142_0092\" class=\"item articleColor onclick\">\n<div class=\"image onclick\"><\/div>\n<\/div>\n<\/div>\n<div class=\"item\">\n<div id=\"itemArticleColor_1142_0117\" class=\"item articleColor onclick\">\n<div class=\"image onclick\"><\/div>\n<\/div>\n<\/div>\n<div class=\"item\">\n<div id=\"itemArticleColor_1142_0318\" class=\"item articleColor onclick\">\n<div class=\"flag trend\"><\/div>\n<\/div>\n<\/div>\n<div class=\"item\">\n<div id=\"itemArticleColor_1142_0188\" class=\"item articleColor onclick\">\n<div class=\"image onclick\"><\/div>\n<\/div>\n<\/div>\n<div class=\"item\">\n<div id=\"itemArticleColor_1142_0023\" class=\"item articleColor onclick\">\n<div class=\"image onclick\"><\/div>\n<\/div>\n<\/div>\n<div class=\"item\">\n<div id=\"itemArticleColor_1142_0070\" class=\"item articleColor onclick\">\n<div class=\"image onclick\"><\/div>\n<\/div>\n<\/div>\n<div class=\"item\">\n<div id=\"itemArticleColor_1142_0004\" class=\"item articleColor onclick\">\n<div class=\"image onclick\"><\/div>\n<\/div>\n<\/div>\n<div class=\"item\">\n<div id=\"itemArticleColor_1142_0001\" class=\"item articleColor onclick\">\n<div class=\"image onclick\"><\/div>\n<\/div>\n<\/div>\n<div class=\"item\">\n<div id=\"itemArticleColor_1142_0094\" class=\"item articleColor onclick\">\n<div class=\"image onclick\"><\/div>\n<\/div>\n<\/div>\n<div class=\"item\">\n<div id=\"itemArticleColor_1142_0002\" class=\"item articleColor onclick\">\n<div class=\"flag trend\"><\/div>\n<\/div>\n<\/div>\n<div class=\"item\">\n<div id=\"itemArticleColor_1142_0039\" class=\"item articleColor onclick\">\n<div class=\"flag trend\"><\/div>\n<\/div>\n<\/div>\n<div class=\"item\">\n<div id=\"itemArticleColor_1142_0168\" class=\"item articleColor onclick\"><\/div>\n<\/div>\n<\/div>\n<\/div>\n<div class=\"articleLink\"><\/div>\n<\/div>\n","protected":false},"excerpt":{"rendered":"<p>Traumhaftes Garn 70 % Baumwolle, 30 % Viscose<\/p>\n","protected":false},"featured_media":4219,"template":"","meta":[],"product_brand":[],"product_cat":[16],"product_tag":[105,79,34,35],"class_list":{"0":"post-4203","1":"product","2":"type-product","3":"status-publish","4":"has-post-thumbnail","6":"product_cat-wolle","7":"product_tag-baumwolle","8":"product_tag-nadeln","9":"product_tag-stricken","10":"product_tag-wolle","12":"first","13":"instock","14":"shipping-taxable","15":"purchasable","16":"product-type-variable"},"_links":{"self":[{"href":"https:\/\/www.wullaestuebli.ch\/wordpress\/wp-json\/wp\/v2\/product\/4203","targetHints":{"allow":["GET"]}}],"collection":[{"href":"https:\/\/www.wullaestuebli.ch\/wordpress\/wp-json\/wp\/v2\/product"}],"about":[{"href":"https:\/\/www.wullaestuebli.ch\/wordpress\/wp-json\/wp\/v2\/types\/product"}],"wp:featuredmedia":[{"embeddable":true,"href":"https:\/\/www.wullaestuebli.ch\/wordpress\/wp-json\/wp\/v2\/media\/4219"}],"wp:attachment":[{"href":"https:\/\/www.wullaestuebli.ch\/wordpress\/wp-json\/wp\/v2\/media?parent=4203"}],"wp:term":[{"taxonomy":"product_brand","embeddable":true,"href":"https:\/\/www.wullaestuebli.ch\/wordpress\/wp-json\/wp\/v2\/product_brand?post=4203"},{"taxonomy":"product_cat","embeddable":true,"href":"https:\/\/www.wullaestuebli.ch\/wordpress\/wp-json\/wp\/v2\/product_cat?post=4203"},{"taxonomy":"product_tag","embeddable":true,"href":"https:\/\/www.wullaestuebli.ch\/wordpress\/wp-json\/wp\/v2\/product_tag?post=4203"}],"curies":[{"name":"wp","href":"https:\/\/api.w.org\/{rel}","templated":true}]}}