{"id":3882,"date":"2023-07-18T14:47:29","date_gmt":"2023-07-18T12:47:29","guid":{"rendered":"https:\/\/www.wullaestuebli.ch\/wordpress\/?post_type=product&#038;p=3882"},"modified":"2025-12-18T14:44:41","modified_gmt":"2025-12-18T13:44:41","slug":"cloud-tweed","status":"publish","type":"product","link":"https:\/\/www.wullaestuebli.ch\/wordpress\/produkt\/cloud-tweed\/","title":{"rendered":"Cloud Tweed"},"content":{"rendered":"<div class=\"head\"><\/div>\n<div class=\"article\">\n<div class=\"subtitle\">\n<div id=\"layerBreadcrumb\">\n<div class=\"breadcrumbs\"><\/div>\n<\/div>\n<div id=\"layerMainContent\" class=\"layout-3\">\n<div class=\"layerDetailTemplate\">\n<div class=\"content-item\">\n<div class=\"content-item-inner\">\n<p><a class=\"buttonClose\" href=\"https:\/\/www.langyarns.com\/de\/Suche\/?sk=cloud+Tweed\"><span class=\"icon\">\uf060<\/span><\/a><\/p>\n<div class=\"list\">\n<div class=\"item left\">\n<div id=\"article-image-full\" class=\"article-image\">\n<div id=\"itemIframe360\" class=\"iframe active\"><iframe loading=\"lazy\" id=\"iframe360\" src=\"https:\/\/transfer.langyarns.com\/Yarn\/1122\/360\/1122_0010\/1122_0010.html\" width=\"100%\" height=\"800px\" frameborder=\"0\" scrolling=\"no\" allowfullscreen=\"allowfullscreen\"><\/iframe><\/div>\n<\/div>\n<\/div>\n<div class=\"item right\">\n<div class=\"head\">\n<h1 class=\"title\">CLOUD TWEED<span class=\"contentLight\">\u00a0|\u00a0<span id=\"articleNumber\">1122.0010<\/span><\/span><\/h1>\n<\/div>\n<div class=\"content\">\n<p>Bunt, texturiert und un\u00fcbersehbar \u2013 CLOUD TWEED ist definitive nichts f\u00fcr Mauerbl\u00fcmchen. Die Farbkombinationen verleihen jedem Projekt den unverwechselbaren CLOUD-Look, w\u00e4hrend sich die Noppen wie kleine Wolken sanft dar\u00fcberlegen und dem Gestrick Textur und Struktur verleihen.<\/p>\n<p>H\u00fcllen Sie sich von Kopf bis Fuss in farbenfrohe Kreationen aus Merinowolle mit wunderbar weichen Noppen aus Babyalpaka oder setzen Sie gezielt bunte Akzente zu einem dezenteren Outfit. Hauptsache Sie schweben auf Wolke 7!<\/p>\n<\/div>\n<div class=\"attributes\">\n<div class=\"item\">\n<div class=\"label\">Zusammensetzung<\/div>\n<div class=\"value\">84% Schurwolle (Merino extrafine) superwash<br \/>\nmulesing free \/ 10% Polyamid \/ 6% Alpaka (Baby)<\/div>\n<\/div>\n<div class=\"item\">\n<div class=\"label\">Laufl\u00e4nge<\/div>\n<div class=\"value\">\u223c260m\u00a0\/\u00a0100g<\/div>\n<\/div>\n<div class=\"item\">\n<div class=\"label\">Nadel-Nr.<\/div>\n<div class=\"value\">\u00d8 6-7 mm<\/div>\n<\/div>\n<div class=\"item\">\n<div class=\"label\">Garnst\u00e4rke<\/div>\n<div class=\"value\">Chunky<\/div>\n<\/div>\n<div class=\"item\">\n<div class=\"label\">Pflegemerkmale<\/div>\n<div class=\"value\"><img decoding=\"async\" src=\"https:\/\/www.langyarns.com\/userfiles\/image\/symbole\/W_15.png\" \/>\u00a0<img decoding=\"async\" src=\"https:\/\/www.langyarns.com\/userfiles\/image\/symbole\/C_36.png\" \/>\u00a0<img decoding=\"async\" src=\"https:\/\/www.langyarns.com\/userfiles\/image\/symbole\/T_59.png\" \/>\u00a0<img decoding=\"async\" src=\"https:\/\/www.langyarns.com\/userfiles\/image\/symbole\/B_40.png\" \/>\u00a0<img decoding=\"async\" src=\"https:\/\/www.langyarns.com\/userfiles\/image\/symbole\/R_44.png\" \/><br \/>\nWollwaschmittel ohne Weichsp\u00fcler verwenden.<\/div>\n<\/div>\n<div class=\"item\">\n<div class=\"label\">Maschenprobe<br \/>\n<span class=\"contentLight\">10 x 10 cm<\/span><\/div>\n<div class=\"value\">\n<div class=\"layerGauge\">\n<div class=\"layerGaugeRight\"><\/div>\n<div class=\"layerGaugeBottom\"><\/div>\n<div class=\"layerGaugeRightValue\">20<\/div>\n<div class=\"layerGaugeBottomValue\">12<\/div>\n<\/div>\n<div class=\"clear\">\u00a0<span style=\"color: #252525; font-family: Rambla, 'SF Pro Text', Frutiger, 'Frutiger Linotype', Univers, Calibri, 'Gill Sans', 'Gill Sans MT', 'Myriad Pro', Myriad, 'DejaVu Sans Condensed', 'Liberation Sans', 'Nimbus Sans L', Tahoma, Geneva, 'Helvetica Neue', Helvetica, Arial, sans-serif; font-size: 2rem; letter-spacing: 0.1em; text-transform: uppercase; font-weight: inherit;\">FARBEN<\/span><\/div>\n<\/div>\n<\/div>\n<\/div>\n<div class=\"article\">\n<div class=\"list\">\n<div class=\"item\">\n<div id=\"itemArticleColor_1122_0010\" class=\"item articleColor onclick\">\n<div class=\"image onclick\"><img decoding=\"async\" class=\"img\" title=\"CLOUD TWEED 1122.0010\" src=\"https:\/\/transfer.langyarns.com\/Yarn\/1122\/1122_0010_LANGYARNS_CloudTweed_200_C.jpg\" alt=\"CLOUD TWEED 1122.0010\" \/><\/div>\n<\/div>\n<\/div>\n<div class=\"item\">\n<div id=\"itemArticleColor_1122_0009\" class=\"item articleColor onclick\">\n<div class=\"image onclick\"><img decoding=\"async\" class=\"img\" title=\"CLOUD TWEED 1122.0009\" src=\"https:\/\/transfer.langyarns.com\/Yarn\/1122\/1122_0009_LANGYARNS_CloudTweed_200_C.jpg\" alt=\"CLOUD TWEED 1122.0009\" \/><\/div>\n<\/div>\n<\/div>\n<div class=\"item\">\n<div id=\"itemArticleColor_1122_0008\" class=\"item articleColor onclick\">\n<div class=\"image onclick\"><img decoding=\"async\" class=\"img\" title=\"CLOUD TWEED 1122.0008\" src=\"https:\/\/transfer.langyarns.com\/Yarn\/1122\/1122_0008_LANGYARNS_CloudTweed_200_C.jpg\" alt=\"CLOUD TWEED 1122.0008\" \/><\/div>\n<\/div>\n<\/div>\n<div class=\"item\">\n<div id=\"itemArticleColor_1122_0007\" class=\"item articleColor onclick\">\n<div class=\"image onclick\"><img decoding=\"async\" class=\"img\" title=\"CLOUD TWEED 1122.0007\" src=\"https:\/\/transfer.langyarns.com\/Yarn\/1122\/1122_0007_LANGYARNS_CloudTweed_200_C.jpg\" alt=\"CLOUD TWEED 1122.0007\" \/><\/div>\n<\/div>\n<\/div>\n<div class=\"item\">\n<div id=\"itemArticleColor_1122_0006\" class=\"item articleColor onclick\">\n<div class=\"image onclick\"><img decoding=\"async\" class=\"img\" title=\"CLOUD TWEED 1122.0006\" src=\"https:\/\/transfer.langyarns.com\/Yarn\/1122\/1122_0006_LANGYARNS_CloudTweed_200_C.jpg\" alt=\"CLOUD TWEED 1122.0006\" \/><\/div>\n<\/div>\n<\/div>\n<div class=\"item\">\n<div id=\"itemArticleColor_1122_0005\" class=\"item articleColor onclick\">\n<div class=\"image onclick\"><img decoding=\"async\" class=\"img\" title=\"CLOUD TWEED 1122.0005\" src=\"https:\/\/transfer.langyarns.com\/Yarn\/1122\/1122_0005_LANGYARNS_CloudTweed_200_C.jpg\" alt=\"CLOUD TWEED 1122.0005\" \/><\/div>\n<\/div>\n<\/div>\n<div class=\"item\">\n<div id=\"itemArticleColor_1122_0003\" class=\"item articleColor onclick\">\n<div class=\"image onclick\"><img decoding=\"async\" class=\"img\" title=\"CLOUD TWEED 1122.0003\" src=\"https:\/\/transfer.langyarns.com\/Yarn\/1122\/1122_0003_LANGYARNS_CloudTweed_200_C.jpg\" alt=\"CLOUD TWEED 1122.0003\" \/><\/div>\n<\/div>\n<\/div>\n<div class=\"item\">\n<div id=\"itemArticleColor_1122_0001\" class=\"item articleColor onclick\">\n<div class=\"image onclick\"><img decoding=\"async\" class=\"img\" title=\"CLOUD TWEED 1122.0001\" src=\"https:\/\/transfer.langyarns.com\/Yarn\/1122\/1122_0001_LANGYARNS_CloudTweed_200_C.jpg\" alt=\"CLOUD TWEED 1122.0001\" \/><\/div>\n<\/div>\n<\/div>\n<\/div>\n<\/div>\n<div class=\"articleLink\"><a class=\"link pdf\" href=\"https:\/\/www.langyarns.com\/userfiles\/file\/generated\/1122B.pdf\" target=\"_blank\" rel=\"noopener\">Farbkarte PDF<\/a><\/div>\n<\/div>\n<\/div>\n<\/div>\n<\/div>\n<\/div>\n<\/div>\n<\/div>\n<div class=\"list\">\n<div class=\"item\">\n<div id=\"itemArticleColor_1122_0004\" class=\"item articleColor onclick\">\n<div class=\"image onclick\"><\/div>\n<\/div>\n<\/div>\n<div class=\"item\">\n<div id=\"itemArticleColor_1122_0003\" class=\"item articleColor onclick\">\n<div class=\"image onclick\"><\/div>\n<\/div>\n<\/div>\n<div class=\"item\">\n<div id=\"itemArticleColor_1122_0002\" class=\"item articleColor onclick\">\n<div class=\"image onclick\"><\/div>\n<\/div>\n<\/div>\n<div class=\"item\">\n<div id=\"itemArticleColor_1122_0001\" class=\"item articleColor onclick\"><\/div>\n<\/div>\n<\/div>\n<\/div>\n<div class=\"articleLink\"><\/div>\n","protected":false},"excerpt":{"rendered":"<p>Die einzigartigen Farbkombiationen verleihen jedem Projekt den unverwechselbaren Cloud-Look<\/p>\n","protected":false},"featured_media":3888,"template":"","meta":[],"product_brand":[],"product_cat":[16],"product_tag":[],"class_list":{"0":"post-3882","1":"product","2":"type-product","3":"status-publish","4":"has-post-thumbnail","6":"product_cat-wolle","8":"first","9":"instock","10":"shipping-taxable","11":"purchasable","12":"product-type-variable"},"_links":{"self":[{"href":"https:\/\/www.wullaestuebli.ch\/wordpress\/wp-json\/wp\/v2\/product\/3882","targetHints":{"allow":["GET"]}}],"collection":[{"href":"https:\/\/www.wullaestuebli.ch\/wordpress\/wp-json\/wp\/v2\/product"}],"about":[{"href":"https:\/\/www.wullaestuebli.ch\/wordpress\/wp-json\/wp\/v2\/types\/product"}],"wp:featuredmedia":[{"embeddable":true,"href":"https:\/\/www.wullaestuebli.ch\/wordpress\/wp-json\/wp\/v2\/media\/3888"}],"wp:attachment":[{"href":"https:\/\/www.wullaestuebli.ch\/wordpress\/wp-json\/wp\/v2\/media?parent=3882"}],"wp:term":[{"taxonomy":"product_brand","embeddable":true,"href":"https:\/\/www.wullaestuebli.ch\/wordpress\/wp-json\/wp\/v2\/product_brand?post=3882"},{"taxonomy":"product_cat","embeddable":true,"href":"https:\/\/www.wullaestuebli.ch\/wordpress\/wp-json\/wp\/v2\/product_cat?post=3882"},{"taxonomy":"product_tag","embeddable":true,"href":"https:\/\/www.wullaestuebli.ch\/wordpress\/wp-json\/wp\/v2\/product_tag?post=3882"}],"curies":[{"name":"wp","href":"https:\/\/api.w.org\/{rel}","templated":true}]}}