{"id":3834,"date":"2023-05-17T18:19:53","date_gmt":"2023-05-17T16:19:53","guid":{"rendered":"https:\/\/www.wullaestuebli.ch\/wordpress\/?post_type=product&#038;p=3834"},"modified":"2023-11-20T20:00:00","modified_gmt":"2023-11-20T19:00:00","slug":"dreiecktuch-laos-seide-2","status":"publish","type":"product","link":"https:\/\/www.wullaestuebli.ch\/wordpress\/produkt\/dreiecktuch-laos-seide-2\/","title":{"rendered":"Dreiecktuch Laos Seide"},"content":{"rendered":"","protected":false},"excerpt":{"rendered":"<p>Dreiecktuch gestrickt Fr. 110.&#8211;<br \/>\n2 Strangen Seide ausw\u00e4hlen<\/p>\n<p>Gr\u00f6sse: L\u00e4ngsseite: ca. 190cm, Spitz L\u00e4nge ca. 40cm &#8211; 45cm<\/p>\n","protected":false},"featured_media":3824,"template":"","meta":[],"product_brand":[],"product_cat":[24],"product_tag":[],"class_list":{"0":"post-3834","1":"product","2":"type-product","3":"status-publish","4":"has-post-thumbnail","6":"product_cat-modelle","8":"first","9":"instock","10":"shipping-taxable","11":"purchasable","12":"product-type-variable"},"_links":{"self":[{"href":"https:\/\/www.wullaestuebli.ch\/wordpress\/wp-json\/wp\/v2\/product\/3834","targetHints":{"allow":["GET"]}}],"collection":[{"href":"https:\/\/www.wullaestuebli.ch\/wordpress\/wp-json\/wp\/v2\/product"}],"about":[{"href":"https:\/\/www.wullaestuebli.ch\/wordpress\/wp-json\/wp\/v2\/types\/product"}],"wp:featuredmedia":[{"embeddable":true,"href":"https:\/\/www.wullaestuebli.ch\/wordpress\/wp-json\/wp\/v2\/media\/3824"}],"wp:attachment":[{"href":"https:\/\/www.wullaestuebli.ch\/wordpress\/wp-json\/wp\/v2\/media?parent=3834"}],"wp:term":[{"taxonomy":"product_brand","embeddable":true,"href":"https:\/\/www.wullaestuebli.ch\/wordpress\/wp-json\/wp\/v2\/product_brand?post=3834"},{"taxonomy":"product_cat","embeddable":true,"href":"https:\/\/www.wullaestuebli.ch\/wordpress\/wp-json\/wp\/v2\/product_cat?post=3834"},{"taxonomy":"product_tag","embeddable":true,"href":"https:\/\/www.wullaestuebli.ch\/wordpress\/wp-json\/wp\/v2\/product_tag?post=3834"}],"curies":[{"name":"wp","href":"https:\/\/api.w.org\/{rel}","templated":true}]}}