{"id":3671,"date":"2023-02-12T16:33:39","date_gmt":"2023-02-12T15:33:39","guid":{"rendered":"https:\/\/www.wullaestuebli.ch\/wordpress\/?post_type=product&#038;p=3671"},"modified":"2025-07-08T14:24:13","modified_gmt":"2025-07-08T12:24:13","slug":"noppenschal-cashmere-dreams","status":"publish","type":"product","link":"https:\/\/www.wullaestuebli.ch\/wordpress\/produkt\/noppenschal-cashmere-dreams\/","title":{"rendered":"Noppenschal Cashmere Dreams"},"content":{"rendered":"<div class=\"head\"><\/div>\n<div class=\"content\">\n<div id=\"layerBreadcrumb\">\n<div class=\"breadcrumbs\"><span class=\"breadcrumbs-item\"><a class=\"breadcrumbs-item-link\" href=\"https:\/\/www.langyarns.com\/de\/Wolle-Garne\/\">le | Garne<\/a><\/span><\/div>\n<\/div>\n<div id=\"layerMainContent\" class=\"layout-3\">\n<div class=\"layerDetailTemplate\">\n<div class=\"content-item\">\n<div class=\"content-item-inner\">\n<p><a class=\"buttonClose\" href=\"https:\/\/www.langyarns.com\/de\/Suche\/?sk=cashmere+dreams\"><span class=\"icon\">\uf060<\/span><\/a><\/p>\n<div class=\"list\">\n<div class=\"item left\">\n<div id=\"article-image-full\" class=\"article-image\">\n<div id=\"itemIframe360\" class=\"iframe active\"><iframe loading=\"lazy\" id=\"iframe360\" src=\"https:\/\/transfer.langyarns.com\/Yarn\/1085\/360\/1085_0043\/1085_0043.html\" width=\"100%\" height=\"800px\" frameborder=\"0\" scrolling=\"no\" allowfullscreen=\"allowfullscreen\"><\/iframe><\/div>\n<\/div>\n<\/div>\n<div class=\"item right\">\n<div class=\"head\">\n<h1 class=\"title\">CASHMERE DREAMS<span class=\"contentLight\">\u00a0|\u00a0<span id=\"articleNumber\">1085.0043<\/span><\/span><\/h1>\n<\/div>\n<div class=\"content\">\n<p>Der Name ist Programm &#8211; ein Traum aus Cashmere und Seide! Mit LANGYARNS CASHMERE DREAMS werden Deine Tr\u00e4ume wahr. Feinheit, Leichtigkeit, lassen Dich in h\u00f6here Sph\u00e4ren entschweben. Dieses Garn braucht nicht viele Worte &#8211; just knit it!<\/p>\n<\/div>\n<div class=\"attributes\">\n<div class=\"item\">\n<div class=\"label\">Zusammensetzung<\/div>\n<div class=\"value\">65% Kaschmir<br \/>\n35% Seide<\/div>\n<\/div>\n<div class=\"item\">\n<div class=\"label\">Laufl\u00e4nge<\/div>\n<div class=\"value\">\u223c290m\u00a0\/\u00a025g<\/div>\n<\/div>\n<div class=\"item\">\n<div class=\"label\">Nadel-Nr.<\/div>\n<div class=\"value\">\u00d8 3-3\u00bd mm<\/div>\n<\/div>\n<div class=\"item\">\n<div class=\"label\">Garnst\u00e4rke<\/div>\n<div class=\"value\">Sport<\/div>\n<\/div>\n<div class=\"item\">\n<div class=\"label\">Pflegemerkmale<\/div>\n<div class=\"value\"><img decoding=\"async\" src=\"https:\/\/www.langyarns.com\/userfiles\/image\/symbole\/W_16.png\" \/>\u00a0<img decoding=\"async\" src=\"https:\/\/www.langyarns.com\/userfiles\/image\/symbole\/C_36.png\" \/>\u00a0<img decoding=\"async\" src=\"https:\/\/www.langyarns.com\/userfiles\/image\/symbole\/T_59.png\" \/>\u00a0<img decoding=\"async\" src=\"https:\/\/www.langyarns.com\/userfiles\/image\/symbole\/B_40.png\" \/>\u00a0<img decoding=\"async\" src=\"https:\/\/www.langyarns.com\/userfiles\/image\/symbole\/R_44.png\" \/><br \/>\nWollwaschmittel ohne Weichsp\u00fcler verwenden.<\/div>\n<\/div>\n<div class=\"item\">\n<div class=\"label\">Maschenprobe<br \/>\n<span class=\"contentLight\">10 x 10 cm<\/span><\/div>\n<div class=\"value\">\n<div class=\"layerGauge\">\n<div class=\"layerGaugeRight\"><\/div>\n<div class=\"layerGaugeBottom\"><\/div>\n<div class=\"layerGaugeRightValue\">40<\/div>\n<div class=\"layerGaugeBottomValue\">26<\/div>\n<\/div>\n<div class=\"clear\">\u00a0<span style=\"font-family: inherit; font-weight: inherit;\">\u00a0<\/span><span style=\"font-weight: inherit; color: #252525; font-family: Rambla, 'SF Pro Text', Frutiger, 'Frutiger Linotype', Univers, Calibri, 'Gill Sans', 'Gill Sans MT', 'Myriad Pro', Myriad, 'DejaVu Sans Condensed', 'Liberation Sans', 'Nimbus Sans L', Tahoma, Geneva, 'Helvetica Neue', Helvetica, Arial, sans-serif; font-size: 2rem; letter-spacing: 0.1em; text-transform: uppercase;\">FARBEN<\/span><\/div>\n<\/div>\n<\/div>\n<\/div>\n<div class=\"article\">\n<div class=\"list\">\n<div class=\"item\">\n<div id=\"itemArticleColor_1085_0043\" class=\"item articleColor onclick\">\n<div class=\"image onclick\"><img decoding=\"async\" class=\"img\" title=\"CASHMERE DREAMS 1085.0043\" src=\"https:\/\/transfer.langyarns.com\/Yarn\/1085\/1085_0043_LANGYARNS_CashmereDreams_200_C.jpg\" alt=\"CASHMERE DREAMS 1085.0043\" \/><\/div>\n<\/div>\n<\/div>\n<div class=\"item\">\n<div id=\"itemArticleColor_1085_0050\" class=\"item articleColor onclick\">\n<div class=\"image onclick\"><img decoding=\"async\" class=\"img\" title=\"CASHMERE DREAMS 1085.0050\" src=\"https:\/\/transfer.langyarns.com\/Yarn\/1085\/1085_0050_LANGYARNS_CashmereDreams_200_C.jpg\" alt=\"CASHMERE DREAMS 1085.0050\" \/><\/div>\n<\/div>\n<\/div>\n<div class=\"item\">\n<div id=\"itemArticleColor_1085_0059\" class=\"item articleColor onclick\">\n<div class=\"image onclick\"><img decoding=\"async\" class=\"img\" title=\"CASHMERE DREAMS 1085.0059\" src=\"https:\/\/transfer.langyarns.com\/Yarn\/1085\/1085_0059_LANGYARNS_CashmereDreams_200_C.jpg\" alt=\"CASHMERE DREAMS 1085.0059\" \/><\/div>\n<\/div>\n<\/div>\n<div class=\"item\">\n<div id=\"itemArticleColor_1085_0159\" class=\"item articleColor onclick\">\n<div class=\"image onclick\"><img decoding=\"async\" class=\"img\" title=\"CASHMERE DREAMS 1085.0159\" src=\"https:\/\/transfer.langyarns.com\/Yarn\/1085\/1085_0159_LANGYARNS_CashmereDreams_200_C.jpg\" alt=\"CASHMERE DREAMS 1085.0159\" \/><\/div>\n<\/div>\n<\/div>\n<div class=\"item\">\n<div id=\"itemArticleColor_1085_0060\" class=\"item articleColor onclick\">\n<div class=\"image onclick\"><img decoding=\"async\" class=\"img\" title=\"CASHMERE DREAMS 1085.0060\" src=\"https:\/\/transfer.langyarns.com\/Yarn\/1085\/1085_0060_LANGYARNS_CashmereDreams_200_C.jpg\" alt=\"CASHMERE DREAMS 1085.0060\" \/><\/div>\n<\/div>\n<\/div>\n<div class=\"item\">\n<div id=\"itemArticleColor_1085_0064\" class=\"item articleColor onclick\">\n<div class=\"image onclick\"><img decoding=\"async\" class=\"img\" title=\"CASHMERE DREAMS 1085.0064\" src=\"https:\/\/transfer.langyarns.com\/Yarn\/1085\/1085_0064_LANGYARNS_CashmereDreams_200_C.jpg\" alt=\"CASHMERE DREAMS 1085.0064\" \/><\/div>\n<\/div>\n<\/div>\n<div class=\"item\">\n<div id=\"itemArticleColor_1085_0065\" class=\"item articleColor onclick\">\n<div class=\"image onclick\"><img decoding=\"async\" class=\"img\" title=\"CASHMERE DREAMS 1085.0065\" src=\"https:\/\/transfer.langyarns.com\/Yarn\/1085\/1085_0065_LANGYARNS_CashmereDreams_200_C.jpg\" alt=\"CASHMERE DREAMS 1085.0065\" \/><\/div>\n<\/div>\n<\/div>\n<div class=\"item\">\n<div id=\"itemArticleColor_1085_0047\" class=\"item articleColor onclick\">\n<div class=\"image onclick\"><img decoding=\"async\" class=\"img\" title=\"CASHMERE DREAMS 1085.0047\" src=\"https:\/\/transfer.langyarns.com\/Yarn\/1085\/1085_0047_LANGYARNS_CashmereDreams_200_C.jpg\" alt=\"CASHMERE DREAMS 1085.0047\" \/><\/div>\n<\/div>\n<\/div>\n<div class=\"item\">\n<div id=\"itemArticleColor_1085_0209\" class=\"item articleColor onclick\">\n<div class=\"image onclick\"><img decoding=\"async\" class=\"img\" title=\"CASHMERE DREAMS 1085.0209\" src=\"https:\/\/transfer.langyarns.com\/Yarn\/1085\/1085_0209_LANGYARNS_CashmereDreams_200_C.jpg\" alt=\"CASHMERE DREAMS 1085.0209\" \/><\/div>\n<\/div>\n<\/div>\n<div class=\"item\">\n<div id=\"itemArticleColor_1085_0080\" class=\"item articleColor onclick\">\n<div class=\"image onclick\"><img decoding=\"async\" class=\"img\" title=\"CASHMERE DREAMS 1085.0080\" src=\"https:\/\/transfer.langyarns.com\/Yarn\/1085\/1085_0080_LANGYARNS_CashmereDreams_200_C.jpg\" alt=\"CASHMERE DREAMS 1085.0080\" \/><\/div>\n<\/div>\n<\/div>\n<div class=\"item\">\n<div id=\"itemArticleColor_1085_0009\" class=\"item articleColor onclick\">\n<div class=\"image onclick\"><img decoding=\"async\" class=\"img\" title=\"CASHMERE DREAMS 1085.0009\" src=\"https:\/\/transfer.langyarns.com\/Yarn\/1085\/1085_0009_LANGYARNS_CashmereDreams_200_C.jpg\" alt=\"CASHMERE DREAMS 1085.0009\" \/><\/div>\n<\/div>\n<\/div>\n<div class=\"item\">\n<div id=\"itemArticleColor_1085_0109\" class=\"item articleColor onclick\">\n<div class=\"image onclick\"><img decoding=\"async\" class=\"img\" title=\"CASHMERE DREAMS 1085.0109\" src=\"https:\/\/transfer.langyarns.com\/Yarn\/1085\/1085_0109_LANGYARNS_CashmereDreams_200_C.jpg\" alt=\"CASHMERE DREAMS 1085.0109\" \/><\/div>\n<\/div>\n<\/div>\n<div class=\"item\">\n<div id=\"itemArticleColor_1085_0148\" class=\"item articleColor onclick\">\n<div class=\"image onclick\"><img decoding=\"async\" class=\"img\" title=\"CASHMERE DREAMS 1085.0148\" src=\"https:\/\/transfer.langyarns.com\/Yarn\/1085\/1085_0148_LANGYARNS_CashmereDreams_200_C.jpg\" alt=\"CASHMERE DREAMS 1085.0148\" \/><\/div>\n<\/div>\n<\/div>\n<div class=\"item\">\n<div id=\"itemArticleColor_1085_0021\" class=\"item articleColor onclick\">\n<div class=\"image onclick\"><img decoding=\"async\" class=\"img\" title=\"CASHMERE DREAMS 1085.0021\" src=\"https:\/\/transfer.langyarns.com\/Yarn\/1085\/1085_0021_LANGYARNS_CashmereDreams_200_C.jpg\" alt=\"CASHMERE DREAMS 1085.0021\" \/><\/div>\n<\/div>\n<\/div>\n<div class=\"item\">\n<div id=\"itemArticleColor_1085_0033\" class=\"item articleColor onclick\">\n<div class=\"image onclick\"><img decoding=\"async\" class=\"img\" title=\"CASHMERE DREAMS 1085.0033\" src=\"https:\/\/transfer.langyarns.com\/Yarn\/1085\/1085_0033_LANGYARNS_CashmereDreams_200_C.jpg\" alt=\"CASHMERE DREAMS 1085.0033\" \/><\/div>\n<\/div>\n<\/div>\n<div class=\"item\">\n<div id=\"itemArticleColor_1085_0034\" class=\"item articleColor onclick\">\n<div class=\"image onclick\"><img decoding=\"async\" class=\"img\" title=\"CASHMERE DREAMS 1085.0034\" src=\"https:\/\/transfer.langyarns.com\/Yarn\/1085\/1085_0034_LANGYARNS_CashmereDreams_200_C.jpg\" alt=\"CASHMERE DREAMS 1085.0034\" \/><\/div>\n<\/div>\n<\/div>\n<div class=\"item\">\n<div id=\"itemArticleColor_1085_0035\" class=\"item articleColor onclick\">\n<div class=\"image onclick\"><img decoding=\"async\" class=\"img\" title=\"CASHMERE DREAMS 1085.0035\" src=\"https:\/\/transfer.langyarns.com\/Yarn\/1085\/1085_0035_LANGYARNS_CashmereDreams_200_C.jpg\" alt=\"CASHMERE DREAMS 1085.0035\" \/><\/div>\n<\/div>\n<\/div>\n<div class=\"item\">\n<div id=\"itemArticleColor_1085_0121\" class=\"item articleColor onclick\">\n<div class=\"image onclick\"><img decoding=\"async\" class=\"img\" title=\"CASHMERE DREAMS 1085.0121\" src=\"https:\/\/transfer.langyarns.com\/Yarn\/1085\/1085_0121_LANGYARNS_CashmereDreams_200_C.jpg\" alt=\"CASHMERE DREAMS 1085.0121\" \/><\/div>\n<\/div>\n<\/div>\n<div class=\"item\">\n<div id=\"itemArticleColor_1085_0074\" class=\"item articleColor onclick\">\n<div class=\"image onclick\"><img decoding=\"async\" class=\"img\" title=\"CASHMERE DREAMS 1085.0074\" src=\"https:\/\/transfer.langyarns.com\/Yarn\/1085\/1085_0074_LANGYARNS_CashmereDreams_200_C.jpg\" alt=\"CASHMERE DREAMS 1085.0074\" \/><\/div>\n<\/div>\n<\/div>\n<div class=\"item\">\n<div id=\"itemArticleColor_1085_0088\" class=\"item articleColor onclick\">\n<div class=\"image onclick\"><img decoding=\"async\" class=\"img\" title=\"CASHMERE DREAMS 1085.0088\" src=\"https:\/\/transfer.langyarns.com\/Yarn\/1085\/1085_0088_LANGYARNS_CashmereDreams_200_C.jpg\" alt=\"CASHMERE DREAMS 1085.0088\" \/><\/div>\n<\/div>\n<\/div>\n<div class=\"item\">\n<div id=\"itemArticleColor_1085_0091\" class=\"item articleColor onclick\">\n<div class=\"image onclick\"><img decoding=\"async\" class=\"img\" title=\"CASHMERE DREAMS 1085.0091\" src=\"https:\/\/transfer.langyarns.com\/Yarn\/1085\/1085_0091_LANGYARNS_CashmereDreams_200_C.jpg\" alt=\"CASHMERE DREAMS 1085.0091\" \/><\/div>\n<div class=\"flag trend\">Trend<\/div>\n<\/div>\n<\/div>\n<div class=\"item\">\n<div id=\"itemArticleColor_1085_0092\" class=\"item articleColor onclick\">\n<div class=\"image onclick\"><img decoding=\"async\" class=\"img\" title=\"CASHMERE DREAMS 1085.0092\" src=\"https:\/\/transfer.langyarns.com\/Yarn\/1085\/1085_0092_LANGYARNS_CashmereDreams_200_C.jpg\" alt=\"CASHMERE DREAMS 1085.0092\" \/><\/div>\n<\/div>\n<\/div>\n<div class=\"item\">\n<div id=\"itemArticleColor_1085_0118\" class=\"item articleColor onclick\">\n<div class=\"image onclick\"><img decoding=\"async\" class=\"img\" title=\"CASHMERE DREAMS 1085.0118\" src=\"https:\/\/transfer.langyarns.com\/Yarn\/1085\/1085_0118_LANGYARNS_CashmereDreams_200_C.jpg\" alt=\"CASHMERE DREAMS 1085.0118\" \/><\/div>\n<\/div>\n<\/div>\n<div class=\"item\">\n<div id=\"itemArticleColor_1085_0044\" class=\"item articleColor onclick\">\n<div class=\"image onclick\"><img decoding=\"async\" class=\"img\" title=\"CASHMERE DREAMS 1085.0044\" src=\"https:\/\/transfer.langyarns.com\/Yarn\/1085\/1085_0044_LANGYARNS_CashmereDreams_200_C.jpg\" alt=\"CASHMERE DREAMS 1085.0044\" \/><\/div>\n<div class=\"flag trend\">Trend<\/div>\n<\/div>\n<\/div>\n<div class=\"item\">\n<div id=\"itemArticleColor_1085_0018\" class=\"item articleColor onclick\">\n<div class=\"image onclick\"><img decoding=\"async\" class=\"img\" title=\"CASHMERE DREAMS 1085.0018\" src=\"https:\/\/transfer.langyarns.com\/Yarn\/1085\/1085_0018_LANGYARNS_CashmereDreams_200_C.jpg\" alt=\"CASHMERE DREAMS 1085.0018\" \/><\/div>\n<\/div>\n<\/div>\n<div class=\"item\">\n<div id=\"itemArticleColor_1085_0098\" class=\"item articleColor onclick\">\n<div class=\"image onclick\"><img decoding=\"async\" class=\"img\" title=\"CASHMERE DREAMS 1085.0098\" src=\"https:\/\/transfer.langyarns.com\/Yarn\/1085\/1085_0098_LANGYARNS_CashmereDreams_200_C.jpg\" alt=\"CASHMERE DREAMS 1085.0098\" \/><\/div>\n<div class=\"flag trend\">Trend<\/div>\n<\/div>\n<\/div>\n<div class=\"item\">\n<div id=\"itemArticleColor_1085_0094\" class=\"item articleColor onclick\">\n<div class=\"image onclick\"><img decoding=\"async\" class=\"img\" title=\"CASHMERE DREAMS 1085.0094\" src=\"https:\/\/transfer.langyarns.com\/Yarn\/1085\/1085_0094_LANGYARNS_CashmereDreams_200_C.jpg\" alt=\"CASHMERE DREAMS 1085.0094\" \/><\/div>\n<\/div>\n<\/div>\n<div class=\"item\">\n<div id=\"itemArticleColor_1085_0026\" class=\"item articleColor onclick\">\n<div class=\"image onclick\"><img decoding=\"async\" class=\"img\" title=\"CASHMERE DREAMS 1085.0026\" src=\"https:\/\/transfer.langyarns.com\/Yarn\/1085\/1085_0026_LANGYARNS_CashmereDreams_200_C.jpg\" alt=\"CASHMERE DREAMS 1085.0026\" \/><\/div>\n<\/div>\n<\/div>\n<div class=\"item\">\n<div id=\"itemArticleColor_1085_0039\" class=\"item articleColor onclick\">\n<div class=\"image onclick\"><img decoding=\"async\" class=\"img\" title=\"CASHMERE DREAMS 1085.0039\" src=\"https:\/\/transfer.langyarns.com\/Yarn\/1085\/1085_0039_LANGYARNS_CashmereDreams_200_C.jpg\" alt=\"CASHMERE DREAMS 1085.0039\" \/><\/div>\n<\/div>\n<\/div>\n<div class=\"item\">\n<div id=\"itemArticleColor_1085_0168\" class=\"item articleColor onclick\">\n<div class=\"image onclick\"><img decoding=\"async\" class=\"img\" title=\"CASHMERE DREAMS 1085.0168\" src=\"https:\/\/transfer.langyarns.com\/Yarn\/1085\/1085_0168_LANGYARNS_CashmereDreams_200_C.jpg\" alt=\"CASHMERE DREAMS 1085.0168\" \/><\/div>\n<div class=\"flag trend\">Trend<\/div>\n<\/div>\n<\/div>\n<div class=\"item\">\n<div id=\"itemArticleColor_1085_0068\" class=\"item articleColor onclick\">\n<div class=\"image onclick\"><img decoding=\"async\" class=\"img\" title=\"CASHMERE DREAMS 1085.0068\" src=\"https:\/\/transfer.langyarns.com\/Yarn\/1085\/1085_0068_LANGYARNS_CashmereDreams_200_C.jpg\" alt=\"CASHMERE DREAMS 1085.0068\" \/><\/div>\n<\/div>\n<\/div>\n<div class=\"item\">\n<div id=\"itemArticleColor_1085_0001\" class=\"item articleColor onclick\">\n<div class=\"image onclick\"><img decoding=\"async\" class=\"img\" title=\"CASHMERE DREAMS 1085.0001\" src=\"https:\/\/transfer.langyarns.com\/Yarn\/1085\/1085_0001_LANGYARNS_CashmereDreams_200_C.jpg\" alt=\"CASHMERE DREAMS 1085.0001\" \/><\/div>\n<\/div>\n<\/div>\n<div class=\"item\">\n<div id=\"itemArticleColor_1085_0023\" class=\"item articleColor onclick\">\n<div class=\"image onclick\"><img decoding=\"async\" class=\"img\" title=\"CASHMERE DREAMS 1085.0023\" src=\"https:\/\/transfer.langyarns.com\/Yarn\/1085\/1085_0023_LANGYARNS_CashmereDreams_200_C.jpg\" alt=\"CASHMERE DREAMS 1085.0023\" \/><\/div>\n<\/div>\n<\/div>\n<div class=\"item\">\n<div id=\"itemArticleColor_1085_0004\" class=\"item articleColor onclick\">\n<div class=\"image onclick\"><img decoding=\"async\" class=\"img\" title=\"CASHMERE DREAMS 1085.0004\" src=\"https:\/\/transfer.langyarns.com\/Yarn\/1085\/1085_0004_LANGYARNS_CashmereDreams_200_C.jpg\" alt=\"CASHMERE DREAMS 1085.0004\" \/><\/div>\n<\/div>\n<\/div>\n<\/div>\n<\/div>\n<div class=\"articleLink\"><a class=\"link pdf\" href=\"https:\/\/www.langyarns.com\/userfiles\/file\/generated\/1085B.pdf\" target=\"_blank\" rel=\"noopener\">Farbkarte PDF<\/a><\/div>\n<\/div>\n<\/div>\n<\/div>\n<\/div>\n<\/div>\n<\/div>\n<\/div>\n<div class=\"article\">\n<div class=\"list\">\n<div class=\"item\">\n<div id=\"itemArticleColor_1085_0050\" class=\"item articleColor onclick\">\n<div class=\"image onclick\"><\/div>\n<\/div>\n<\/div>\n<div class=\"item\">\n<div id=\"itemArticleColor_1085_0059\" class=\"item articleColor onclick\">\n<div class=\"flag trend\"><\/div>\n<\/div>\n<\/div>\n<div class=\"item\">\n<div id=\"itemArticleColor_1085_0060\" class=\"item articleColor onclick\"><\/div>\n<\/div>\n<div class=\"item\">\n<div id=\"itemArticleColor_1085_0064\" class=\"item articleColor onclick\">\n<div class=\"flag trend\"><\/div>\n<\/div>\n<\/div>\n<div class=\"item\">\n<div id=\"itemArticleColor_1085_0065\" class=\"item articleColor onclick\">\n<div class=\"flag trend\"><\/div>\n<\/div>\n<\/div>\n<div class=\"item\">\n<div id=\"itemArticleColor_1085_0047\" class=\"item articleColor onclick\">\n<div class=\"flag trend\"><\/div>\n<\/div>\n<\/div>\n<div class=\"item\">\n<div id=\"itemArticleColor_1085_0121\" class=\"item articleColor onclick\"><\/div>\n<\/div>\n<div class=\"item\">\n<div id=\"itemArticleColor_1085_0074\" class=\"item articleColor onclick\">\n<div class=\"image onclick\"><\/div>\n<\/div>\n<\/div>\n<div class=\"item\">\n<div id=\"itemArticleColor_1085_0018\" class=\"item articleColor onclick\"><\/div>\n<\/div>\n<div class=\"item\">\n<div id=\"itemArticleColor_1085_0033\" class=\"item articleColor onclick\">\n<div class=\"flag trend\"><\/div>\n<\/div>\n<\/div>\n<div class=\"item\">\n<div id=\"itemArticleColor_1085_0021\" class=\"item articleColor onclick\">\n<div class=\"image onclick\"><\/div>\n<\/div>\n<\/div>\n<div class=\"item\">\n<div id=\"itemArticleColor_1085_0091\" class=\"item articleColor onclick\"><\/div>\n<\/div>\n<div class=\"item\">\n<div id=\"itemArticleColor_1085_0009\" class=\"item articleColor onclick\">\n<div class=\"image onclick\"><\/div>\n<\/div>\n<\/div>\n<div class=\"item\">\n<div id=\"itemArticleColor_1085_0019\" class=\"item articleColor onclick\">\n<div class=\"image onclick\"><\/div>\n<\/div>\n<\/div>\n<div class=\"item\">\n<div id=\"itemArticleColor_1085_0048\" class=\"item articleColor onclick\">\n<div class=\"image onclick\"><\/div>\n<\/div>\n<\/div>\n<div class=\"item\">\n<div id=\"itemArticleColor_1085_0148\" class=\"item articleColor onclick\"><\/div>\n<\/div>\n<div class=\"item\">\n<div id=\"itemArticleColor_1085_0039\" class=\"item articleColor onclick\">\n<div class=\"flag trend\"><\/div>\n<\/div>\n<\/div>\n<\/div>\n<\/div>\n","protected":false},"excerpt":{"rendered":"<p>Strickpackung Nr. 14-021 3 Kn\u00e4uel Cashmere Dreams<br \/>\nStricknadeln k\u00f6nnen separat bestellt werden.<\/p>\n<p>Breite 50cm, L\u00e4nge 160cm<\/p>\n","protected":false},"featured_media":3675,"template":"","meta":[],"product_brand":[],"product_cat":[25],"product_tag":[],"class_list":{"0":"post-3671","1":"product","2":"type-product","3":"status-publish","4":"has-post-thumbnail","6":"product_cat-strickpackungen","8":"first","9":"instock","10":"shipping-taxable","11":"purchasable","12":"product-type-variable"},"_links":{"self":[{"href":"https:\/\/www.wullaestuebli.ch\/wordpress\/wp-json\/wp\/v2\/product\/3671","targetHints":{"allow":["GET"]}}],"collection":[{"href":"https:\/\/www.wullaestuebli.ch\/wordpress\/wp-json\/wp\/v2\/product"}],"about":[{"href":"https:\/\/www.wullaestuebli.ch\/wordpress\/wp-json\/wp\/v2\/types\/product"}],"wp:featuredmedia":[{"embeddable":true,"href":"https:\/\/www.wullaestuebli.ch\/wordpress\/wp-json\/wp\/v2\/media\/3675"}],"wp:attachment":[{"href":"https:\/\/www.wullaestuebli.ch\/wordpress\/wp-json\/wp\/v2\/media?parent=3671"}],"wp:term":[{"taxonomy":"product_brand","embeddable":true,"href":"https:\/\/www.wullaestuebli.ch\/wordpress\/wp-json\/wp\/v2\/product_brand?post=3671"},{"taxonomy":"product_cat","embeddable":true,"href":"https:\/\/www.wullaestuebli.ch\/wordpress\/wp-json\/wp\/v2\/product_cat?post=3671"},{"taxonomy":"product_tag","embeddable":true,"href":"https:\/\/www.wullaestuebli.ch\/wordpress\/wp-json\/wp\/v2\/product_tag?post=3671"}],"curies":[{"name":"wp","href":"https:\/\/api.w.org\/{rel}","templated":true}]}}