{"id":3652,"date":"2023-02-11T14:29:39","date_gmt":"2023-02-11T13:29:39","guid":{"rendered":"https:\/\/www.wullaestuebli.ch\/wordpress\/?post_type=product&#038;p=3652"},"modified":"2025-07-08T10:24:35","modified_gmt":"2025-07-08T08:24:35","slug":"regina","status":"publish","type":"product","link":"https:\/\/www.wullaestuebli.ch\/wordpress\/produkt\/regina\/","title":{"rendered":"Regina"},"content":{"rendered":"<div class=\"head\">\n<h1 class=\"title\">REGINA<span class=\"contentLight\">\u00a0|\u00a0<span id=\"articleNumber\">1093.0009<\/span><\/span><\/h1>\n<\/div>\n<div class=\"content\">\n<p>Ein Garn mit wundersch\u00f6nem Glanz und Gef\u00fchl, das das Beste aus allen Welten in sich vereint. Es besteht aus Seide, Baby-Alpaka, Baumwolle und einem kleinen Anteil an Wolle. Dieses Garn ist atmungsaktiv, bietet aber genug W\u00e4rme f\u00fcr k\u00fchle Fr\u00fchlingstage. Die Farben sind lebendig, und dank der breiten Farbpalette kann jeder m\u00fchelos seine Lieblingsauswahl treffen.<\/p>\n<\/div>\n<div class=\"attributes\">\n<div class=\"item\">\n<div class=\"label\">Zusammensetzung<\/div>\n<div class=\"value\">50% Baumwolle<br \/>\n24% Alpaka (Baby Alpaca)<br \/>\n20% Seide<br \/>\n6% Wolle<\/div>\n<\/div>\n<div class=\"item\">\n<div class=\"label\">Laufl\u00e4nge<\/div>\n<div class=\"value\">\u223c175m\u00a0\/\u00a050g<\/div>\n<\/div>\n<div class=\"item\">\n<div class=\"label\">Nadel-Nr.<\/div>\n<div class=\"value\">\u00d8 3\u00bd-4 mm<\/div>\n<\/div>\n<div class=\"item\">\n<div class=\"label\">Garnst\u00e4rke<\/div>\n<div class=\"value\">DK<\/div>\n<\/div>\n<div class=\"item\">\n<div class=\"label\">Pflegemerkmale<\/div>\n<div class=\"value\"><img decoding=\"async\" src=\"https:\/\/www.langyarns.com\/userfiles\/image\/symbole\/W_15.png\" \/>\u00a0<img decoding=\"async\" src=\"https:\/\/www.langyarns.com\/userfiles\/image\/symbole\/C_36.png\" \/>\u00a0<img decoding=\"async\" src=\"https:\/\/www.langyarns.com\/userfiles\/image\/symbole\/T_59.png\" \/>\u00a0<img decoding=\"async\" src=\"https:\/\/www.langyarns.com\/userfiles\/image\/symbole\/B_40.png\" \/>\u00a0<img decoding=\"async\" src=\"https:\/\/www.langyarns.com\/userfiles\/image\/symbole\/R_44.png\" \/><br \/>\nFeinwaschmittel ohne Weichsp\u00fcler verwenden.<\/div>\n<\/div>\n<div class=\"item\">\n<div class=\"label\">Maschenprobe<br \/>\n<span class=\"contentLight\">10 x 10 cm<\/span><\/div>\n<div class=\"value\">\n<div class=\"layerGauge\">\n<div class=\"layerGaugeRight\"><\/div>\n<div class=\"layerGaugeBottom\"><\/div>\n<div class=\"layerGaugeRightValue\">32<\/div>\n<div class=\"layerGaugeBottomValue\">24<\/div>\n<\/div>\n<\/div>\n<\/div>\n<\/div>\n<div class=\"article-image-small\">\n<div id=\"articleImage\" class=\"image-list\">\n<div id=\"itemFaden\" class=\"item\">\u00a0<span style=\"color: #252525; font-family: Rambla, 'SF Pro Text', Frutiger, 'Frutiger Linotype', Univers, Calibri, 'Gill Sans', 'Gill Sans MT', 'Myriad Pro', Myriad, 'DejaVu Sans Condensed', 'Liberation Sans', 'Nimbus Sans L', Tahoma, Geneva, 'Helvetica Neue', Helvetica, Arial, sans-serif; font-size: 2rem; letter-spacing: 0.1em; text-transform: uppercase;\">FARBEN<\/span><\/div>\n<\/div>\n<\/div>\n<div class=\"article\">\n<div class=\"list\">\n<div class=\"item\">\n<div id=\"itemArticleColor_1093_0009\" class=\"item articleColor onclick\">\n<div class=\"image onclick\"><img decoding=\"async\" class=\"img\" title=\"REGINA 1093.0009\" src=\"https:\/\/transfer.langyarns.com\/Yarn\/1093\/1093_0009_LANGYARNS_Regina_200_C.jpg\" alt=\"REGINA 1093.0009\" \/><\/div>\n<\/div>\n<\/div>\n<div class=\"item\">\n<div id=\"itemArticleColor_1093_0019\" class=\"item articleColor onclick\">\n<div class=\"image onclick\"><img decoding=\"async\" class=\"img\" title=\"REGINA 1093.0019\" src=\"https:\/\/transfer.langyarns.com\/Yarn\/1093\/1093_0019_LANGYARNS_Regina_200_C.jpg\" alt=\"REGINA 1093.0019\" \/><\/div>\n<\/div>\n<\/div>\n<div class=\"item\">\n<div id=\"itemArticleColor_1093_0048\" class=\"item articleColor onclick\">\n<div class=\"image onclick\"><img decoding=\"async\" class=\"img\" title=\"REGINA 1093.0048\" src=\"https:\/\/transfer.langyarns.com\/Yarn\/1093\/1093_0048_LANGYARNS_Regina_200_C.jpg\" alt=\"REGINA 1093.0048\" \/><\/div>\n<\/div>\n<\/div>\n<div class=\"item\">\n<div id=\"itemArticleColor_1093_0013\" class=\"item articleColor onclick\">\n<div class=\"image onclick\"><img decoding=\"async\" class=\"img\" title=\"REGINA 1093.0013\" src=\"https:\/\/transfer.langyarns.com\/Yarn\/1093\/1093_0013_LANGYARNS_Regina_200_C.jpg\" alt=\"REGINA 1093.0013\" \/><\/div>\n<\/div>\n<\/div>\n<div class=\"item\">\n<div id=\"itemArticleColor_1093_0014\" class=\"item articleColor onclick\">\n<div class=\"image onclick\"><img decoding=\"async\" class=\"img\" title=\"REGINA 1093.0014\" src=\"https:\/\/transfer.langyarns.com\/Yarn\/1093\/1093_0014_LANGYARNS_Regina_200_C.jpg\" alt=\"REGINA 1093.0014\" \/><\/div>\n<\/div>\n<\/div>\n<div class=\"item\">\n<div id=\"itemArticleColor_1093_0050\" class=\"item articleColor onclick\">\n<div class=\"image onclick\"><img decoding=\"async\" class=\"img\" title=\"REGINA 1093.0050\" src=\"https:\/\/transfer.langyarns.com\/Yarn\/1093\/1093_0050_LANGYARNS_Regina_200_C.jpg\" alt=\"REGINA 1093.0050\" \/><\/div>\n<div class=\"flag trend\">Trend<\/div>\n<\/div>\n<\/div>\n<div class=\"item\">\n<div id=\"itemArticleColor_1093_0015\" class=\"item articleColor onclick\">\n<div class=\"image onclick\"><img decoding=\"async\" class=\"img\" title=\"REGINA 1093.0015\" src=\"https:\/\/transfer.langyarns.com\/Yarn\/1093\/1093_0015_LANGYARNS_Regina_200_C.jpg\" alt=\"REGINA 1093.0015\" \/><\/div>\n<\/div>\n<\/div>\n<div class=\"item\">\n<div id=\"itemArticleColor_1093_0059\" class=\"item articleColor onclick\">\n<div class=\"image onclick\"><img decoding=\"async\" class=\"img\" title=\"REGINA 1093.0059\" src=\"https:\/\/transfer.langyarns.com\/Yarn\/1093\/1093_0059_LANGYARNS_Regina_200_C.jpg\" alt=\"REGINA 1093.0059\" \/><\/div>\n<\/div>\n<\/div>\n<div class=\"item\">\n<div id=\"itemArticleColor_1093_0087\" class=\"item articleColor onclick\">\n<div class=\"image onclick\"><img decoding=\"async\" class=\"img\" title=\"REGINA 1093.0087\" src=\"https:\/\/transfer.langyarns.com\/Yarn\/1093\/1093_0087_LANGYARNS_Regina_200_C.jpg\" alt=\"REGINA 1093.0087\" \/><\/div>\n<\/div>\n<\/div>\n<div class=\"item\">\n<div id=\"itemArticleColor_1093_0061\" class=\"item articleColor onclick\">\n<div class=\"image onclick\"><img decoding=\"async\" class=\"img\" title=\"REGINA 1093.0061\" src=\"https:\/\/transfer.langyarns.com\/Yarn\/1093\/1093_0061_LANGYARNS_Regina_200_C.jpg\" alt=\"REGINA 1093.0061\" \/><\/div>\n<\/div>\n<\/div>\n<div class=\"item\">\n<div id=\"itemArticleColor_1093_0159\" class=\"item articleColor onclick\">\n<div class=\"image onclick\"><img decoding=\"async\" class=\"img\" title=\"REGINA 1093.0159\" src=\"https:\/\/transfer.langyarns.com\/Yarn\/1093\/1093_0159_LANGYARNS_Regina_200_C.jpg\" alt=\"REGINA 1093.0159\" \/><\/div>\n<\/div>\n<\/div>\n<div class=\"item\">\n<div id=\"itemArticleColor_1093_0076\" class=\"item articleColor onclick\">\n<div class=\"image onclick\"><img decoding=\"async\" class=\"img\" title=\"REGINA 1093.0076\" src=\"https:\/\/transfer.langyarns.com\/Yarn\/1093\/1093_0076_LANGYARNS_Regina_200_C.jpg\" alt=\"REGINA 1093.0076\" \/><\/div>\n<\/div>\n<\/div>\n<div class=\"item\">\n<div id=\"itemArticleColor_1093_0060\" class=\"item articleColor onclick\">\n<div class=\"image onclick\"><img decoding=\"async\" class=\"img\" title=\"REGINA 1093.0060\" src=\"https:\/\/transfer.langyarns.com\/Yarn\/1093\/1093_0060_LANGYARNS_Regina_200_C.jpg\" alt=\"REGINA 1093.0060\" \/><\/div>\n<\/div>\n<\/div>\n<div class=\"item\">\n<div id=\"itemArticleColor_1093_0029\" class=\"item articleColor onclick\">\n<div class=\"image onclick\"><img decoding=\"async\" class=\"img\" title=\"REGINA 1093.0029\" src=\"https:\/\/transfer.langyarns.com\/Yarn\/1093\/1093_0029_LANGYARNS_Regina_200_C.jpg\" alt=\"REGINA 1093.0029\" \/><\/div>\n<\/div>\n<\/div>\n<div class=\"item\">\n<div id=\"itemArticleColor_1093_0066\" class=\"item articleColor onclick\">\n<div class=\"image onclick\"><img decoding=\"async\" class=\"img\" title=\"REGINA 1093.0066\" src=\"https:\/\/transfer.langyarns.com\/Yarn\/1093\/1093_0066_LANGYARNS_Regina_200_C.jpg\" alt=\"REGINA 1093.0066\" \/><\/div>\n<\/div>\n<\/div>\n<div class=\"item\">\n<div id=\"itemArticleColor_1093_0062\" class=\"item articleColor onclick\">\n<div class=\"image onclick\"><img decoding=\"async\" class=\"img\" title=\"REGINA 1093.0062\" src=\"https:\/\/transfer.langyarns.com\/Yarn\/1093\/1093_0062_LANGYARNS_Regina_200_C.jpg\" alt=\"REGINA 1093.0062\" \/><\/div>\n<\/div>\n<\/div>\n<div class=\"item\">\n<div id=\"itemArticleColor_1093_0064\" class=\"item articleColor onclick\">\n<div class=\"image onclick\"><img decoding=\"async\" class=\"img\" title=\"REGINA 1093.0064\" src=\"https:\/\/transfer.langyarns.com\/Yarn\/1093\/1093_0064_LANGYARNS_Regina_200_C.jpg\" alt=\"REGINA 1093.0064\" \/><\/div>\n<\/div>\n<\/div>\n<div class=\"item\">\n<div id=\"itemArticleColor_1093_0080\" class=\"item articleColor onclick\">\n<div class=\"image onclick\"><img decoding=\"async\" class=\"img\" title=\"REGINA 1093.0080\" src=\"https:\/\/transfer.langyarns.com\/Yarn\/1093\/1093_0080_LANGYARNS_Regina_200_C.jpg\" alt=\"REGINA 1093.0080\" \/><\/div>\n<\/div>\n<\/div>\n<div class=\"item\">\n<div id=\"itemArticleColor_1093_0007\" class=\"item articleColor onclick\">\n<div class=\"image onclick\"><img decoding=\"async\" class=\"img\" title=\"REGINA 1093.0007\" src=\"https:\/\/transfer.langyarns.com\/Yarn\/1093\/1093_0007_LANGYARNS_Regina_200_C.jpg\" alt=\"REGINA 1093.0007\" \/><\/div>\n<div class=\"flag trend\">Trend<\/div>\n<\/div>\n<\/div>\n<div class=\"item\">\n<div id=\"itemArticleColor_1093_0046\" class=\"item articleColor onclick\">\n<div class=\"image onclick\"><img decoding=\"async\" class=\"img\" title=\"REGINA 1093.0046\" src=\"https:\/\/transfer.langyarns.com\/Yarn\/1093\/1093_0046_LANGYARNS_Regina_200_C.jpg\" alt=\"REGINA 1093.0046\" \/><\/div>\n<div class=\"flag trend\">Trend<\/div>\n<\/div>\n<\/div>\n<div class=\"item\">\n<div id=\"itemArticleColor_1093_0003\" class=\"item articleColor onclick\">\n<div class=\"image onclick\"><img decoding=\"async\" class=\"img\" title=\"REGINA 1093.0003\" src=\"https:\/\/transfer.langyarns.com\/Yarn\/1093\/1093_0003_LANGYARNS_Regina_200_C.jpg\" alt=\"REGINA 1093.0003\" \/><\/div>\n<\/div>\n<\/div>\n<div class=\"item\">\n<div id=\"itemArticleColor_1093_0103\" class=\"item articleColor onclick\">\n<div class=\"image onclick\"><img decoding=\"async\" class=\"img\" title=\"REGINA 1093.0103\" src=\"https:\/\/transfer.langyarns.com\/Yarn\/1093\/1093_0103_LANGYARNS_Regina_200_C.jpg\" alt=\"REGINA 1093.0103\" \/><\/div>\n<\/div>\n<\/div>\n<div class=\"item\">\n<div id=\"itemArticleColor_1093_0020\" class=\"item articleColor onclick\">\n<div class=\"image onclick\"><img decoding=\"async\" class=\"img\" title=\"REGINA 1093.0020\" src=\"https:\/\/transfer.langyarns.com\/Yarn\/1093\/1093_0020_LANGYARNS_Regina_200_C.jpg\" alt=\"REGINA 1093.0020\" \/><\/div>\n<\/div>\n<\/div>\n<div class=\"item\">\n<div id=\"itemArticleColor_1093_0074\" class=\"item articleColor onclick\">\n<div class=\"image onclick\"><img decoding=\"async\" class=\"img\" title=\"REGINA 1093.0074\" src=\"https:\/\/transfer.langyarns.com\/Yarn\/1093\/1093_0074_LANGYARNS_Regina_200_C.jpg\" alt=\"REGINA 1093.0074\" \/><\/div>\n<\/div>\n<\/div>\n<div class=\"item\">\n<div id=\"itemArticleColor_1093_0088\" class=\"item articleColor onclick\">\n<div class=\"image onclick\"><img decoding=\"async\" class=\"img\" title=\"REGINA 1093.0088\" src=\"https:\/\/transfer.langyarns.com\/Yarn\/1093\/1093_0088_LANGYARNS_Regina_200_C.jpg\" alt=\"REGINA 1093.0088\" \/><\/div>\n<\/div>\n<\/div>\n<div class=\"item\">\n<div id=\"itemArticleColor_1093_0188\" class=\"item articleColor onclick\">\n<div class=\"image onclick\"><img decoding=\"async\" class=\"img\" title=\"REGINA 1093.0188\" src=\"https:\/\/transfer.langyarns.com\/Yarn\/1093\/1093_0188_LANGYARNS_Regina_200_C.jpg\" alt=\"REGINA 1093.0188\" \/><\/div>\n<div class=\"flag trend\">Trend<\/div>\n<\/div>\n<\/div>\n<div class=\"item\">\n<div id=\"itemArticleColor_1093_0006\" class=\"item articleColor onclick\">\n<div class=\"image onclick\"><img decoding=\"async\" class=\"img\" title=\"REGINA 1093.0006\" src=\"https:\/\/transfer.langyarns.com\/Yarn\/1093\/1093_0006_LANGYARNS_Regina_200_C.jpg\" alt=\"REGINA 1093.0006\" \/><\/div>\n<\/div>\n<\/div>\n<div class=\"item\">\n<div id=\"itemArticleColor_1093_0010\" class=\"item articleColor onclick\">\n<div class=\"image onclick\"><img decoding=\"async\" class=\"img\" title=\"REGINA 1093.0010\" src=\"https:\/\/transfer.langyarns.com\/Yarn\/1093\/1093_0010_LANGYARNS_Regina_200_C.jpg\" alt=\"REGINA 1093.0010\" \/><\/div>\n<\/div>\n<\/div>\n<div class=\"item\">\n<div id=\"itemArticleColor_1093_0035\" class=\"item articleColor onclick\">\n<div class=\"image onclick\"><img decoding=\"async\" class=\"img\" title=\"REGINA 1093.0035\" src=\"https:\/\/transfer.langyarns.com\/Yarn\/1093\/1093_0035_LANGYARNS_Regina_200_C.jpg\" alt=\"REGINA 1093.0035\" \/><\/div>\n<\/div>\n<\/div>\n<div class=\"item\">\n<div id=\"itemArticleColor_1093_0058\" class=\"item articleColor onclick\">\n<div class=\"image onclick\"><img decoding=\"async\" class=\"img\" title=\"REGINA 1093.0058\" src=\"https:\/\/transfer.langyarns.com\/Yarn\/1093\/1093_0058_LANGYARNS_Regina_200_C.jpg\" alt=\"REGINA 1093.0058\" \/><\/div>\n<\/div>\n<\/div>\n<div class=\"item\">\n<div id=\"itemArticleColor_1093_0097\" class=\"item articleColor onclick\">\n<div class=\"image onclick\"><img decoding=\"async\" class=\"img\" title=\"REGINA 1093.0097\" src=\"https:\/\/transfer.langyarns.com\/Yarn\/1093\/1093_0097_LANGYARNS_Regina_200_C.jpg\" alt=\"REGINA 1093.0097\" \/><\/div>\n<\/div>\n<\/div>\n<div class=\"item\">\n<div id=\"itemArticleColor_1093_0093\" class=\"item articleColor onclick\">\n<div class=\"image onclick\"><img decoding=\"async\" class=\"img\" title=\"REGINA 1093.0093\" src=\"https:\/\/transfer.langyarns.com\/Yarn\/1093\/1093_0093_LANGYARNS_Regina_200_C.jpg\" alt=\"REGINA 1093.0093\" \/><\/div>\n<div class=\"flag trend\">Trend<\/div>\n<\/div>\n<\/div>\n<div class=\"item\">\n<div id=\"itemArticleColor_1093_0018\" class=\"item articleColor onclick\">\n<div class=\"image onclick\"><img decoding=\"async\" class=\"img\" title=\"REGINA 1093.0018\" src=\"https:\/\/transfer.langyarns.com\/Yarn\/1093\/1093_0018_LANGYARNS_Regina_200_C.jpg\" alt=\"REGINA 1093.0018\" \/><\/div>\n<div class=\"flag trend\">Trend<\/div>\n<\/div>\n<\/div>\n<div class=\"item\">\n<div id=\"itemArticleColor_1093_0098\" class=\"item articleColor onclick\">\n<div class=\"image onclick\"><img decoding=\"async\" class=\"img\" title=\"REGINA 1093.0098\" src=\"https:\/\/transfer.langyarns.com\/Yarn\/1093\/1093_0098_LANGYARNS_Regina_200_C.jpg\" alt=\"REGINA 1093.0098\" \/><\/div>\n<div class=\"flag trend\">Trend<\/div>\n<\/div>\n<\/div>\n<div class=\"item\">\n<div id=\"itemArticleColor_1093_0094\" class=\"item articleColor onclick\">\n<div class=\"image onclick\"><img decoding=\"async\" class=\"img\" title=\"REGINA 1093.0094\" src=\"https:\/\/transfer.langyarns.com\/Yarn\/1093\/1093_0094_LANGYARNS_Regina_200_C.jpg\" alt=\"REGINA 1093.0094\" \/><\/div>\n<\/div>\n<\/div>\n<div class=\"item\">\n<div id=\"itemArticleColor_1093_0026\" class=\"item articleColor onclick\">\n<div class=\"image onclick\"><img decoding=\"async\" class=\"img\" title=\"REGINA 1093.0026\" src=\"https:\/\/transfer.langyarns.com\/Yarn\/1093\/1093_0026_LANGYARNS_Regina_200_C.jpg\" alt=\"REGINA 1093.0026\" \/><\/div>\n<\/div>\n<\/div>\n<div class=\"item\">\n<div id=\"itemArticleColor_1093_0039\" class=\"item articleColor onclick\">\n<div class=\"image onclick\"><img decoding=\"async\" class=\"img\" title=\"REGINA 1093.0039\" src=\"https:\/\/transfer.langyarns.com\/Yarn\/1093\/1093_0039_LANGYARNS_Regina_200_C.jpg\" alt=\"REGINA 1093.0039\" \/><\/div>\n<\/div>\n<\/div>\n<div class=\"item\">\n<div id=\"itemArticleColor_1093_0096\" class=\"item articleColor onclick\">\n<div class=\"image onclick\"><img decoding=\"async\" class=\"img\" title=\"REGINA 1093.0096\" src=\"https:\/\/transfer.langyarns.com\/Yarn\/1093\/1093_0096_LANGYARNS_Regina_200_C.jpg\" alt=\"REGINA 1093.0096\" \/><\/div>\n<\/div>\n<\/div>\n<div class=\"item\">\n<div id=\"itemArticleColor_1093_0068\" class=\"item articleColor onclick\">\n<div class=\"image onclick\"><img decoding=\"async\" class=\"img\" title=\"REGINA 1093.0068\" src=\"https:\/\/transfer.langyarns.com\/Yarn\/1093\/1093_0068_LANGYARNS_Regina_200_C.jpg\" alt=\"REGINA 1093.0068\" \/><\/div>\n<\/div>\n<\/div>\n<div class=\"item\">\n<div id=\"itemArticleColor_1093_0004\" class=\"item articleColor onclick\">\n<div class=\"image onclick\"><img decoding=\"async\" class=\"img\" title=\"REGINA 1093.0004\" src=\"https:\/\/transfer.langyarns.com\/Yarn\/1093\/1093_0004_LANGYARNS_Regina_200_C.jpg\" alt=\"REGINA 1093.0004\" \/><\/div>\n<\/div>\n<\/div>\n<\/div>\n<\/div>\n<div class=\"articleLink\"><a class=\"link pdf\" href=\"https:\/\/www.langyarns.com\/userfiles\/file\/generated\/1093B.pdf\" target=\"_blank\" rel=\"noopener\">Farbkarte PDF<\/a><\/div>\n","protected":false},"excerpt":{"rendered":"<p>Ein Garn mit wundersch\u00f6nem Glanz und Gef\u00fchl.<br \/>\nSeide, Baby-Alpaka, Baumwolle<\/p>\n","protected":false},"featured_media":3654,"template":"","meta":[],"product_brand":[],"product_cat":[16],"product_tag":[107,106,63,34],"class_list":{"0":"post-3652","1":"product","2":"type-product","3":"status-publish","4":"has-post-thumbnail","6":"product_cat-wolle","7":"product_tag-alpaka","8":"product_tag-baumwoll","9":"product_tag-seide","10":"product_tag-stricken","12":"first","13":"instock","14":"shipping-taxable","15":"purchasable","16":"product-type-variable"},"_links":{"self":[{"href":"https:\/\/www.wullaestuebli.ch\/wordpress\/wp-json\/wp\/v2\/product\/3652","targetHints":{"allow":["GET"]}}],"collection":[{"href":"https:\/\/www.wullaestuebli.ch\/wordpress\/wp-json\/wp\/v2\/product"}],"about":[{"href":"https:\/\/www.wullaestuebli.ch\/wordpress\/wp-json\/wp\/v2\/types\/product"}],"wp:featuredmedia":[{"embeddable":true,"href":"https:\/\/www.wullaestuebli.ch\/wordpress\/wp-json\/wp\/v2\/media\/3654"}],"wp:attachment":[{"href":"https:\/\/www.wullaestuebli.ch\/wordpress\/wp-json\/wp\/v2\/media?parent=3652"}],"wp:term":[{"taxonomy":"product_brand","embeddable":true,"href":"https:\/\/www.wullaestuebli.ch\/wordpress\/wp-json\/wp\/v2\/product_brand?post=3652"},{"taxonomy":"product_cat","embeddable":true,"href":"https:\/\/www.wullaestuebli.ch\/wordpress\/wp-json\/wp\/v2\/product_cat?post=3652"},{"taxonomy":"product_tag","embeddable":true,"href":"https:\/\/www.wullaestuebli.ch\/wordpress\/wp-json\/wp\/v2\/product_tag?post=3652"}],"curies":[{"name":"wp","href":"https:\/\/api.w.org\/{rel}","templated":true}]}}