{"id":3610,"date":"2023-01-21T17:50:13","date_gmt":"2023-01-21T16:50:13","guid":{"rendered":"https:\/\/www.wullaestuebli.ch\/wordpress\/?post_type=product&#038;p=3610"},"modified":"2026-03-10T11:05:08","modified_gmt":"2026-03-10T10:05:08","slug":"paradise","status":"publish","type":"product","link":"https:\/\/www.wullaestuebli.ch\/wordpress\/produkt\/paradise\/","title":{"rendered":"Paradise"},"content":{"rendered":"<div class=\"head\"><\/div>\n<div class=\"article\">\n<div class=\"list\">\n<div class=\"item\">\n<div id=\"itemArticleColor_1109_0011\" class=\"item articleColor onclick\">\n<p><a class=\"buttonClose\" href=\"https:\/\/www.langyarns.com\/de\/Suche\/?sk=paradies\"><span class=\"icon\">\uf060<\/span><\/a><\/p>\n<div class=\"list\">\n<div class=\"item left\">\n<div id=\"article-image-full\" class=\"article-image\">\n<div id=\"itemIframe360\" class=\"iframe active\"><iframe loading=\"lazy\" id=\"iframe360\" src=\"https:\/\/transfer.langyarns.com\/Yarn\/1109\/360\/1109_0017\/1109_0017.html\" width=\"100%\" height=\"800px\" frameborder=\"0\" scrolling=\"no\" allowfullscreen=\"allowfullscreen\"><\/iframe><\/div>\n<\/div>\n<\/div>\n<div class=\"item right\">\n<div class=\"head\">\n<h1 class=\"title\">PARADISE<span class=\"contentLight\">\u00a0|\u00a0<span id=\"articleNumber\">1109.0017<\/span><\/span><\/h1>\n<\/div>\n<div class=\"content\">\n<p>Ein leichtes, sommerliches Garn in den herrlichsten Farben, das Sie an laue Sommerabende und an ferne Orte erinnert, an denen die Menschen Kleider in sch\u00f6nen, leuchtenden Farben tragen &#8211; oder rufen diese Farben ganz andere Gef\u00fchle in Ihnen hervor? Woran auch immer sie Sie erinnern, es ist ganz einfach, etwas Aussergew\u00f6hnliches zu schaffen. Mit diesem Garn erschaffen Sie ein Paradies.<\/p>\n<\/div>\n<div class=\"attributes\">\n<div class=\"item\">\n<div class=\"label\">Zusammensetzung<\/div>\n<div class=\"value\">78% Baumwolle<br \/>\n22% Viskose<\/div>\n<\/div>\n<div class=\"item\">\n<div class=\"label\">Laufl\u00e4nge<\/div>\n<div class=\"value\">\u223c310m\u00a0\/\u00a0100g<\/div>\n<\/div>\n<div class=\"item\">\n<div class=\"label\">Nadel-Nr.<\/div>\n<div class=\"value\">\u00d8 3\u00bd-4 mm<\/div>\n<\/div>\n<div class=\"item\">\n<div class=\"label\">Garnst\u00e4rke<\/div>\n<div class=\"value\">Sport<\/div>\n<\/div>\n<div class=\"item\">\n<div class=\"label\">Pflegemerkmale<\/div>\n<div class=\"value\"><img decoding=\"async\" src=\"https:\/\/www.langyarns.com\/userfiles\/image\/symbole\/W_15.png\" \/>\u00a0<img decoding=\"async\" src=\"https:\/\/www.langyarns.com\/userfiles\/image\/symbole\/C_36.png\" \/>\u00a0<img decoding=\"async\" src=\"https:\/\/www.langyarns.com\/userfiles\/image\/symbole\/T_59.png\" \/>\u00a0<img decoding=\"async\" src=\"https:\/\/www.langyarns.com\/userfiles\/image\/symbole\/B_40.png\" \/>\u00a0<img decoding=\"async\" src=\"https:\/\/www.langyarns.com\/userfiles\/image\/symbole\/R_44.png\" \/><br \/>\nFeinwaschmittel ohne Weichsp\u00fcler verwenden.<\/div>\n<\/div>\n<div class=\"item\">\n<div class=\"label\">Maschenprobe<br \/>\n<span class=\"contentLight\">10 x 10 cm<\/span><\/div>\n<div class=\"value\">\n<div class=\"layerGauge\">\n<div class=\"layerGaugeRight\"><\/div>\n<div class=\"layerGaugeBottom\"><\/div>\n<div class=\"layerGaugeRightValue\">30<\/div>\n<div class=\"layerGaugeBottomValue\">23<\/div>\n<\/div>\n<div class=\"clear\">\u00a0<span style=\"color: #252525; font-family: Rambla, 'SF Pro Text', Frutiger, 'Frutiger Linotype', Univers, Calibri, 'Gill Sans', 'Gill Sans MT', 'Myriad Pro', Myriad, 'DejaVu Sans Condensed', 'Liberation Sans', 'Nimbus Sans L', Tahoma, Geneva, 'Helvetica Neue', Helvetica, Arial, sans-serif; font-size: 2rem; letter-spacing: 0.1em; text-transform: uppercase; font-weight: inherit;\">FARBEN<\/span><\/div>\n<\/div>\n<\/div>\n<\/div>\n<div class=\"article\">\n<div class=\"list\">\n<div class=\"item\">\n<div id=\"itemArticleColor_1109_0017\" class=\"item articleColor onclick\">\n<div class=\"image onclick\"><img decoding=\"async\" class=\"img\" title=\"PARADISE 1109.0017\" src=\"https:\/\/transfer.langyarns.com\/Yarn\/1109\/1109_0017_LANGYARNS_Paradise_200_C.jpg\" alt=\"PARADISE 1109.0017\" \/><\/div>\n<div class=\"flag new\">New<\/div>\n<\/div>\n<\/div>\n<div class=\"item\">\n<div id=\"itemArticleColor_1109_0028\" class=\"item articleColor onclick\">\n<div class=\"image onclick\"><img decoding=\"async\" class=\"img\" title=\"PARADISE 1109.0028\" src=\"https:\/\/transfer.langyarns.com\/Yarn\/1109\/1109_0028_LANGYARNS_Paradise_200_C.jpg\" alt=\"PARADISE 1109.0028\" \/><\/div>\n<div class=\"flag new\">New<\/div>\n<\/div>\n<\/div>\n<div class=\"item\">\n<div id=\"itemArticleColor_1109_0047\" class=\"item articleColor onclick\">\n<div class=\"image onclick\"><img decoding=\"async\" class=\"img\" title=\"PARADISE 1109.0047\" src=\"https:\/\/transfer.langyarns.com\/Yarn\/1109\/1109_0047_LANGYARNS_Paradise_200_C.jpg\" alt=\"PARADISE 1109.0047\" \/><\/div>\n<div class=\"flag new\">New<\/div>\n<\/div>\n<\/div>\n<div class=\"item\">\n<div id=\"itemArticleColor_1109_0048\" class=\"item articleColor onclick\">\n<div class=\"image onclick\"><img decoding=\"async\" class=\"img\" title=\"PARADISE 1109.0048\" src=\"https:\/\/transfer.langyarns.com\/Yarn\/1109\/1109_0048_LANGYARNS_Paradise_200_C.jpg\" alt=\"PARADISE 1109.0048\" \/><\/div>\n<div class=\"flag new\">New<\/div>\n<\/div>\n<\/div>\n<div class=\"item\">\n<div id=\"itemArticleColor_1109_0092\" class=\"item articleColor onclick\">\n<div class=\"image onclick\"><img decoding=\"async\" class=\"img\" title=\"PARADISE 1109.0092\" src=\"https:\/\/transfer.langyarns.com\/Yarn\/1109\/1109_0092_LANGYARNS_Paradise_200_C.jpg\" alt=\"PARADISE 1109.0092\" \/><\/div>\n<div class=\"flag new\">New<\/div>\n<\/div>\n<\/div>\n<div class=\"item\">\n<div id=\"itemArticleColor_1109_0006\" class=\"item articleColor onclick\">\n<div class=\"image onclick\"><img decoding=\"async\" class=\"img\" title=\"PARADISE 1109.0006\" src=\"https:\/\/transfer.langyarns.com\/Yarn\/1109\/1109_0006_LANGYARNS_Paradise_200_C.jpg\" alt=\"PARADISE 1109.0006\" \/><\/div>\n<\/div>\n<\/div>\n<div class=\"item\">\n<div id=\"itemArticleColor_1109_0039\" class=\"item articleColor onclick\">\n<div class=\"image onclick\"><img decoding=\"async\" class=\"img\" title=\"PARADISE 1109.0039\" src=\"https:\/\/transfer.langyarns.com\/Yarn\/1109\/1109_0039_LANGYARNS_Paradise_200_C.jpg\" alt=\"PARADISE 1109.0039\" \/><\/div>\n<\/div>\n<\/div>\n<div class=\"item\">\n<div id=\"itemArticleColor_1109_0097\" class=\"item articleColor onclick\">\n<div class=\"image onclick\"><img decoding=\"async\" class=\"img\" title=\"PARADISE 1109.0097\" src=\"https:\/\/transfer.langyarns.com\/Yarn\/1109\/1109_0097_LANGYARNS_Paradise_200_C.jpg\" alt=\"PARADISE 1109.0097\" \/><\/div>\n<\/div>\n<\/div>\n<div class=\"item\">\n<div id=\"itemArticleColor_1109_0059\" class=\"item articleColor onclick\">\n<div class=\"image onclick\"><img decoding=\"async\" class=\"img\" title=\"PARADISE 1109.0059\" src=\"https:\/\/transfer.langyarns.com\/Yarn\/1109\/1109_0059_LANGYARNS_Paradise_200_C.jpg\" alt=\"PARADISE 1109.0059\" \/><\/div>\n<\/div>\n<\/div>\n<div class=\"item\">\n<div id=\"itemArticleColor_1109_0009\" class=\"item articleColor onclick\">\n<div class=\"image onclick\"><img decoding=\"async\" class=\"img\" title=\"PARADISE 1109.0009\" src=\"https:\/\/transfer.langyarns.com\/Yarn\/1109\/1109_0009_LANGYARNS_Paradise_200_C.jpg\" alt=\"PARADISE 1109.0009\" \/><\/div>\n<\/div>\n<\/div>\n<div class=\"item\">\n<div id=\"itemArticleColor_1109_0013\" class=\"item articleColor onclick\">\n<div class=\"image onclick\"><img decoding=\"async\" class=\"img\" title=\"PARADISE 1109.0013\" src=\"https:\/\/transfer.langyarns.com\/Yarn\/1109\/1109_0013_LANGYARNS_Paradise_200_C.jpg\" alt=\"PARADISE 1109.0013\" \/><\/div>\n<\/div>\n<\/div>\n<\/div>\n<\/div>\n<div class=\"articleLink\"><a class=\"link pdf\" href=\"https:\/\/www.langyarns.com\/userfiles\/file\/generated\/1109B.pdf\" target=\"_blank\" rel=\"noopener\">Farbkarte PDF<\/a><\/div>\n<\/div>\n<\/div>\n<\/div>\n<\/div>\n<div class=\"item\">\n<div id=\"itemArticleColor_1109_0017\" class=\"item articleColor onclick\">\n<div class=\"flag new\"><\/div>\n<\/div>\n<\/div>\n<div class=\"item\">\n<div id=\"itemArticleColor_1109_0028\" class=\"item articleColor onclick\">\n<div class=\"flag new\"><\/div>\n<\/div>\n<\/div>\n<div class=\"item\">\n<div id=\"itemArticleColor_1109_0047\" class=\"item articleColor onclick\">\n<div class=\"flag new\"><\/div>\n<\/div>\n<\/div>\n<div class=\"item\">\n<div id=\"itemArticleColor_1109_0048\" class=\"item articleColor onclick\">\n<div class=\"flag new\"><\/div>\n<\/div>\n<\/div>\n<div class=\"item\">\n<div id=\"itemArticleColor_1109_0092\" class=\"item articleColor onclick\">\n<div class=\"flag new\"><\/div>\n<\/div>\n<\/div>\n<div class=\"item\">\n<div id=\"itemArticleColor_1109_0006\" class=\"item articleColor onclick\">\n<div class=\"image onclick\"><\/div>\n<\/div>\n<\/div>\n<div class=\"item\">\n<div id=\"itemArticleColor_1109_0072\" class=\"item articleColor onclick\">\n<div class=\"image onclick\"><\/div>\n<\/div>\n<\/div>\n<div class=\"item\">\n<div id=\"itemArticleColor_1109_0039\" class=\"item articleColor onclick\">\n<div class=\"image onclick\"><\/div>\n<\/div>\n<\/div>\n<div class=\"item\">\n<div id=\"itemArticleColor_1109_0097\" class=\"item articleColor onclick\">\n<div class=\"image onclick\"><\/div>\n<\/div>\n<\/div>\n<div class=\"item\">\n<div id=\"itemArticleColor_1109_0059\" class=\"item articleColor onclick\">\n<div class=\"image onclick\"><\/div>\n<\/div>\n<\/div>\n<div class=\"item\">\n<div id=\"itemArticleColor_1109_0009\" class=\"item articleColor onclick\">\n<div class=\"image onclick\"><\/div>\n<\/div>\n<\/div>\n<div class=\"item\">\n<div id=\"itemArticleColor_1109_0013\" class=\"item articleColor onclick\"><\/div>\n<\/div>\n<\/div>\n<\/div>\n<div class=\"articleLink\"><\/div>\n","protected":false},"excerpt":{"rendered":"<p>78 % Baumwolle, 22 % Viskose<\/p>\n","protected":false},"featured_media":3617,"template":"","meta":[],"product_brand":[],"product_cat":[16],"product_tag":[],"class_list":{"0":"post-3610","1":"product","2":"type-product","3":"status-publish","4":"has-post-thumbnail","6":"product_cat-wolle","8":"first","9":"instock","10":"shipping-taxable","11":"purchasable","12":"product-type-variable"},"_links":{"self":[{"href":"https:\/\/www.wullaestuebli.ch\/wordpress\/wp-json\/wp\/v2\/product\/3610","targetHints":{"allow":["GET"]}}],"collection":[{"href":"https:\/\/www.wullaestuebli.ch\/wordpress\/wp-json\/wp\/v2\/product"}],"about":[{"href":"https:\/\/www.wullaestuebli.ch\/wordpress\/wp-json\/wp\/v2\/types\/product"}],"wp:featuredmedia":[{"embeddable":true,"href":"https:\/\/www.wullaestuebli.ch\/wordpress\/wp-json\/wp\/v2\/media\/3617"}],"wp:attachment":[{"href":"https:\/\/www.wullaestuebli.ch\/wordpress\/wp-json\/wp\/v2\/media?parent=3610"}],"wp:term":[{"taxonomy":"product_brand","embeddable":true,"href":"https:\/\/www.wullaestuebli.ch\/wordpress\/wp-json\/wp\/v2\/product_brand?post=3610"},{"taxonomy":"product_cat","embeddable":true,"href":"https:\/\/www.wullaestuebli.ch\/wordpress\/wp-json\/wp\/v2\/product_cat?post=3610"},{"taxonomy":"product_tag","embeddable":true,"href":"https:\/\/www.wullaestuebli.ch\/wordpress\/wp-json\/wp\/v2\/product_tag?post=3610"}],"curies":[{"name":"wp","href":"https:\/\/api.w.org\/{rel}","templated":true}]}}