{"id":3308,"date":"2022-08-11T15:23:49","date_gmt":"2022-08-11T13:23:49","guid":{"rendered":"https:\/\/www.wullaestuebli.ch\/wordpress\/?post_type=product&#038;p=3308"},"modified":"2023-07-18T16:08:11","modified_gmt":"2023-07-18T14:08:11","slug":"zen","status":"publish","type":"product","link":"https:\/\/www.wullaestuebli.ch\/wordpress\/produkt\/zen\/","title":{"rendered":"Zen"},"content":{"rendered":"<div class=\"head\"><\/div>\n<div class=\"attributes\">\n<div class=\"item\">\n<div class=\"list\">\n<div class=\"item right\">\n<div class=\"head\">\n<h1 class=\"title\">ZEN<span class=\"contentLight\">\u00a0|\u00a0<span id=\"articleNumber\">1100.0017<\/span><\/span><\/h1>\n<\/div>\n<div class=\"content\">\n<p>Verw\u00f6hne dich mit den sch\u00f6nsten Materialien, welche in der Natur entstehen. Zen hat einen wundersch\u00f6nen, kuscheligen Griff und ein bezaubernder Glanz. Zen enth\u00e4lt das Beste aus allen Welten. Das Garn besteht aus 35% Merino superfine, 35% Suri Alpaca und 30% Seide. Dadurch erh\u00e4lt das Garn ein spannendes Aussehen. Suri Alpaca unterscheidet sich vom h\u00e4ufigeren Huacaya \u2013 Alpaca durch die Charakteristik der Fasern: es ist nur wenig gekr\u00e4uselt und gl\u00e4nzender. Seide ist eine der \u00e4ltesten und exklusivsten textilen Fasern. Zen ist einfach, ein wunderbares Naturprodukt, welches durch seinen Glanz und die Weichheit eine Ausnahmestellung unter den textilen Materialien geniesst.<\/p>\n<\/div>\n<div class=\"attributes\">\n<div class=\"item\">\n<div class=\"label\">Zusammensetzung<\/div>\n<div class=\"value\">35% Schurwolle (Merino superfine)<br \/>\n35% Alpaka (Suri Alpaca)<br \/>\n30% Seide<\/div>\n<\/div>\n<div class=\"item\">\n<div class=\"label\">Laufl\u00e4nge<\/div>\n<div class=\"value\">\u223c200m\u00a0\/\u00a025g<\/div>\n<\/div>\n<div class=\"item\">\n<div class=\"label\">Nadel-Nr.<\/div>\n<div class=\"value\">\u00d8 3-3\u00bd mm<\/div>\n<\/div>\n<div class=\"item\">\n<div class=\"label\">Garnst\u00e4rke<\/div>\n<div class=\"value\">Sport<\/div>\n<\/div>\n<div class=\"item\">\n<div class=\"label\">Pflegemerkmale<\/div>\n<div class=\"value\"><img decoding=\"async\" src=\"https:\/\/www.langyarns.com\/userfiles\/image\/symbole\/W_16.png\" \/>\u00a0<img decoding=\"async\" src=\"https:\/\/www.langyarns.com\/userfiles\/image\/symbole\/C_36.png\" \/>\u00a0<img decoding=\"async\" src=\"https:\/\/www.langyarns.com\/userfiles\/image\/symbole\/T_59.png\" \/>\u00a0<img decoding=\"async\" src=\"https:\/\/www.langyarns.com\/userfiles\/image\/symbole\/B_40.png\" \/>\u00a0<img decoding=\"async\" src=\"https:\/\/www.langyarns.com\/userfiles\/image\/symbole\/R_44.png\" \/><br \/>\nWollwaschmittel ohne Weichsp\u00fcler verwenden.<\/div>\n<\/div>\n<div class=\"item\">\n<div class=\"label\">Maschenprobe<br \/>\n<span class=\"contentLight\">10 x 10 cm<\/span><\/div>\n<div class=\"value\">\n<div class=\"layerGauge\">\n<div class=\"layerGaugeRight\"><\/div>\n<div class=\"layerGaugeBottom\"><\/div>\n<div class=\"layerGaugeRightValue\">37<\/div>\n<div class=\"layerGaugeBottomValue\">25<\/div>\n<\/div>\n<\/div>\n<\/div>\n<\/div>\n<div class=\"article\">\n<div class=\"subtitle\">\n<h2>FARBEN<\/h2>\n<\/div>\n<div class=\"list\">\n<div class=\"item\">\n<div id=\"itemArticleColor_1100_0017\" class=\"item articleColor onclick\">\n<div class=\"image onclick\"><img decoding=\"async\" class=\"img\" title=\"ZEN 1100.0017\" src=\"https:\/\/transfer.langyarns.com\/Yarn\/1100\/1100_0017_LANGYARNS_Zen_200_C.jpg\" alt=\"ZEN 1100.0017\" \/><\/div>\n<\/div>\n<\/div>\n<div class=\"item\">\n<div id=\"itemArticleColor_1100_0094\" class=\"item articleColor onclick\">\n<div class=\"image onclick\"><img decoding=\"async\" class=\"img\" title=\"ZEN 1100.0094\" src=\"https:\/\/transfer.langyarns.com\/Yarn\/1100\/1100_0094_LANGYARNS_Zen_200_C.jpg\" alt=\"ZEN 1100.0094\" \/><\/div>\n<\/div>\n<\/div>\n<div class=\"item\">\n<div id=\"itemArticleColor_1100_0026\" class=\"item articleColor onclick\">\n<div class=\"image onclick\"><img decoding=\"async\" class=\"img\" title=\"ZEN 1100.0026\" src=\"https:\/\/transfer.langyarns.com\/Yarn\/1100\/1100_0026_LANGYARNS_Zen_200_C.jpg\" alt=\"ZEN 1100.0026\" \/><\/div>\n<\/div>\n<\/div>\n<div class=\"item\">\n<div id=\"itemArticleColor_1100_0021\" class=\"item articleColor onclick\">\n<div class=\"image onclick\"><img decoding=\"async\" class=\"img\" title=\"ZEN 1100.0021\" src=\"https:\/\/transfer.langyarns.com\/Yarn\/1100\/1100_0021_LANGYARNS_Zen_200_C.jpg\" alt=\"ZEN 1100.0021\" \/><\/div>\n<div class=\"flag new\">NEW<\/div>\n<\/div>\n<\/div>\n<div class=\"item\">\n<div id=\"itemArticleColor_1100_0009\" class=\"item articleColor onclick\">\n<div class=\"image onclick\"><img decoding=\"async\" class=\"img\" title=\"ZEN 1100.0009\" src=\"https:\/\/transfer.langyarns.com\/Yarn\/1100\/1100_0009_LANGYARNS_Zen_200_C.jpg\" alt=\"ZEN 1100.0009\" \/><\/div>\n<\/div>\n<\/div>\n<div class=\"item\">\n<div id=\"itemArticleColor_1100_0028\" class=\"item articleColor onclick\">\n<div class=\"image onclick\"><img decoding=\"async\" class=\"img\" title=\"ZEN 1100.0028\" src=\"https:\/\/transfer.langyarns.com\/Yarn\/1100\/1100_0028_LANGYARNS_Zen_200_C.jpg\" alt=\"ZEN 1100.0028\" \/><\/div>\n<\/div>\n<\/div>\n<div class=\"item\">\n<div id=\"itemArticleColor_1100_0050\" class=\"item articleColor onclick\">\n<div class=\"image onclick\"><img decoding=\"async\" class=\"img\" title=\"ZEN 1100.0050\" src=\"https:\/\/transfer.langyarns.com\/Yarn\/1100\/1100_0050_LANGYARNS_Zen_200_C.jpg\" alt=\"ZEN 1100.0050\" \/><\/div>\n<\/div>\n<\/div>\n<div class=\"item\">\n<div id=\"itemArticleColor_1100_0015\" class=\"item articleColor onclick\">\n<div class=\"image onclick\"><img decoding=\"async\" class=\"img\" title=\"ZEN 1100.0015\" src=\"https:\/\/transfer.langyarns.com\/Yarn\/1100\/1100_0015_LANGYARNS_Zen_200_C.jpg\" alt=\"ZEN 1100.0015\" \/><\/div>\n<\/div>\n<\/div>\n<div class=\"item\">\n<div id=\"itemArticleColor_1100_0076\" class=\"item articleColor onclick\">\n<div class=\"image onclick\"><img decoding=\"async\" class=\"img\" title=\"ZEN 1100.0076\" src=\"https:\/\/transfer.langyarns.com\/Yarn\/1100\/1100_0076_LANGYARNS_Zen_200_C.jpg\" alt=\"ZEN 1100.0076\" \/><\/div>\n<div class=\"flag new\">NEW<\/div>\n<div class=\"flag trend\">TREND<\/div>\n<\/div>\n<\/div>\n<div class=\"item\">\n<div id=\"itemArticleColor_1100_0059\" class=\"item articleColor onclick\">\n<div class=\"image onclick\"><img decoding=\"async\" class=\"img\" title=\"ZEN 1100.0059\" src=\"https:\/\/transfer.langyarns.com\/Yarn\/1100\/1100_0059_LANGYARNS_Zen_200_C.jpg\" alt=\"ZEN 1100.0059\" \/><\/div>\n<div class=\"flag new\">NEW<\/div>\n<div class=\"flag trend\">TREND<\/div>\n<\/div>\n<\/div>\n<div class=\"item\">\n<div id=\"itemArticleColor_1100_0061\" class=\"item articleColor onclick\">\n<div class=\"image onclick\"><img decoding=\"async\" class=\"img\" title=\"ZEN 1100.0061\" src=\"https:\/\/transfer.langyarns.com\/Yarn\/1100\/1100_0061_LANGYARNS_Zen_200_C.jpg\" alt=\"ZEN 1100.0061\" \/><\/div>\n<div class=\"flag new\">NEW<\/div>\n<div class=\"flag trend\">TREND<\/div>\n<\/div>\n<\/div>\n<div class=\"item\">\n<div id=\"itemArticleColor_1100_0062\" class=\"item articleColor onclick\">\n<div class=\"image onclick\"><img decoding=\"async\" class=\"img\" title=\"ZEN 1100.0062\" src=\"https:\/\/transfer.langyarns.com\/Yarn\/1100\/1100_0062_LANGYARNS_Zen_200_C.jpg\" alt=\"ZEN 1100.0062\" \/><\/div>\n<\/div>\n<\/div>\n<div class=\"item\">\n<div id=\"itemArticleColor_1100_0065\" class=\"item articleColor onclick\">\n<div class=\"image onclick\"><img decoding=\"async\" class=\"img\" title=\"ZEN 1100.0065\" src=\"https:\/\/transfer.langyarns.com\/Yarn\/1100\/1100_0065_LANGYARNS_Zen_200_C.jpg\" alt=\"ZEN 1100.0065\" \/><\/div>\n<div class=\"flag new\">NEW<\/div>\n<div class=\"flag trend\">TREND<\/div>\n<\/div>\n<\/div>\n<div class=\"item\">\n<div id=\"itemArticleColor_1100_0046\" class=\"item articleColor onclick\">\n<div class=\"image onclick\"><img decoding=\"async\" class=\"img\" title=\"ZEN 1100.0046\" src=\"https:\/\/transfer.langyarns.com\/Yarn\/1100\/1100_0046_LANGYARNS_Zen_200_C.jpg\" alt=\"ZEN 1100.0046\" \/><\/div>\n<div class=\"flag new\">NEW<\/div>\n<div class=\"flag trend\">TREND<\/div>\n<\/div>\n<\/div>\n<div class=\"item\">\n<div id=\"itemArticleColor_1100_0047\" class=\"item articleColor onclick\">\n<div class=\"image onclick\"><img decoding=\"async\" class=\"img\" title=\"ZEN 1100.0047\" src=\"https:\/\/transfer.langyarns.com\/Yarn\/1100\/1100_0047_LANGYARNS_Zen_200_C.jpg\" alt=\"ZEN 1100.0047\" \/><\/div>\n<div class=\"flag new\">NEW<\/div>\n<\/div>\n<\/div>\n<div class=\"item\">\n<div id=\"itemArticleColor_1100_0010\" class=\"item articleColor onclick\">\n<div class=\"image onclick\"><img decoding=\"async\" class=\"img\" title=\"ZEN 1100.0010\" src=\"https:\/\/transfer.langyarns.com\/Yarn\/1100\/1100_0010_LANGYARNS_Zen_200_C.jpg\" alt=\"ZEN 1100.0010\" \/><\/div>\n<\/div>\n<\/div>\n<div class=\"item\">\n<div id=\"itemArticleColor_1100_0079\" class=\"item articleColor onclick\">\n<div class=\"image onclick\"><img decoding=\"async\" class=\"img\" title=\"ZEN 1100.0079\" src=\"https:\/\/transfer.langyarns.com\/Yarn\/1100\/1100_0079_LANGYARNS_Zen_200_C.jpg\" alt=\"ZEN 1100.0079\" \/><\/div>\n<div class=\"flag new\">NEW<\/div>\n<div class=\"flag trend\">TREND<\/div>\n<\/div>\n<\/div>\n<div class=\"item\">\n<div id=\"itemArticleColor_1100_0016\" class=\"item articleColor onclick\">\n<div class=\"image onclick\"><img decoding=\"async\" class=\"img\" title=\"ZEN 1100.0016\" src=\"https:\/\/transfer.langyarns.com\/Yarn\/1100\/1100_0016_LANGYARNS_Zen_200_C.jpg\" alt=\"ZEN 1100.0016\" \/><\/div>\n<div class=\"flag new\">NEW<\/div>\n<div class=\"flag trend\">TREND<\/div>\n<\/div>\n<\/div>\n<div class=\"item\">\n<div id=\"itemArticleColor_1100_0018\" class=\"item articleColor onclick\">\n<div class=\"image onclick\"><img decoding=\"async\" class=\"img\" title=\"ZEN 1100.0018\" src=\"https:\/\/transfer.langyarns.com\/Yarn\/1100\/1100_0018_LANGYARNS_Zen_200_C.jpg\" alt=\"ZEN 1100.0018\" \/><\/div>\n<div class=\"flag new\">NEW<\/div>\n<div class=\"flag trend\">TREND<\/div>\n<\/div>\n<\/div>\n<div class=\"item\">\n<div id=\"itemArticleColor_1100_0004\" class=\"item articleColor onclick\">\n<div class=\"image onclick\"><img decoding=\"async\" class=\"img\" title=\"ZEN 1100.0004\" src=\"https:\/\/transfer.langyarns.com\/Yarn\/1100\/1100_0004_LANGYARNS_Zen_200_C.jpg\" alt=\"ZEN 1100.0004\" \/><\/div>\n<\/div>\n<\/div>\n<\/div>\n<\/div>\n<div class=\"articleLink\"><a class=\"link pdf\" href=\"https:\/\/www.langyarns.com\/userfiles\/file\/generated\/1100B.pdf\" target=\"_blank\" rel=\"noopener\">FARBKARTE PDF<\/a><a class=\"link model\" href=\"https:\/\/www.langyarns.com\/de\/Strickanleitungen\/?filterYarn=1100\">MODELLE ANSEHEN<\/a><\/div>\n<\/div>\n<\/div>\n<\/div>\n<\/div>\n<div class=\"article-image-small\">\n<div id=\"articleImage\" class=\"image-list\">\n<div id=\"item360\" class=\"item\"><\/div>\n<div id=\"itemBall\" class=\"item\"><\/div>\n<div id=\"itemColor\" class=\"item\"><\/div>\n<div id=\"itemFaden\" class=\"item\"><\/div>\n<\/div>\n<\/div>\n<div class=\"article\">\n<div class=\"subtitle\">\n<h2><\/h2>\n<\/div>\n<\/div>\n","protected":false},"excerpt":{"rendered":"<p>Zen<br \/>\nMerino, Suri Alpaca und Seide<br \/>\nein wunderbares Naturprodukt<\/p>\n","protected":false},"featured_media":3915,"template":"","meta":[],"product_brand":[],"product_cat":[16],"product_tag":[],"class_list":{"0":"post-3308","1":"product","2":"type-product","3":"status-publish","4":"has-post-thumbnail","6":"product_cat-wolle","8":"first","9":"instock","10":"shipping-taxable","11":"purchasable","12":"product-type-variable"},"_links":{"self":[{"href":"https:\/\/www.wullaestuebli.ch\/wordpress\/wp-json\/wp\/v2\/product\/3308","targetHints":{"allow":["GET"]}}],"collection":[{"href":"https:\/\/www.wullaestuebli.ch\/wordpress\/wp-json\/wp\/v2\/product"}],"about":[{"href":"https:\/\/www.wullaestuebli.ch\/wordpress\/wp-json\/wp\/v2\/types\/product"}],"wp:featuredmedia":[{"embeddable":true,"href":"https:\/\/www.wullaestuebli.ch\/wordpress\/wp-json\/wp\/v2\/media\/3915"}],"wp:attachment":[{"href":"https:\/\/www.wullaestuebli.ch\/wordpress\/wp-json\/wp\/v2\/media?parent=3308"}],"wp:term":[{"taxonomy":"product_brand","embeddable":true,"href":"https:\/\/www.wullaestuebli.ch\/wordpress\/wp-json\/wp\/v2\/product_brand?post=3308"},{"taxonomy":"product_cat","embeddable":true,"href":"https:\/\/www.wullaestuebli.ch\/wordpress\/wp-json\/wp\/v2\/product_cat?post=3308"},{"taxonomy":"product_tag","embeddable":true,"href":"https:\/\/www.wullaestuebli.ch\/wordpress\/wp-json\/wp\/v2\/product_tag?post=3308"}],"curies":[{"name":"wp","href":"https:\/\/api.w.org\/{rel}","templated":true}]}}