{"id":3124,"date":"2022-01-27T13:24:01","date_gmt":"2022-01-27T12:24:01","guid":{"rendered":"https:\/\/www.wullaestuebli.ch\/wordpress\/?post_type=product&#038;p=3124"},"modified":"2025-08-20T17:41:52","modified_gmt":"2025-08-20T15:41:52","slug":"stoff-taschen-exclusiv","status":"publish","type":"product","link":"https:\/\/www.wullaestuebli.ch\/wordpress\/produkt\/stoff-taschen-exclusiv\/","title":{"rendered":"Stoff-Taschen exclusiv"},"content":{"rendered":"<p>Stoff-Taschen aus Baumwollstoff<br \/>\nJede Tasche ist ein Unikat.<\/p>\n<p>L\u00e4nge 41cm<br \/>\nBreite 37cm<br \/>\nH\u00e4nkell\u00e4nge 37cm<\/p>\n","protected":false},"excerpt":{"rendered":"<p>Stoff-Taschen aus Baumwollstoff Jede Tasche ist ein Unikat. L\u00e4nge 41cm Breite 37cm H\u00e4nkell\u00e4nge 37cm<\/p>\n","protected":false},"featured_media":4544,"template":"","meta":[],"product_brand":[],"product_cat":[19],"product_tag":[96,95,47],"class_list":{"0":"post-3124","1":"product","2":"type-product","3":"status-publish","4":"has-post-thumbnail","6":"product_cat-geschenke","7":"product_tag-exclusiv","8":"product_tag-glanz","9":"product_tag-stoff","11":"first","12":"instock","13":"shipping-taxable","14":"purchasable","15":"product-type-variable"},"_links":{"self":[{"href":"https:\/\/www.wullaestuebli.ch\/wordpress\/wp-json\/wp\/v2\/product\/3124","targetHints":{"allow":["GET"]}}],"collection":[{"href":"https:\/\/www.wullaestuebli.ch\/wordpress\/wp-json\/wp\/v2\/product"}],"about":[{"href":"https:\/\/www.wullaestuebli.ch\/wordpress\/wp-json\/wp\/v2\/types\/product"}],"wp:featuredmedia":[{"embeddable":true,"href":"https:\/\/www.wullaestuebli.ch\/wordpress\/wp-json\/wp\/v2\/media\/4544"}],"wp:attachment":[{"href":"https:\/\/www.wullaestuebli.ch\/wordpress\/wp-json\/wp\/v2\/media?parent=3124"}],"wp:term":[{"taxonomy":"product_brand","embeddable":true,"href":"https:\/\/www.wullaestuebli.ch\/wordpress\/wp-json\/wp\/v2\/product_brand?post=3124"},{"taxonomy":"product_cat","embeddable":true,"href":"https:\/\/www.wullaestuebli.ch\/wordpress\/wp-json\/wp\/v2\/product_cat?post=3124"},{"taxonomy":"product_tag","embeddable":true,"href":"https:\/\/www.wullaestuebli.ch\/wordpress\/wp-json\/wp\/v2\/product_tag?post=3124"}],"curies":[{"name":"wp","href":"https:\/\/api.w.org\/{rel}","templated":true}]}}