{"id":3092,"date":"2022-01-13T18:29:25","date_gmt":"2022-01-13T17:29:25","guid":{"rendered":"https:\/\/www.wullaestuebli.ch\/wordpress\/?post_type=product&#038;p=3092"},"modified":"2024-08-22T17:56:36","modified_gmt":"2024-08-22T15:56:36","slug":"crealino-leinen","status":"publish","type":"product","link":"https:\/\/www.wullaestuebli.ch\/wordpress\/produkt\/crealino-leinen\/","title":{"rendered":"Crealino Leinen"},"content":{"rendered":"<div class=\"head\">\n<h1 class=\"title\">CREALINO<span class=\"contentLight\">\u00a0|\u00a0<span id=\"articleNumber\">1089.0065<\/span><\/span><\/h1>\n<\/div>\n<div class=\"content\">\n<p>Ein wundersch\u00f6nes Garn aus 100% Leinen. Mit nicht weniger als 165 Metern pro 50 g k\u00f6nnen Sie die sch\u00f6nsten Designs kreieren. Dieses Leinen ist superweich. Sie k\u00f6nnen Waschmittel mit Weichsp\u00fcler f\u00fcr Feinw\u00e4sche verwenden, damit das Leinen geschmeidig bleibt. Ein wundersch\u00f6ner kleiner Strang erf\u00fcllt alle Ihre Leinen-Tr\u00e4ume.<\/p>\n<\/div>\n<div class=\"attributes\">\n<div class=\"item\">\n<div class=\"label\">Zusammensetzung<\/div>\n<div class=\"value\">100% Leinen<\/div>\n<\/div>\n<div class=\"item\">\n<div class=\"label\">Laufl\u00e4nge<\/div>\n<div class=\"value\">\u223c165m\u00a0\/\u00a050g<\/div>\n<\/div>\n<div class=\"item\">\n<div class=\"label\">Nadel-Nr.<\/div>\n<div class=\"value\">\u00d8 3-4 mm<\/div>\n<\/div>\n<div class=\"item\">\n<div class=\"label\">Garnst\u00e4rke<\/div>\n<div class=\"value\">DK<\/div>\n<\/div>\n<div class=\"item\">\n<div class=\"label\">Pflegemerkmale<\/div>\n<div class=\"value\"><img decoding=\"async\" src=\"https:\/\/www.langyarns.com\/userfiles\/image\/symbole\/W_15.png\" \/>\u00a0<img decoding=\"async\" src=\"https:\/\/www.langyarns.com\/userfiles\/image\/symbole\/C_36.png\" \/>\u00a0<img decoding=\"async\" src=\"https:\/\/www.langyarns.com\/userfiles\/image\/symbole\/T_59.png\" \/>\u00a0<img decoding=\"async\" src=\"https:\/\/www.langyarns.com\/userfiles\/image\/symbole\/B_40.png\" \/>\u00a0<img decoding=\"async\" src=\"https:\/\/www.langyarns.com\/userfiles\/image\/symbole\/R_44.png\" \/><br \/>\nFeinwaschmittel mit Weichsp\u00fcler verwenden!<\/div>\n<\/div>\n<div class=\"item\">\n<div class=\"label\">Maschenprobe<br \/>\n<span class=\"contentLight\">10 x 10 cm<\/span><\/div>\n<div class=\"value\">\n<div class=\"layerGauge\">\n<div class=\"layerGaugeRight\"><\/div>\n<div class=\"layerGaugeBottom\"><\/div>\n<div class=\"layerGaugeRightValue\">32<\/div>\n<div class=\"layerGaugeBottomValue\">21<\/div>\n<\/div>\n<\/div>\n<\/div>\n<\/div>\n<div class=\"article-image-small\">\n<div id=\"articleImage\" class=\"image-list\">\n<div id=\"itemFaden\" class=\"item\"><\/div>\n<\/div>\n<\/div>\n<div class=\"article\">\n<div class=\"subtitle\">\n<h2>FARBEN<\/h2>\n<\/div>\n<div class=\"list\">\n<div class=\"item\">\n<div id=\"itemArticleColor_1089_0065\" class=\"item articleColor onclick\">\n<div class=\"image onclick\"><img decoding=\"async\" class=\"img\" title=\"CREALINO 1089.0065\" src=\"https:\/\/transfer.langyarns.com\/Yarn\/1089\/1089_0065_LANGYARNS_Crealino_200_C.jpg\" alt=\"CREALINO 1089.0065\" \/><\/div>\n<div class=\"flag trend\">Trend<\/div>\n<\/div>\n<\/div>\n<div class=\"item\">\n<div id=\"itemArticleColor_1089_0046\" class=\"item articleColor onclick\">\n<div class=\"image onclick\"><img decoding=\"async\" class=\"img\" title=\"CREALINO 1089.0046\" src=\"https:\/\/transfer.langyarns.com\/Yarn\/1089\/1089_0046_LANGYARNS_Crealino_200_C.jpg\" alt=\"CREALINO 1089.0046\" \/><\/div>\n<div class=\"flag trend\">Trend<\/div>\n<\/div>\n<\/div>\n<div class=\"item\">\n<div id=\"itemArticleColor_1089_0010\" class=\"item articleColor onclick\">\n<div class=\"image onclick\"><img decoding=\"async\" class=\"img\" title=\"CREALINO 1089.0010\" src=\"https:\/\/transfer.langyarns.com\/Yarn\/1089\/1089_0010_LANGYARNS_Crealino_200_C.jpg\" alt=\"CREALINO 1089.0010\" \/><\/div>\n<div class=\"flag trend\">Trend<\/div>\n<\/div>\n<\/div>\n<div class=\"item\">\n<div id=\"itemArticleColor_1089_0079\" class=\"item articleColor onclick\">\n<div class=\"image onclick\"><img decoding=\"async\" class=\"img\" title=\"CREALINO 1089.0079\" src=\"https:\/\/transfer.langyarns.com\/Yarn\/1089\/1089_0079_LANGYARNS_Crealino_200_C.jpg\" alt=\"CREALINO 1089.0079\" \/><\/div>\n<div class=\"flag trend\">Trend<\/div>\n<\/div>\n<\/div>\n<div class=\"item\">\n<div id=\"itemArticleColor_1089_0017\" class=\"item articleColor onclick\">\n<div class=\"image onclick\"><img decoding=\"async\" class=\"img\" title=\"CREALINO 1089.0017\" src=\"https:\/\/transfer.langyarns.com\/Yarn\/1089\/1089_0017_LANGYARNS_Crealino_200_C.jpg\" alt=\"CREALINO 1089.0017\" \/><\/div>\n<div class=\"flag trend\">Trend<\/div>\n<\/div>\n<\/div>\n<div class=\"item\">\n<div id=\"itemArticleColor_1089_0085\" class=\"item articleColor onclick\">\n<div class=\"image onclick\"><img decoding=\"async\" class=\"img\" title=\"CREALINO 1089.0085\" src=\"https:\/\/transfer.langyarns.com\/Yarn\/1089\/1089_0085_LANGYARNS_Crealino_200_C.jpg\" alt=\"CREALINO 1089.0085\" \/><\/div>\n<div class=\"flag trend\">Trend<\/div>\n<\/div>\n<\/div>\n<div class=\"item\">\n<div id=\"itemArticleColor_1089_0028\" class=\"item articleColor onclick\">\n<div class=\"image onclick\"><img decoding=\"async\" class=\"img\" title=\"CREALINO 1089.0028\" src=\"https:\/\/transfer.langyarns.com\/Yarn\/1089\/1089_0028_LANGYARNS_Crealino_200_C.jpg\" alt=\"CREALINO 1089.0028\" \/><\/div>\n<div class=\"flag trend\">Trend<\/div>\n<\/div>\n<\/div>\n<div class=\"item\">\n<div id=\"itemArticleColor_1089_0050\" class=\"item articleColor onclick\">\n<div class=\"image onclick\"><img decoding=\"async\" class=\"img\" title=\"CREALINO 1089.0050\" src=\"https:\/\/transfer.langyarns.com\/Yarn\/1089\/1089_0050_LANGYARNS_Crealino_200_C.jpg\" alt=\"CREALINO 1089.0050\" \/><\/div>\n<\/div>\n<\/div>\n<div class=\"item\">\n<div id=\"itemArticleColor_1089_0059\" class=\"item articleColor onclick\">\n<div class=\"image onclick\"><img decoding=\"async\" class=\"img\" title=\"CREALINO 1089.0059\" src=\"https:\/\/transfer.langyarns.com\/Yarn\/1089\/1089_0059_LANGYARNS_Crealino_200_C.jpg\" alt=\"CREALINO 1089.0059\" \/><\/div>\n<\/div>\n<\/div>\n<div class=\"item\">\n<div id=\"itemArticleColor_1089_0015\" class=\"item articleColor onclick\">\n<div class=\"image onclick\"><img decoding=\"async\" class=\"img\" title=\"CREALINO 1089.0015\" src=\"https:\/\/transfer.langyarns.com\/Yarn\/1089\/1089_0015_LANGYARNS_Crealino_200_C.jpg\" alt=\"CREALINO 1089.0015\" \/><\/div>\n<div class=\"flag trend\">Trend<\/div>\n<\/div>\n<\/div>\n<div class=\"item\">\n<div id=\"itemArticleColor_1089_0098\" class=\"item articleColor onclick\">\n<div class=\"image onclick\"><img decoding=\"async\" class=\"img\" title=\"CREALINO 1089.0098\" src=\"https:\/\/transfer.langyarns.com\/Yarn\/1089\/1089_0098_LANGYARNS_Crealino_200_C.jpg\" alt=\"CREALINO 1089.0098\" \/><\/div>\n<\/div>\n<\/div>\n<div class=\"item\">\n<div id=\"itemArticleColor_1089_0062\" class=\"item articleColor onclick\">\n<div class=\"image onclick\"><img decoding=\"async\" class=\"img\" title=\"CREALINO 1089.0062\" src=\"https:\/\/transfer.langyarns.com\/Yarn\/1089\/1089_0062_LANGYARNS_Crealino_200_C.jpg\" alt=\"CREALINO 1089.0062\" \/><\/div>\n<\/div>\n<\/div>\n<div class=\"item\">\n<div id=\"itemArticleColor_1089_0029\" class=\"item articleColor onclick\">\n<div class=\"image onclick\"><img decoding=\"async\" class=\"img\" title=\"CREALINO 1089.0029\" src=\"https:\/\/transfer.langyarns.com\/Yarn\/1089\/1089_0029_LANGYARNS_Crealino_200_C.jpg\" alt=\"CREALINO 1089.0029\" \/><\/div>\n<\/div>\n<\/div>\n<div class=\"item\">\n<div id=\"itemArticleColor_1089_0060\" class=\"item articleColor onclick\">\n<div class=\"image onclick\"><img decoding=\"async\" class=\"img\" title=\"CREALINO 1089.0060\" src=\"https:\/\/transfer.langyarns.com\/Yarn\/1089\/1089_0060_LANGYARNS_Crealino_200_C.jpg\" alt=\"CREALINO 1089.0060\" \/><\/div>\n<div class=\"flag trend\">Trend<\/div>\n<\/div>\n<\/div>\n<div class=\"item\">\n<div id=\"itemArticleColor_1089_0104\" class=\"item articleColor onclick\">\n<div class=\"image onclick\"><img decoding=\"async\" class=\"img\" title=\"CREALINO 1089.0104\" src=\"https:\/\/transfer.langyarns.com\/Yarn\/1089\/1089_0104_LANGYARNS_Crealino_200_C.jpg\" alt=\"CREALINO 1089.0104\" \/><\/div>\n<\/div>\n<\/div>\n<div class=\"item\">\n<div id=\"itemArticleColor_1089_0125\" class=\"item articleColor onclick\">\n<div class=\"image onclick\"><img decoding=\"async\" class=\"img\" title=\"CREALINO 1089.0125\" src=\"https:\/\/transfer.langyarns.com\/Yarn\/1089\/1089_0125_LANGYARNS_Crealino_200_C.jpg\" alt=\"CREALINO 1089.0125\" \/><\/div>\n<\/div>\n<\/div>\n<div class=\"item\">\n<div id=\"itemArticleColor_1089_0168\" class=\"item articleColor onclick\">\n<div class=\"image onclick\"><img decoding=\"async\" class=\"img\" title=\"CREALINO 1089.0168\" src=\"https:\/\/transfer.langyarns.com\/Yarn\/1089\/1089_0168_LANGYARNS_Crealino_200_C.jpg\" alt=\"CREALINO 1089.0168\" \/><\/div>\n<\/div>\n<\/div>\n<div class=\"item\">\n<div id=\"itemArticleColor_1089_0022\" class=\"item articleColor onclick\">\n<div class=\"image onclick\"><img decoding=\"async\" class=\"img\" title=\"CREALINO 1089.0022\" src=\"https:\/\/transfer.langyarns.com\/Yarn\/1089\/1089_0022_LANGYARNS_Crealino_200_C.jpg\" alt=\"CREALINO 1089.0022\" \/><\/div>\n<\/div>\n<\/div>\n<div class=\"item\">\n<div id=\"itemArticleColor_1089_0039\" class=\"item articleColor onclick\">\n<div class=\"image onclick\"><img decoding=\"async\" class=\"img\" title=\"CREALINO 1089.0039\" src=\"https:\/\/transfer.langyarns.com\/Yarn\/1089\/1089_0039_LANGYARNS_Crealino_200_C.jpg\" alt=\"CREALINO 1089.0039\" \/><\/div>\n<\/div>\n<\/div>\n<div class=\"item\">\n<div id=\"itemArticleColor_1089_0003\" class=\"item articleColor onclick\">\n<div class=\"image onclick\"><img decoding=\"async\" class=\"img\" title=\"CREALINO 1089.0003\" src=\"https:\/\/transfer.langyarns.com\/Yarn\/1089\/1089_0003_LANGYARNS_Crealino_200_C.jpg\" alt=\"CREALINO 1089.0003\" \/><\/div>\n<\/div>\n<\/div>\n<div class=\"item\">\n<div id=\"itemArticleColor_1089_0009\" class=\"item articleColor onclick\">\n<div class=\"image onclick\"><img decoding=\"async\" class=\"img\" title=\"CREALINO 1089.0009\" src=\"https:\/\/transfer.langyarns.com\/Yarn\/1089\/1089_0009_LANGYARNS_Crealino_200_C.jpg\" alt=\"CREALINO 1089.0009\" \/><\/div>\n<\/div>\n<\/div>\n<div class=\"item\">\n<div id=\"itemArticleColor_1089_0091\" class=\"item articleColor onclick\">\n<div class=\"image onclick\"><img decoding=\"async\" class=\"img\" title=\"CREALINO 1089.0091\" src=\"https:\/\/transfer.langyarns.com\/Yarn\/1089\/1089_0091_LANGYARNS_Crealino_200_C.jpg\" alt=\"CREALINO 1089.0091\" \/><\/div>\n<\/div>\n<\/div>\n<div class=\"item\">\n<div id=\"itemArticleColor_1089_0026\" class=\"item articleColor onclick\">\n<div class=\"image onclick\"><img decoding=\"async\" class=\"img\" title=\"CREALINO 1089.0026\" src=\"https:\/\/transfer.langyarns.com\/Yarn\/1089\/1089_0026_LANGYARNS_Crealino_200_C.jpg\" alt=\"CREALINO 1089.0026\" \/><\/div>\n<\/div>\n<\/div>\n<div class=\"item\">\n<div id=\"itemArticleColor_1089_0021\" class=\"item articleColor onclick\">\n<div class=\"image onclick\"><img decoding=\"async\" class=\"img\" title=\"CREALINO 1089.0021\" src=\"https:\/\/transfer.langyarns.com\/Yarn\/1089\/1089_0021_LANGYARNS_Crealino_200_C.jpg\" alt=\"CREALINO 1089.0021\" \/><\/div>\n<\/div>\n<\/div>\n<div class=\"item\">\n<div id=\"itemArticleColor_1089_0019\" class=\"item articleColor onclick\">\n<div class=\"image onclick\"><img decoding=\"async\" class=\"img\" title=\"CREALINO 1089.0019\" src=\"https:\/\/transfer.langyarns.com\/Yarn\/1089\/1089_0019_LANGYARNS_Crealino_200_C.jpg\" alt=\"CREALINO 1089.0019\" \/><\/div>\n<\/div>\n<\/div>\n<div class=\"item\">\n<div id=\"itemArticleColor_1089_0094\" class=\"item articleColor onclick\">\n<div class=\"image onclick\"><img decoding=\"async\" class=\"img\" title=\"CREALINO 1089.0094\" src=\"https:\/\/transfer.langyarns.com\/Yarn\/1089\/1089_0094_LANGYARNS_Crealino_200_C.jpg\" alt=\"CREALINO 1089.0094\" \/><\/div>\n<\/div>\n<\/div>\n<div class=\"item\">\n<div id=\"itemArticleColor_1089_0013\" class=\"item articleColor onclick\">\n<div class=\"image onclick\"><img decoding=\"async\" class=\"img\" title=\"CREALINO 1089.0013\" src=\"https:\/\/transfer.langyarns.com\/Yarn\/1089\/1089_0013_LANGYARNS_Crealino_200_C.jpg\" alt=\"CREALINO 1089.0013\" \/><\/div>\n<\/div>\n<\/div>\n<div class=\"item\">\n<div id=\"itemArticleColor_1089_0007\" class=\"item articleColor onclick\">\n<div class=\"image onclick\"><img decoding=\"async\" class=\"img\" title=\"CREALINO 1089.0007\" src=\"https:\/\/transfer.langyarns.com\/Yarn\/1089\/1089_0007_LANGYARNS_Crealino_200_C.jpg\" alt=\"CREALINO 1089.0007\" \/><\/div>\n<\/div>\n<\/div>\n<\/div>\n<\/div>\n<div class=\"articleLink\"><a class=\"link pdf\" href=\"https:\/\/www.langyarns.com\/userfiles\/file\/generated\/1089B.pdf\" target=\"_blank\" rel=\"noopener\">Farbkarte PDF<\/a><\/div>\n","protected":false},"excerpt":{"rendered":"<p>CREALINO\u00a0|\u00a01089.0065 Ein wundersch\u00f6nes Garn aus 100% Leinen. Mit nicht weniger als 165 Metern pro 50 g k\u00f6nnen Sie die sch\u00f6nsten Designs kreieren. Dieses Leinen ist superweich. Sie k\u00f6nnen Waschmittel mit Weichsp\u00fcler f\u00fcr Feinw\u00e4sche verwenden, damit das Leinen geschmeidig bleibt. Ein wundersch\u00f6ner kleiner Strang erf\u00fcllt alle Ihre Leinen-Tr\u00e4ume. Zusammensetzung 100% Leinen Laufl\u00e4nge \u223c165m\u00a0\/\u00a050g Nadel-Nr. \u00d8 3-4..<\/p>\n","protected":false},"featured_media":3101,"template":"","meta":[],"product_brand":[],"product_cat":[16],"product_tag":[],"class_list":{"0":"post-3092","1":"product","2":"type-product","3":"status-publish","4":"has-post-thumbnail","6":"product_cat-wolle","8":"first","9":"instock","10":"shipping-taxable","11":"purchasable","12":"product-type-variable"},"_links":{"self":[{"href":"https:\/\/www.wullaestuebli.ch\/wordpress\/wp-json\/wp\/v2\/product\/3092","targetHints":{"allow":["GET"]}}],"collection":[{"href":"https:\/\/www.wullaestuebli.ch\/wordpress\/wp-json\/wp\/v2\/product"}],"about":[{"href":"https:\/\/www.wullaestuebli.ch\/wordpress\/wp-json\/wp\/v2\/types\/product"}],"wp:featuredmedia":[{"embeddable":true,"href":"https:\/\/www.wullaestuebli.ch\/wordpress\/wp-json\/wp\/v2\/media\/3101"}],"wp:attachment":[{"href":"https:\/\/www.wullaestuebli.ch\/wordpress\/wp-json\/wp\/v2\/media?parent=3092"}],"wp:term":[{"taxonomy":"product_brand","embeddable":true,"href":"https:\/\/www.wullaestuebli.ch\/wordpress\/wp-json\/wp\/v2\/product_brand?post=3092"},{"taxonomy":"product_cat","embeddable":true,"href":"https:\/\/www.wullaestuebli.ch\/wordpress\/wp-json\/wp\/v2\/product_cat?post=3092"},{"taxonomy":"product_tag","embeddable":true,"href":"https:\/\/www.wullaestuebli.ch\/wordpress\/wp-json\/wp\/v2\/product_tag?post=3092"}],"curies":[{"name":"wp","href":"https:\/\/api.w.org\/{rel}","templated":true}]}}