{"id":2651,"date":"2021-05-20T14:19:36","date_gmt":"2021-05-20T12:19:36","guid":{"rendered":"http:\/\/www.wullaestuebli.ch\/wordpress\/?post_type=product&#038;p=2651"},"modified":"2025-07-05T11:21:03","modified_gmt":"2025-07-05T09:21:03","slug":"merino-150-degrade-2","status":"publish","type":"product","link":"https:\/\/www.wullaestuebli.ch\/wordpress\/produkt\/merino-150-degrade-2\/","title":{"rendered":"Merino 150 d\u00e9grad\u00e9"},"content":{"rendered":"<div class=\"detailLangInformation\">\n<div id=\"detailArticleInformationRight\" class=\"detailArticleInformationRight\"><\/div>\n<\/div>\n<div class=\"detailArticleColors\">\n<div class=\"detailItemArticleColor\">\n<div class=\"head\"><\/div>\n<div class=\"content\">\n<div class=\"head\">\n<h1 class=\"title\">MERINO 150 D\u00c9GRAD\u00c9<span class=\"contentLight\">\u00a0|\u00a0<span id=\"articleNumber\">40.0017<\/span><\/span><\/h1>\n<\/div>\n<div class=\"content\">\n<p>Rund 40% des gesamten Wollaufkommens stammt von Merinoschafen, und das in allerbester Qualit\u00e4t. Die Fasern sind fein und stark gekr\u00e4uselt, dadurch f\u00fchlen sie sich \u00e4u\u00dferst geschmeidig an und sind zugleich elastisch und formbest\u00e4ndig. Die wunderbaren Eigenschaften von Schafwolle sind bei Merinoqualit\u00e4ten besonders ausgepr\u00e4gt. Diese Qualit\u00e4t ist aus feiner australischer Merinowolle. Hergestellt aus erstklassiger Rohwolle mit dem ganzen Knowhow langj\u00e4hriger Erfahrung ist LANGYARNS MERINO ein fantastisches Garn f\u00fcr s\u00e4mtliche hochwertigen Strickarbeiten mit feinerer Nadelst\u00e4rke &#8211; auch ideal f\u00fcr Babystricksachen geeignet.<\/p>\n<\/div>\n<div class=\"attributes\">\n<div class=\"item\">\n<div class=\"label\">Zusammensetzung<\/div>\n<div class=\"value\">100% Schurwolle (Merino extrafine &#8211; mulesing free)<br \/>\nSuperwash<\/div>\n<\/div>\n<div class=\"item\">\n<div class=\"label\">Laufl\u00e4nge<\/div>\n<div class=\"value\">\u223c150m\u00a0\/\u00a050g<\/div>\n<\/div>\n<div class=\"item\">\n<div class=\"label\">Nadel-Nr.<\/div>\n<div class=\"value\">\u00d8 3-3\u00bd mm<\/div>\n<\/div>\n<div class=\"item\">\n<div class=\"label\">Garnst\u00e4rke<\/div>\n<div class=\"value\">Sock \/ Baby<\/div>\n<\/div>\n<div class=\"item\">\n<div class=\"label\">Pflegemerkmale<\/div>\n<div class=\"value\"><img decoding=\"async\" src=\"https:\/\/www.langyarns.com\/userfiles\/image\/symbole\/W_15.png\" \/>\u00a0<img decoding=\"async\" src=\"https:\/\/www.langyarns.com\/userfiles\/image\/symbole\/C_36.png\" \/>\u00a0<img decoding=\"async\" src=\"https:\/\/www.langyarns.com\/userfiles\/image\/symbole\/T_59.png\" \/>\u00a0<img decoding=\"async\" src=\"https:\/\/www.langyarns.com\/userfiles\/image\/symbole\/B_40.png\" \/>\u00a0<img decoding=\"async\" src=\"https:\/\/www.langyarns.com\/userfiles\/image\/symbole\/R_44.png\" \/><br \/>\nFeinwaschmittel ohne Weichsp\u00fcler verwenden.<\/div>\n<\/div>\n<div class=\"item\">\n<div class=\"label\">Maschenprobe<br \/>\n<span class=\"contentLight\">10 x 10 cm<\/span><\/div>\n<div class=\"value\">\n<div class=\"layerGauge\">\n<div class=\"layerGaugeRight\"><\/div>\n<div class=\"layerGaugeBottom\"><\/div>\n<div class=\"layerGaugeRightValue\">37<\/div>\n<div class=\"layerGaugeBottomValue\">27<\/div>\n<\/div>\n<div class=\"clear\"><\/div>\n<\/div>\n<\/div>\n<\/div>\n<div class=\"article-image-small\">\n<div id=\"articleImage\" class=\"image-list\">\n<div id=\"item360\" class=\"item\"><\/div>\n<div id=\"itemBall\" class=\"item\"><\/div>\n<div id=\"itemColor\" class=\"item\"><\/div>\n<div id=\"itemFaden\" class=\"item\"><\/div>\n<\/div>\n<\/div>\n<div class=\"article\">\n<div class=\"subtitle\">\n<h2>FARBEN<\/h2>\n<\/div>\n<div class=\"list\">\n<div class=\"item\">\n<div id=\"itemArticleColor_40_0017\" class=\"item articleColor onclick\">\n<div class=\"image onclick\"><img decoding=\"async\" class=\"img\" title=\"MERINO 150 D\u00c9GRAD\u00c9 40.0017\" src=\"https:\/\/transfer.langyarns.com\/Yarn\/40\/40_0017_LANGYARNS_Merino150Degrade_200_C.jpg\" alt=\"MERINO 150 D\u00c9GRAD\u00c9 40.0017\" \/><\/div>\n<div class=\"flag new\">NEW<\/div>\n<\/div>\n<\/div>\n<div class=\"item\">\n<div id=\"itemArticleColor_40_0016\" class=\"item articleColor onclick\">\n<div class=\"image onclick\"><img decoding=\"async\" class=\"img\" title=\"MERINO 150 D\u00c9GRAD\u00c9 40.0016\" src=\"https:\/\/transfer.langyarns.com\/Yarn\/40\/40_0016_LANGYARNS_Merino150Degrade_200_C.jpg\" alt=\"MERINO 150 D\u00c9GRAD\u00c9 40.0016\" \/><\/div>\n<div class=\"flag new\">NEW<\/div>\n<\/div>\n<\/div>\n<div class=\"item\">\n<div id=\"itemArticleColor_40_0015\" class=\"item articleColor onclick\">\n<div class=\"image onclick\"><img decoding=\"async\" class=\"img\" title=\"MERINO 150 D\u00c9GRAD\u00c9 40.0015\" src=\"https:\/\/transfer.langyarns.com\/Yarn\/40\/40_0015_LANGYARNS_Merino150Degrade_200_C.jpg\" alt=\"MERINO 150 D\u00c9GRAD\u00c9 40.0015\" \/><\/div>\n<div class=\"flag new\">NEW<\/div>\n<\/div>\n<\/div>\n<div class=\"item\">\n<div id=\"itemArticleColor_40_0014\" class=\"item articleColor onclick\">\n<div class=\"image onclick\"><img decoding=\"async\" class=\"img\" title=\"MERINO 150 D\u00c9GRAD\u00c9 40.0014\" src=\"https:\/\/transfer.langyarns.com\/Yarn\/40\/40_0014_LANGYARNS_Merino150Degrade_200_C.jpg\" alt=\"MERINO 150 D\u00c9GRAD\u00c9 40.0014\" \/><\/div>\n<\/div>\n<\/div>\n<div class=\"item\">\n<div id=\"itemArticleColor_40_0013\" class=\"item articleColor onclick\">\n<div class=\"image onclick\"><img decoding=\"async\" class=\"img\" title=\"MERINO 150 D\u00c9GRAD\u00c9 40.0013\" src=\"https:\/\/transfer.langyarns.com\/Yarn\/40\/40_0013_LANGYARNS_Merino150Degrade_200_C.jpg\" alt=\"MERINO 150 D\u00c9GRAD\u00c9 40.0013\" \/><\/div>\n<\/div>\n<\/div>\n<div class=\"item\">\n<div id=\"itemArticleColor_40_0012\" class=\"item articleColor onclick\">\n<div class=\"image onclick\"><img decoding=\"async\" class=\"img\" title=\"MERINO 150 D\u00c9GRAD\u00c9 40.0012\" src=\"https:\/\/transfer.langyarns.com\/Yarn\/40\/40_0012_LANGYARNS_Merino150Degrade_200_C.jpg\" alt=\"MERINO 150 D\u00c9GRAD\u00c9 40.0012\" \/><\/div>\n<\/div>\n<\/div>\n<div class=\"item\">\n<div id=\"itemArticleColor_40_0011\" class=\"item articleColor onclick\">\n<div class=\"image onclick\"><\/div>\n<\/div>\n<\/div>\n<div class=\"item\">\n<div id=\"itemArticleColor_40_0010\" class=\"item articleColor onclick\">\n<div class=\"image onclick\"><img decoding=\"async\" class=\"img\" title=\"MERINO 150 D\u00c9GRAD\u00c9 40.0010\" src=\"https:\/\/transfer.langyarns.com\/Yarn\/40\/40_0010_LANGYARNS_Merino150Degrade_200_C.jpg\" alt=\"MERINO 150 D\u00c9GRAD\u00c9 40.0010\" \/><\/div>\n<\/div>\n<\/div>\n<div class=\"item\">\n<div id=\"itemArticleColor_40_0009\" class=\"item articleColor onclick\">\n<div class=\"image onclick\"><img decoding=\"async\" class=\"img\" title=\"MERINO 150 D\u00c9GRAD\u00c9 40.0009\" src=\"https:\/\/transfer.langyarns.com\/Yarn\/40\/40_0009_LANGYARNS_Merino150Degrade_200_C.jpg\" alt=\"MERINO 150 D\u00c9GRAD\u00c9 40.0009\" \/><\/div>\n<\/div>\n<\/div>\n<div class=\"item\">\n<div id=\"itemArticleColor_40_0008\" class=\"item articleColor onclick\">\n<div class=\"image onclick\"><img decoding=\"async\" class=\"img\" title=\"MERINO 150 D\u00c9GRAD\u00c9 40.0008\" src=\"https:\/\/transfer.langyarns.com\/Yarn\/40\/40_0008_LANGYARNS_Merino150Degrade_200_C.jpg\" alt=\"MERINO 150 D\u00c9GRAD\u00c9 40.0008\" \/><\/div>\n<\/div>\n<\/div>\n<div class=\"item\">\n<div id=\"itemArticleColor_40_0007\" class=\"item articleColor onclick\">\n<div class=\"image onclick\"><img decoding=\"async\" class=\"img\" title=\"MERINO 150 D\u00c9GRAD\u00c9 40.0007\" src=\"https:\/\/transfer.langyarns.com\/Yarn\/40\/40_0007_LANGYARNS_Merino150Degrade_200_C.jpg\" alt=\"MERINO 150 D\u00c9GRAD\u00c9 40.0007\" \/><\/div>\n<\/div>\n<\/div>\n<div class=\"item\">\n<div id=\"itemArticleColor_40_0006\" class=\"item articleColor onclick\">\n<div class=\"image onclick\"><img decoding=\"async\" class=\"img\" title=\"MERINO 150 D\u00c9GRAD\u00c9 40.0006\" src=\"https:\/\/transfer.langyarns.com\/Yarn\/40\/40_0006_LANGYARNS_Merino150Degrade_200_C.jpg\" alt=\"MERINO 150 D\u00c9GRAD\u00c9 40.0006\" \/><\/div>\n<\/div>\n<\/div>\n<div class=\"item\">\n<div id=\"itemArticleColor_40_0005\" class=\"item articleColor onclick\">\n<div class=\"image onclick\"><\/div>\n<\/div>\n<\/div>\n<div class=\"item\">\n<div id=\"itemArticleColor_40_0004\" class=\"item articleColor onclick\">\n<div class=\"image onclick\"><\/div>\n<\/div>\n<\/div>\n<div class=\"item\">\n<div id=\"itemArticleColor_40_0003\" class=\"item articleColor onclick\">\n<div class=\"image onclick\"><img decoding=\"async\" class=\"img\" title=\"MERINO 150 D\u00c9GRAD\u00c9 40.0003\" src=\"https:\/\/transfer.langyarns.com\/Yarn\/40\/40_0003_LANGYARNS_Merino150Degrade_200_C.jpg\" alt=\"MERINO 150 D\u00c9GRAD\u00c9 40.0003\" \/><\/div>\n<\/div>\n<\/div>\n<div class=\"item\">\n<div id=\"itemArticleColor_40_0001\" class=\"item articleColor onclick\">\n<div class=\"image onclick\"><\/div>\n<\/div>\n<\/div>\n<\/div>\n<\/div>\n<div class=\"articleLink\"><a class=\"link pdf\" href=\"https:\/\/www.langyarns.com\/userfiles\/file\/generated\/40B.pdf\" target=\"_blank\" rel=\"noopener\">FARBKARTE PDF<\/a><\/div>\n<\/div>\n<div class=\"attributes\">\n<div class=\"item\"><\/div>\n<div class=\"item\"><\/div>\n<\/div>\n<div class=\"article\">\n<div class=\"list\">\n<div class=\"item\">\n<div id=\"itemArticleColor_40_0017\" class=\"item articleColor onclick\"><\/div>\n<\/div>\n<div class=\"item\">\n<div id=\"itemArticleColor_40_0015\" class=\"item articleColor onclick\">\n<div class=\"flag new\"><\/div>\n<\/div>\n<\/div>\n<div class=\"item\">\n<div id=\"itemArticleColor_40_0014\" class=\"item articleColor onclick\"><\/div>\n<\/div>\n<div class=\"item\">\n<div id=\"itemArticleColor_40_0013\" class=\"item articleColor onclick\">\n<div class=\"image onclick\"><\/div>\n<\/div>\n<\/div>\n<div class=\"item\">\n<div id=\"itemArticleColor_40_0012\" class=\"item articleColor onclick\"><\/div>\n<\/div>\n<div class=\"item\">\n<div id=\"itemArticleColor_40_0011\" class=\"item articleColor onclick\">\n<div class=\"image onclick\"><\/div>\n<\/div>\n<\/div>\n<div class=\"item\">\n<div id=\"itemArticleColor_40_0010\" class=\"item articleColor onclick\">\n<div class=\"image onclick\"><\/div>\n<\/div>\n<\/div>\n<div class=\"item\">\n<div id=\"itemArticleColor_40_0009\" class=\"item articleColor onclick\">\n<div class=\"image onclick\"><\/div>\n<\/div>\n<\/div>\n<div class=\"item\">\n<div id=\"itemArticleColor_40_0008\" class=\"item articleColor onclick\">\n<div class=\"image onclick\"><\/div>\n<\/div>\n<\/div>\n<div class=\"item\">\n<div id=\"itemArticleColor_40_0007\" class=\"item articleColor onclick\"><\/div>\n<\/div>\n<div class=\"item\">\n<div id=\"itemArticleColor_40_0006\" class=\"item articleColor onclick\">\n<div class=\"image onclick\"><\/div>\n<\/div>\n<\/div>\n<div class=\"item\">\n<div id=\"itemArticleColor_40_0005\" class=\"item articleColor onclick\"><\/div>\n<\/div>\n<div class=\"item\">\n<div id=\"itemArticleColor_40_0004\" class=\"item articleColor onclick\">\n<div class=\"image onclick\"><\/div>\n<\/div>\n<\/div>\n<div class=\"item\">\n<div id=\"itemArticleColor_40_0003\" class=\"item articleColor onclick\"><\/div>\n<\/div>\n<\/div>\n<\/div>\n<div class=\"articleLink\"><\/div>\n<\/div>\n<div class=\"detailItemArticleColor\">\n<div class=\"detailItemArticleColorTitle\"><\/div>\n<\/div>\n<div class=\"detailItemArticleColor\">\n<div class=\"detailItemArticleColorTitle\"><\/div>\n<\/div>\n<div class=\"detailItemArticleColor\">\n<div class=\"detailItemArticleColorTitle\"><\/div>\n<\/div>\n<div class=\"detailItemArticleColor\">\n<div class=\"detailItemArticleColorTitle\"><\/div>\n<\/div>\n<div class=\"detailItemArticleColor\">\n<div class=\"detailItemArticleColorImage\"><\/div>\n<\/div>\n<\/div>\n","protected":false},"excerpt":{"rendered":"<div class=\"head\">\n<h1 class=\"title\">MERINO 150 D\u00c9GRAD\u00c9<span class=\"contentLight\">\u00a0|\u00a0<span id=\"articleNumber\">40.0017<\/span><\/span><\/h1>\n<\/div>\n<div class=\"content\">\n<p>Rund 40% des gesamten Wollaufkommens stammt von Merinoschafen, und das in allerbester Qualit\u00e4t. Die Fasern sind fein und stark gekr\u00e4uselt, dadurch f\u00fchlen sie sich \u00e4u\u00dferst geschmeidig an und sind zugleich elastisch und formbest\u00e4ndig. Die wunderbaren Eigenschaften von Schafwolle sind bei Merinoqualit\u00e4ten besonders ausgepr\u00e4gt. Diese Qualit\u00e4t ist aus feiner australischer Merinowolle. Hergestellt aus erstklassiger Rohwolle mit dem ganzen Knowhow langj\u00e4hriger Erfahrung ist LANGYARNS MERINO ein fantastisches Garn f\u00fcr s\u00e4mtliche hochwertigen Strickarbeiten mit feinerer Nadelst\u00e4rke &#8211; auch ideal f\u00fcr Babystricksachen geeignet.<\/p>\n<\/div>\n<div class=\"attributes\">\n<div class=\"item\">\n<div class=\"label\">Zusammensetzung<\/div>\n<div class=\"value\">100% Schurwolle (Merino extrafine &#8211; mulesing free)<br \/>\nSuperwash<\/div>\n<\/div>\n<div class=\"item\">\n<div class=\"label\">Laufl\u00e4nge<\/div>\n<div class=\"value\">\u223c150m\u00a0\/\u00a050g<\/div>\n<\/div>\n<div class=\"item\"><\/div>\n<div class=\"item\">\n<div class=\"value\"><\/div>\n<\/div>\n<div class=\"item\"><\/div>\n<div class=\"item\">\n<div class=\"value\">\n<div class=\"clear\"><\/div>\n<\/div>\n<\/div>\n<\/div>\n<div class=\"article-image-small\">\n<div id=\"articleImage\" class=\"image-list\">\n<div id=\"item360\" class=\"item\"><\/div>\n<div id=\"itemBall\" class=\"item\"><\/div>\n<div id=\"itemColor\" class=\"item\"><\/div>\n<div id=\"itemFaden\" class=\"item\"><\/div>\n<\/div>\n<\/div>\n<div class=\"article\">\n<div class=\"subtitle\"><\/div>\n<div class=\"list\">\n<div class=\"item\">\n<div id=\"itemArticleColor_40_0017\" class=\"item articleColor onclick\">\n<div class=\"flag new\"><\/div>\n<\/div>\n<\/div>\n<div class=\"item\">\n<div id=\"itemArticleColor_40_0016\" class=\"item articleColor onclick\">\n<div class=\"image onclick\"><\/div>\n<\/div>\n<\/div>\n<div class=\"item\">\n<div id=\"itemArticleColor_40_0015\" class=\"item articleColor onclick\">\n<div class=\"image onclick\"><\/div>\n<div class=\"flag new\"><\/div>\n<\/div>\n<\/div>\n<div class=\"item\">\n<div id=\"itemArticleColor_40_0014\" class=\"item articleColor onclick\">\n<div class=\"image onclick\"><\/div>\n<\/div>\n<\/div>\n<div class=\"item\">\n<div id=\"itemArticleColor_40_0013\" class=\"item articleColor onclick\">\n<div class=\"image onclick\"><\/div>\n<\/div>\n<\/div>\n<div class=\"item\">\n<div id=\"itemArticleColor_40_0012\" class=\"item articleColor onclick\">\n<div class=\"image onclick\"><\/div>\n<\/div>\n<\/div>\n<div class=\"item\">\n<div id=\"itemArticleColor_40_0011\" class=\"item articleColor onclick\">\n<div class=\"image onclick\"><\/div>\n<\/div>\n<\/div>\n<div class=\"item\">\n<div id=\"itemArticleColor_40_0010\" class=\"item articleColor onclick\">\n<div class=\"image onclick\"><\/div>\n<\/div>\n<\/div>\n<div class=\"item\">\n<div id=\"itemArticleColor_40_0009\" class=\"item articleColor onclick\">\n<div class=\"image onclick\"><\/div>\n<\/div>\n<\/div>\n<div class=\"item\">\n<div id=\"itemArticleColor_40_0008\" class=\"item articleColor onclick\">\n<div class=\"image onclick\"><\/div>\n<\/div>\n<\/div>\n<div class=\"item\">\n<div id=\"itemArticleColor_40_0007\" class=\"item articleColor onclick\">\n<div class=\"image onclick\"><\/div>\n<\/div>\n<\/div>\n<div class=\"item\">\n<div id=\"itemArticleColor_40_0006\" class=\"item articleColor onclick\">\n<div class=\"image onclick\"><\/div>\n<\/div>\n<\/div>\n<div class=\"item\">\n<div id=\"itemArticleColor_40_0005\" class=\"item articleColor onclick\">\n<div class=\"image onclick\"><\/div>\n<\/div>\n<\/div>\n<div class=\"item\">\n<div id=\"itemArticleColor_40_0004\" class=\"item articleColor onclick\">\n<div class=\"image onclick\"><\/div>\n<\/div>\n<\/div>\n<div class=\"item\">\n<div id=\"itemArticleColor_40_0003\" class=\"item articleColor onclick\">\n<div class=\"image onclick\"><\/div>\n<\/div>\n<\/div>\n<div class=\"item\">\n<div id=\"itemArticleColor_40_0001\" class=\"item articleColor onclick\"><\/div>\n<\/div>\n<\/div>\n<\/div>\n<div class=\"articleLink\"><\/div>\n","protected":false},"featured_media":3844,"template":"","meta":[],"product_brand":[],"product_cat":[16],"product_tag":[],"class_list":{"0":"post-2651","1":"product","2":"type-product","3":"status-publish","4":"has-post-thumbnail","6":"product_cat-wolle","8":"first","9":"instock","10":"shipping-taxable","11":"purchasable","12":"product-type-variable"},"_links":{"self":[{"href":"https:\/\/www.wullaestuebli.ch\/wordpress\/wp-json\/wp\/v2\/product\/2651","targetHints":{"allow":["GET"]}}],"collection":[{"href":"https:\/\/www.wullaestuebli.ch\/wordpress\/wp-json\/wp\/v2\/product"}],"about":[{"href":"https:\/\/www.wullaestuebli.ch\/wordpress\/wp-json\/wp\/v2\/types\/product"}],"wp:featuredmedia":[{"embeddable":true,"href":"https:\/\/www.wullaestuebli.ch\/wordpress\/wp-json\/wp\/v2\/media\/3844"}],"wp:attachment":[{"href":"https:\/\/www.wullaestuebli.ch\/wordpress\/wp-json\/wp\/v2\/media?parent=2651"}],"wp:term":[{"taxonomy":"product_brand","embeddable":true,"href":"https:\/\/www.wullaestuebli.ch\/wordpress\/wp-json\/wp\/v2\/product_brand?post=2651"},{"taxonomy":"product_cat","embeddable":true,"href":"https:\/\/www.wullaestuebli.ch\/wordpress\/wp-json\/wp\/v2\/product_cat?post=2651"},{"taxonomy":"product_tag","embeddable":true,"href":"https:\/\/www.wullaestuebli.ch\/wordpress\/wp-json\/wp\/v2\/product_tag?post=2651"}],"curies":[{"name":"wp","href":"https:\/\/api.w.org\/{rel}","templated":true}]}}