{"id":2592,"date":"2021-05-17T17:02:48","date_gmt":"2021-05-17T15:02:48","guid":{"rendered":"http:\/\/www.wullaestuebli.ch\/wordpress\/?post_type=product&#038;p=2592"},"modified":"2021-05-17T17:35:46","modified_gmt":"2021-05-17T15:35:46","slug":"muetze-merino-mit-kunstpelzbommel","status":"publish","type":"product","link":"https:\/\/www.wullaestuebli.ch\/wordpress\/produkt\/muetze-merino-mit-kunstpelzbommel\/","title":{"rendered":"M\u00fctze Merino+ mit Kunstpelzbommel"},"content":{"rendered":"<div class=\"detailLangInformation\">\n<div id=\"detailArticleInformationRight\" class=\"detailArticleInformationRight\">\n<div class=\"detailArticleTitle\">\u00a0Merino+<\/div>\n<div class=\"detailArticleText\">Rund 40% des gesamten Wollaufkommens stammt von Merinoschafen, und das in allerbester Qualit\u00e4t. Die Fasern sind fein und stark gekr\u00e4uselt, dadurch f\u00fchlen sie sich \u00e4usserst geschmeidig an und sind zugleich elastisch und formbest\u00e4ndig. Die wunderbaren Eigenschaften von Schafwolle sind bei Merinoqualit\u00e4ten besonders ausgepr\u00e4gt. Diese Qualit\u00e4t ist aus feiner australischer Merinowolle. Hergestellt aus erstklassiger Rohwolle mit dem ganzen Know How langj\u00e4hriger Erfahrung ist LANGYARNS MERINO ein phantastisches Garn f\u00fcr s\u00e4mtliche hochwertigen Strickarbeiten. Ein phantastisches Garn f\u00fcr s\u00e4mtliche hochwertigen Strickarbeiten. ein klassisches Garn f\u00fcr nicht nur klassische Teile!<\/div>\n<table border=\"0\" width=\"100%\" cellspacing=\"0\" cellpadding=\"0\">\n<tbody>\n<tr>\n<td class=\"detailArticleTDLabel\">Artikel-Grp.<\/td>\n<td class=\"detailArticleTDValue\">152<\/td>\n<\/tr>\n<tr>\n<td class=\"detailArticleTDLabel\">Zusammensetzung<\/td>\n<td class=\"detailArticleTDValue\">100% Schurwolle (Merino fine &#8211; mulesing free)<br \/>\nSuperwash<\/td>\n<\/tr>\n<tr>\n<td class=\"detailArticleTDLabel\">Laufl\u00e4nge<\/td>\n<td class=\"detailArticleTDValue\">\u223c90m\u00a0\/\u00a050g<\/td>\n<\/tr>\n<tr>\n<td class=\"detailArticleTDLabel\">Nadel-Nr.<\/td>\n<td class=\"detailArticleTDValue\">4\u00bd &#8211; 5\u00bd<\/td>\n<\/tr>\n<tr>\n<td class=\"detailArticleTDLabel\">Pflegemerkmale<\/td>\n<td class=\"detailArticleTDValue\"><img decoding=\"async\" src=\"https:\/\/www.langyarns.com\/userfiles\/image\/symbole\/W_14.png\" \/>\u00a0<img decoding=\"async\" src=\"https:\/\/www.langyarns.com\/userfiles\/image\/symbole\/C_36.png\" \/>\u00a0<img decoding=\"async\" src=\"https:\/\/www.langyarns.com\/userfiles\/image\/symbole\/T_59.png\" \/>\u00a0<img decoding=\"async\" src=\"https:\/\/www.langyarns.com\/userfiles\/image\/symbole\/B_40.png\" \/>\u00a0<img decoding=\"async\" src=\"https:\/\/www.langyarns.com\/userfiles\/image\/symbole\/R_44.png\" \/><br \/>\nFeinwaschmittel ohne Weichsp\u00fcler verwenden!<\/td>\n<\/tr>\n<tr>\n<td class=\"detailArticleTDLabel\">Maschenprobe<\/td>\n<td class=\"detailArticleTDValue\">\n<div class=\"layerGauge\">\n<div class=\"layerGaugeRight\"><\/div>\n<div class=\"layerGaugeBottom\"><\/div>\n<div class=\"layerGaugeRightValue\"><b>24<\/b><\/div>\n<div class=\"layerGaugeBottomValue\"><b>17<\/b><\/div>\n<\/div>\n<\/td>\n<\/tr>\n<\/tbody>\n<\/table>\n<\/div>\n<\/div>\n<div class=\"detailArticleColors\">\n<div class=\"detailArticleColorsTitle\">FARBEN<\/div>\n<div class=\"detailItemArticleColor\">\n<div class=\"detailItemArticleColorTitle\">152.0049<\/div>\n<div class=\"detailItemArticleColorImage\"><img decoding=\"async\" src=\"https:\/\/www.langyarns.com\/userfiles\/image\/products\/152_0049_C.jpg\" \/><\/div>\n<div class=\"detailItemArticleColorTrend\">Trend<\/div>\n<\/div>\n<div class=\"detailItemArticleColor\">\n<div class=\"detailItemArticleColorTitle\">152.0111<\/div>\n<div class=\"detailItemArticleColorImage\"><img decoding=\"async\" src=\"https:\/\/www.langyarns.com\/userfiles\/image\/products\/152_0111_C.jpg\" \/><\/div>\n<div class=\"detailItemArticleColorTrend\">Trend<\/div>\n<\/div>\n<div class=\"detailItemArticleColor\">\n<div class=\"detailItemArticleColorTitle\">152.0211<\/div>\n<div class=\"detailItemArticleColorImage\"><img decoding=\"async\" src=\"https:\/\/www.langyarns.com\/userfiles\/image\/products\/152_0211_C.jpg\" \/><\/div>\n<\/div>\n<div class=\"detailItemArticleColor\">\n<div class=\"detailItemArticleColorTitle\">152.0115<\/div>\n<div class=\"detailItemArticleColorImage\"><img decoding=\"async\" src=\"https:\/\/www.langyarns.com\/userfiles\/image\/products\/152_0115_C.jpg\" \/><\/div>\n<\/div>\n<div class=\"detailItemArticleColor\">\n<div class=\"detailItemArticleColorTitle\">152.0076<\/div>\n<div class=\"detailItemArticleColorImage\"><img decoding=\"async\" src=\"https:\/\/www.langyarns.com\/userfiles\/image\/products\/152_0076_C.jpg\" \/><\/div>\n<\/div>\n<div class=\"detailItemArticleColor\">\n<div class=\"detailItemArticleColorTitle\">152.0259<\/div>\n<div class=\"detailItemArticleColorImage\"><img decoding=\"async\" src=\"https:\/\/www.langyarns.com\/userfiles\/image\/products\/152_0259_C.jpg\" \/><\/div>\n<\/div>\n<div class=\"detailItemArticleColor\">\n<div class=\"detailItemArticleColorTitle\">152.0187<\/div>\n<div class=\"detailItemArticleColorImage\"><img decoding=\"async\" src=\"https:\/\/www.langyarns.com\/userfiles\/image\/products\/152_0187_C.jpg\" \/><\/div>\n<div class=\"detailItemArticleColorTrend\">Trend<\/div>\n<\/div>\n<div class=\"detailItemArticleColor\">\n<div class=\"detailItemArticleColorTitle\">152.0160<\/div>\n<div class=\"detailItemArticleColorImage\"><img decoding=\"async\" src=\"https:\/\/www.langyarns.com\/userfiles\/image\/products\/152_0160_C.jpg\" \/><\/div>\n<div class=\"detailItemArticleColorTrend\">Trend<\/div>\n<\/div>\n<div class=\"detailItemArticleColor\">\n<div class=\"detailItemArticleColorTitle\">152.0060<\/div>\n<div class=\"detailItemArticleColorImage\"><img decoding=\"async\" src=\"https:\/\/www.langyarns.com\/userfiles\/image\/products\/152_0060_C.jpg\" \/><\/div>\n<\/div>\n<div class=\"detailItemArticleColor\">\n<div class=\"detailItemArticleColorTitle\">152.0087<\/div>\n<div class=\"detailItemArticleColorImage\"><img decoding=\"async\" src=\"https:\/\/www.langyarns.com\/userfiles\/image\/products\/152_0087_C.jpg\" \/><\/div>\n<\/div>\n<div class=\"detailItemArticleColor\">\n<div class=\"detailItemArticleColorTitle\">152.0063<\/div>\n<div class=\"detailItemArticleColorImage\"><img decoding=\"async\" src=\"https:\/\/www.langyarns.com\/userfiles\/image\/products\/152_0063_C.jpg\" \/><\/div>\n<\/div>\n<div class=\"detailItemArticleColor\">\n<div class=\"detailItemArticleColorTitle\">152.0164<\/div>\n<div class=\"detailItemArticleColorImage\"><img decoding=\"async\" src=\"https:\/\/www.langyarns.com\/userfiles\/image\/products\/152_0164_C.jpg\" \/><\/div>\n<\/div>\n<div class=\"detailItemArticleColor\">\n<div class=\"detailItemArticleColorTitle\">152.0119<\/div>\n<div class=\"detailItemArticleColorImage\"><img decoding=\"async\" src=\"https:\/\/www.langyarns.com\/userfiles\/image\/products\/152_0119_C.jpg\" \/><\/div>\n<\/div>\n<div class=\"detailItemArticleColor\">\n<div class=\"detailItemArticleColorTitle\">152.0219<\/div>\n<div class=\"detailItemArticleColorImage\"><img decoding=\"async\" src=\"https:\/\/www.langyarns.com\/userfiles\/image\/products\/152_0219_C.jpg\" \/><\/div>\n<div class=\"detailItemArticleColorTrend\">Trend<\/div>\n<\/div>\n<div class=\"detailItemArticleColor\">\n<div class=\"detailItemArticleColorTitle\">152.0048<\/div>\n<div class=\"detailItemArticleColorImage\"><img decoding=\"async\" src=\"https:\/\/www.langyarns.com\/userfiles\/image\/products\/152_0048_C.jpg\" \/><\/div>\n<\/div>\n<div class=\"detailItemArticleColor\">\n<div class=\"detailItemArticleColorTitle\">152.0380<\/div>\n<div class=\"detailItemArticleColorImage\"><img decoding=\"async\" src=\"https:\/\/www.langyarns.com\/userfiles\/image\/products\/152_0380_C.jpg\" \/><\/div>\n<\/div>\n<div class=\"detailItemArticleColor\">\n<div class=\"detailItemArticleColorTitle\">152.0129<\/div>\n<div class=\"detailItemArticleColorImage\"><img decoding=\"async\" src=\"https:\/\/www.langyarns.com\/userfiles\/image\/products\/152_0129_C.jpg\" \/><\/div>\n<\/div>\n<div class=\"detailItemArticleColor\">\n<div class=\"detailItemArticleColorTitle\">152.0265<\/div>\n<div class=\"detailItemArticleColorImage\"><img decoding=\"async\" src=\"https:\/\/www.langyarns.com\/userfiles\/image\/products\/152_0265_C.jpg\" \/><\/div>\n<\/div>\n<div class=\"detailItemArticleColor\">\n<div class=\"detailItemArticleColorTitle\">152.0366<\/div>\n<div class=\"detailItemArticleColorImage\"><img decoding=\"async\" src=\"https:\/\/www.langyarns.com\/userfiles\/image\/products\/152_0366_C.jpg\" \/><\/div>\n<div class=\"detailItemArticleColorTrend\">Trend<\/div>\n<\/div>\n<div class=\"detailItemArticleColor\">\n<div class=\"detailItemArticleColorTitle\">152.0109<\/div>\n<div class=\"detailItemArticleColorImage\"><img decoding=\"async\" src=\"https:\/\/www.langyarns.com\/userfiles\/image\/products\/152_0109_C.jpg\" \/><\/div>\n<\/div>\n<div class=\"detailItemArticleColor\">\n<div class=\"detailItemArticleColorTitle\">152.0185<\/div>\n<div class=\"detailItemArticleColorImage\"><img decoding=\"async\" src=\"https:\/\/www.langyarns.com\/userfiles\/image\/products\/152_0185_C.jpg\" \/><\/div>\n<\/div>\n<div class=\"detailItemArticleColor\">\n<div class=\"detailItemArticleColorTitle\">152.0166<\/div>\n<div class=\"detailItemArticleColorImage\"><img decoding=\"async\" src=\"https:\/\/www.langyarns.com\/userfiles\/image\/products\/152_0166_C.jpg\" \/><\/div>\n<div class=\"detailItemArticleColorTrend\">Trend<\/div>\n<\/div>\n<div class=\"detailItemArticleColor\">\n<div class=\"detailItemArticleColorTitle\">152.0266<\/div>\n<div class=\"detailItemArticleColorImage\"><img decoding=\"async\" src=\"https:\/\/www.langyarns.com\/userfiles\/image\/products\/152_0266_C.jpg\" \/><\/div>\n<\/div>\n<div class=\"detailItemArticleColor\">\n<div class=\"detailItemArticleColorTitle\">152.0346<\/div>\n<div class=\"detailItemArticleColorImage\"><img decoding=\"async\" src=\"https:\/\/www.langyarns.com\/userfiles\/image\/products\/152_0346_C.jpg\" \/><\/div>\n<\/div>\n<div class=\"detailItemArticleColor\">\n<div class=\"detailItemArticleColorTitle\">152.0074<\/div>\n<div class=\"detailItemArticleColorImage\"><img decoding=\"async\" src=\"https:\/\/www.langyarns.com\/userfiles\/image\/products\/152_0074_C.jpg\" \/><\/div>\n<\/div>\n<div class=\"detailItemArticleColor\">\n<div class=\"detailItemArticleColorTitle\">152.0174<\/div>\n<div class=\"detailItemArticleColorImage\"><img decoding=\"async\" src=\"https:\/\/www.langyarns.com\/userfiles\/image\/products\/152_0174_C.jpg\" \/><\/div>\n<\/div>\n<div class=\"detailItemArticleColor\">\n<div class=\"detailItemArticleColorTitle\">152.0088<\/div>\n<div class=\"detailItemArticleColorImage\"><img decoding=\"async\" src=\"https:\/\/www.langyarns.com\/userfiles\/image\/products\/152_0088_C.jpg\" \/><\/div>\n<\/div>\n<div class=\"detailItemArticleColor\">\n<div class=\"detailItemArticleColorTitle\">152.0272<\/div>\n<div class=\"detailItemArticleColorImage\"><img decoding=\"async\" src=\"https:\/\/www.langyarns.com\/userfiles\/image\/products\/152_0272_C.jpg\" \/><\/div>\n<div class=\"detailItemArticleColorTrend\">Trend<\/div>\n<\/div>\n<div class=\"detailItemArticleColor\">\n<div class=\"detailItemArticleColorTitle\">152.0172<\/div>\n<div class=\"detailItemArticleColorImage\"><img decoding=\"async\" src=\"https:\/\/www.langyarns.com\/userfiles\/image\/products\/152_0172_C.jpg\" \/><\/div>\n<\/div>\n<div class=\"detailItemArticleColor\">\n<div class=\"detailItemArticleColorTitle\">152.0017<\/div>\n<div class=\"detailItemArticleColorImage\"><img decoding=\"async\" src=\"https:\/\/www.langyarns.com\/userfiles\/image\/products\/152_0017_C.jpg\" \/><\/div>\n<\/div>\n<div class=\"detailItemArticleColor\">\n<div class=\"detailItemArticleColorTitle\">152.0117<\/div>\n<div class=\"detailItemArticleColorImage\"><img decoding=\"async\" src=\"https:\/\/www.langyarns.com\/userfiles\/image\/products\/152_0117_C.jpg\" \/><\/div>\n<div class=\"detailItemArticleColorTrend\">Trend<\/div>\n<\/div>\n<div class=\"detailItemArticleColor\">\n<div class=\"detailItemArticleColorTitle\">152.0398<\/div>\n<div class=\"detailItemArticleColorImage\"><img decoding=\"async\" src=\"https:\/\/www.langyarns.com\/userfiles\/image\/products\/152_0398_C.jpg\" \/><\/div>\n<\/div>\n<div class=\"detailItemArticleColor\">\n<div class=\"detailItemArticleColorTitle\">152.0397<\/div>\n<div class=\"detailItemArticleColorImage\"><img decoding=\"async\" src=\"https:\/\/www.langyarns.com\/userfiles\/image\/products\/152_0397_C.jpg\" \/><\/div>\n<\/div>\n<div class=\"detailItemArticleColor\">\n<div class=\"detailItemArticleColorTitle\">152.0297<\/div>\n<div class=\"detailItemArticleColorImage\"><img decoding=\"async\" src=\"https:\/\/www.langyarns.com\/userfiles\/image\/products\/152_0297_C.jpg\" \/><\/div>\n<\/div>\n<div class=\"detailItemArticleColor\">\n<div class=\"detailItemArticleColorTitle\">152.0139<\/div>\n<div class=\"detailItemArticleColorImage\"><img decoding=\"async\" src=\"https:\/\/www.langyarns.com\/userfiles\/image\/products\/152_0139_C.jpg\" \/><\/div>\n<div class=\"detailItemArticleColorTrend\">Trend<\/div>\n<\/div>\n<div class=\"detailItemArticleColor\">\n<div class=\"detailItemArticleColorTitle\">152.0096<\/div>\n<div class=\"detailItemArticleColorImage\"><img decoding=\"async\" src=\"https:\/\/www.langyarns.com\/userfiles\/image\/products\/152_0096_C.jpg\" \/><\/div>\n<\/div>\n<div class=\"detailItemArticleColor\">\n<div class=\"detailItemArticleColorTitle\">152.0001<\/div>\n<div class=\"detailItemArticleColorImage\"><img decoding=\"async\" src=\"https:\/\/www.langyarns.com\/userfiles\/image\/products\/152_0001_C.jpg\" \/><\/div>\n<\/div>\n<div class=\"detailItemArticleColor\">\n<div class=\"detailItemArticleColorTitle\">152.0004<\/div>\n<div class=\"detailItemArticleColorImage\"><img decoding=\"async\" src=\"https:\/\/www.langyarns.com\/userfiles\/image\/products\/152_0004_C.jpg\" \/><\/div>\n<\/div>\n<div class=\"detailItemArticleColor\">\n<div class=\"detailItemArticleColorTitle\">152.0002<\/div>\n<div class=\"detailItemArticleColorImage\"><img decoding=\"async\" src=\"https:\/\/www.langyarns.com\/userfiles\/image\/products\/152_0002_C.jpg\" \/><\/div>\n<\/div>\n<div class=\"detailItemArticleColor\">\n<div class=\"detailItemArticleColorTitle\">152.0226<\/div>\n<div class=\"detailItemArticleColorImage\"><img decoding=\"async\" src=\"https:\/\/www.langyarns.com\/userfiles\/image\/products\/152_0226_C.jpg\" \/><\/div>\n<\/div>\n<div class=\"detailItemArticleColor\">\n<div class=\"detailItemArticleColorTitle\">152.0296<\/div>\n<div class=\"detailItemArticleColorImage\"><img decoding=\"async\" src=\"https:\/\/www.langyarns.com\/userfiles\/image\/products\/152_0296_C.jpg\" \/><\/div>\n<\/div>\n<div class=\"detailItemArticleColor\">\n<div class=\"detailItemArticleColorTitle\">152.0368<\/div>\n<div class=\"detailItemArticleColorImage\"><img decoding=\"async\" src=\"https:\/\/www.langyarns.com\/userfiles\/image\/products\/152_0368_C.jpg\" \/><\/div>\n<div class=\"detailItemArticleColorTrend\">Trend<\/div>\n<\/div>\n<div class=\"detailItemArticleColor\">\n<div class=\"detailItemArticleColorTitle\">152.0223<\/div>\n<div class=\"detailItemArticleColorImage\"><img decoding=\"async\" src=\"https:\/\/www.langyarns.com\/userfiles\/image\/products\/152_0223_C.jpg\" \/><\/div>\n<div class=\"detailItemArticleColorTrend\">Trend<\/div>\n<\/div>\n<div class=\"detailItemArticleColor\">\n<div class=\"detailItemArticleColorTitle\">152.0224<\/div>\n<div class=\"detailItemArticleColorImage\"><img decoding=\"async\" src=\"https:\/\/www.langyarns.com\/userfiles\/image\/products\/152_0224_C.jpg\" \/><\/div>\n<\/div>\n<div class=\"detailItemArticleColor\">\n<div class=\"detailItemArticleColorTitle\">152.0270<\/div>\n<div class=\"detailItemArticleColorImage\"><img decoding=\"async\" src=\"https:\/\/www.langyarns.com\/userfiles\/image\/products\/152_0270_C.jpg\" \/><\/div>\n<\/div>\n<div class=\"detailItemArticleColor\">\n<div class=\"detailItemArticleColorTitle\">152.0105<\/div>\n<div class=\"detailItemArticleColorImage\"><img decoding=\"async\" src=\"https:\/\/www.langyarns.com\/userfiles\/image\/products\/152_0105_C.jpg\" \/><\/div>\n<\/div>\n<div class=\"detailItemArticleColor\">\n<div class=\"detailItemArticleColorTitle\">152.0034<\/div>\n<div class=\"detailItemArticleColorImage\"><img decoding=\"async\" src=\"https:\/\/www.langyarns.com\/userfiles\/image\/products\/152_0034_C.jpg\" \/><\/div>\n<\/div>\n<div class=\"detailItemArticleColor\">\n<div class=\"detailItemArticleColorTitle\">152.0134<\/div>\n<div class=\"detailItemArticleColorImage\"><img decoding=\"async\" src=\"https:\/\/www.langyarns.com\/userfiles\/image\/products\/152_0134_C.jpg\" \/><\/div>\n<\/div>\n<div class=\"detailItemArticleColor\">\n<div class=\"detailItemArticleColorTitle\">152.0133<\/div>\n<div class=\"detailItemArticleColorImage\"><img decoding=\"async\" src=\"https:\/\/www.langyarns.com\/userfiles\/image\/products\/152_0133_C.jpg\" \/><\/div>\n<\/div>\n<div class=\"detailItemArticleColor\">\n<div class=\"detailItemArticleColorTitle\">152.0033<\/div>\n<div class=\"detailItemArticleColorImage\"><img decoding=\"async\" src=\"https:\/\/www.langyarns.com\/userfiles\/image\/products\/152_0033_C.jpg\" \/><\/div>\n<div class=\"detailItemArticleColorTrend\">Trend<\/div>\n<\/div>\n<div class=\"detailItemArticleColor\">\n<div class=\"detailItemArticleColorTitle\">152.0106<\/div>\n<div class=\"detailItemArticleColorImage\"><img decoding=\"async\" src=\"https:\/\/www.langyarns.com\/userfiles\/image\/products\/152_0106_C.jpg\" \/><\/div>\n<\/div>\n<div class=\"detailItemArticleColor\">\n<div class=\"detailItemArticleColorTitle\">152.0010<\/div>\n<div class=\"detailItemArticleColorImage\"><img decoding=\"async\" src=\"https:\/\/www.langyarns.com\/userfiles\/image\/products\/152_0010_C.jpg\" \/><\/div>\n<\/div>\n<div class=\"detailItemArticleColor\">\n<div class=\"detailItemArticleColorTitle\">152.0035<\/div>\n<div class=\"detailItemArticleColorImage\"><img decoding=\"async\" src=\"https:\/\/www.langyarns.com\/userfiles\/image\/products\/152_0035_C.jpg\" \/><\/div>\n<div class=\"detailItemArticleColorTrend\">Trend<\/div>\n<\/div>\n<div class=\"detailItemArticleColor\">\n<div class=\"detailItemArticleColorTitle\">152.0025<\/div>\n<div class=\"detailItemArticleColorImage\"><img decoding=\"async\" src=\"https:\/\/www.langyarns.com\/userfiles\/image\/products\/152_0025_C.jpg\" \/><\/div>\n<\/div>\n<div class=\"detailItemArticleColor\">\n<div class=\"detailItemArticleColorTitle\">152.0234<\/div>\n<div class=\"detailItemArticleColorImage\"><img decoding=\"async\" src=\"https:\/\/www.langyarns.com\/userfiles\/image\/products\/152_0234_C.jpg\" \/><\/div>\n<\/div>\n<div class=\"detailItemArticleColor\">\n<div class=\"detailItemArticleColorTitle\">152.0334<\/div>\n<p><img decoding=\"async\" src=\"https:\/\/www.langyarns.com\/userfiles\/image\/products\/152_0334_C.jpg\" \/><\/p>\n<\/div>\n<\/div>\n","protected":false},"excerpt":{"rendered":"<p>M\u00fctze Merino+ Strickpackung Nr. 016-017<\/p>\n<p>Strickpackung enth\u00e4lt Wolle und Strickrezept<br \/>\nStricknadeln k\u00f6nnen dazu bestellt werden.<br \/>\nKunstpelzbommel ist unter Strickutensilien.<\/p>\n","protected":false},"featured_media":2595,"template":"","meta":[],"product_brand":[],"product_cat":[25],"product_tag":[],"class_list":{"0":"post-2592","1":"product","2":"type-product","3":"status-publish","4":"has-post-thumbnail","6":"product_cat-strickpackungen","8":"first","9":"instock","10":"shipping-taxable","11":"purchasable","12":"product-type-variable"},"_links":{"self":[{"href":"https:\/\/www.wullaestuebli.ch\/wordpress\/wp-json\/wp\/v2\/product\/2592","targetHints":{"allow":["GET"]}}],"collection":[{"href":"https:\/\/www.wullaestuebli.ch\/wordpress\/wp-json\/wp\/v2\/product"}],"about":[{"href":"https:\/\/www.wullaestuebli.ch\/wordpress\/wp-json\/wp\/v2\/types\/product"}],"wp:featuredmedia":[{"embeddable":true,"href":"https:\/\/www.wullaestuebli.ch\/wordpress\/wp-json\/wp\/v2\/media\/2595"}],"wp:attachment":[{"href":"https:\/\/www.wullaestuebli.ch\/wordpress\/wp-json\/wp\/v2\/media?parent=2592"}],"wp:term":[{"taxonomy":"product_brand","embeddable":true,"href":"https:\/\/www.wullaestuebli.ch\/wordpress\/wp-json\/wp\/v2\/product_brand?post=2592"},{"taxonomy":"product_cat","embeddable":true,"href":"https:\/\/www.wullaestuebli.ch\/wordpress\/wp-json\/wp\/v2\/product_cat?post=2592"},{"taxonomy":"product_tag","embeddable":true,"href":"https:\/\/www.wullaestuebli.ch\/wordpress\/wp-json\/wp\/v2\/product_tag?post=2592"}],"curies":[{"name":"wp","href":"https:\/\/api.w.org\/{rel}","templated":true}]}}