{"id":2563,"date":"2021-05-17T13:47:58","date_gmt":"2021-05-17T11:47:58","guid":{"rendered":"http:\/\/www.wullaestuebli.ch\/wordpress\/?post_type=product&#038;p=2563"},"modified":"2024-08-24T15:11:33","modified_gmt":"2024-08-24T13:11:33","slug":"lace-lame","status":"publish","type":"product","link":"https:\/\/www.wullaestuebli.ch\/wordpress\/produkt\/lace-lame\/","title":{"rendered":"Lace Lam\u00e9"},"content":{"rendered":"<div class=\"head\">\n<h1 class=\"title\">LACE LAM\u00c9<span class=\"contentLight\">\u00a0|\u00a0<span id=\"articleNumber\">1081.0017<\/span><\/span><\/h1>\n<\/div>\n<div class=\"content\">\n<p>Wir haben uns auf die Suche nach dem feinsten und sch\u00f6nsten Mohair begeben. In S\u00fcdafrika haben wir die hochwertigste Qualit\u00e4t gefunden. Diese wird bestimmt durch die Feinheit (Durchmesser) und L\u00e4nge der Haare. F\u00fcr die Qualit\u00e4t LANGYARNS LACE LAM\u00c9 werden nur Fasern mit einem Durchmesser von weniger als f\u00fcnfundzwanzig Tausendstel Millimeter verwendet. Zum Verzwirnen verwenden wir hochwertige Seide und ein metallis\u00e9- Glanzgarn f\u00fcr den dezenten eleganten Glanzeffekt.<\/p>\n<\/div>\n<div class=\"attributes\">\n<div class=\"item\">\n<div class=\"label\">Zusammensetzung<\/div>\n<div class=\"value\">55% Mohair (Superkid)<br \/>\n30% Seide<br \/>\n8% Polyester<br \/>\n7% Polyamid<\/div>\n<\/div>\n<div class=\"item\">\n<div class=\"label\">Laufl\u00e4nge<\/div>\n<div class=\"value\">\u223c310m\u00a0\/\u00a025g<\/div>\n<\/div>\n<div class=\"item\">\n<div class=\"label\">Nadel-Nr.<\/div>\n<div class=\"value\">\u00d8 3-3\u00bd mm<\/div>\n<\/div>\n<div class=\"item\">\n<div class=\"label\">Garnst\u00e4rke<\/div>\n<div class=\"value\">Sport<\/div>\n<\/div>\n<div class=\"item\">\n<div class=\"label\">Pflegemerkmale<\/div>\n<div class=\"value\"><img decoding=\"async\" src=\"https:\/\/www.langyarns.com\/userfiles\/image\/symbole\/W_16.png\" \/>\u00a0<img decoding=\"async\" src=\"https:\/\/www.langyarns.com\/userfiles\/image\/symbole\/C_36.png\" \/>\u00a0<img decoding=\"async\" src=\"https:\/\/www.langyarns.com\/userfiles\/image\/symbole\/T_59.png\" \/>\u00a0<img decoding=\"async\" src=\"https:\/\/www.langyarns.com\/userfiles\/image\/symbole\/B_40.png\" \/>\u00a0<img decoding=\"async\" src=\"https:\/\/www.langyarns.com\/userfiles\/image\/symbole\/R_44.png\" \/><br \/>\nWollwaschmittel ohne Weichsp\u00fcler verwenden.<\/div>\n<\/div>\n<div class=\"item\">\n<div class=\"label\">Maschenprobe<br \/>\n<span class=\"contentLight\">10 x 10 cm<\/span><\/div>\n<div class=\"value\">\n<div class=\"layerGauge\">\n<div class=\"layerGaugeRight\"><\/div>\n<div class=\"layerGaugeBottom\"><\/div>\n<div class=\"layerGaugeRightValue\">40<\/div>\n<div class=\"layerGaugeBottomValue\">26<\/div>\n<\/div>\n<\/div>\n<\/div>\n<\/div>\n<div class=\"article\">\n<div class=\"subtitle\">\n<h2>FARBEN<\/h2>\n<\/div>\n<div class=\"list\">\n<div class=\"item\">\n<div id=\"itemArticleColor_1081_0017\" class=\"item articleColor onclick\">\n<div class=\"image onclick\"><img decoding=\"async\" class=\"img\" title=\"LACE LAM\u00c9 1081.0017\" src=\"https:\/\/transfer.langyarns.com\/Yarn\/1081\/1081_0017_LANGYARNS_LaceLame_200_C.jpg\" alt=\"LACE LAM\u00c9 1081.0017\" \/><\/div>\n<\/div>\n<\/div>\n<div class=\"item\">\n<div id=\"itemArticleColor_1081_0025\" class=\"item articleColor onclick\">\n<div class=\"image onclick\"><img decoding=\"async\" class=\"img\" title=\"LACE LAM\u00c9 1081.0025\" src=\"https:\/\/transfer.langyarns.com\/Yarn\/1081\/1081_0025_LANGYARNS_LaceLame_200_C.jpg\" alt=\"LACE LAM\u00c9 1081.0025\" \/><\/div>\n<\/div>\n<\/div>\n<div class=\"item\">\n<div id=\"itemArticleColor_1081_0015\" class=\"item articleColor onclick\">\n<div class=\"image onclick\"><img decoding=\"async\" class=\"img\" title=\"LACE LAM\u00c9 1081.0015\" src=\"https:\/\/transfer.langyarns.com\/Yarn\/1081\/1081_0015_LANGYARNS_LaceLame_200_C.jpg\" alt=\"LACE LAM\u00c9 1081.0015\" \/><\/div>\n<div class=\"flag trend\">Trend<\/div>\n<\/div>\n<\/div>\n<div class=\"item\">\n<div id=\"itemArticleColor_1081_0098\" class=\"item articleColor onclick\">\n<div class=\"image onclick\"><img decoding=\"async\" class=\"img\" title=\"LACE LAM\u00c9 1081.0098\" src=\"https:\/\/transfer.langyarns.com\/Yarn\/1081\/1081_0098_LANGYARNS_LaceLame_200_C.jpg\" alt=\"LACE LAM\u00c9 1081.0098\" \/><\/div>\n<div class=\"flag trend\">Trend<\/div>\n<\/div>\n<\/div>\n<div class=\"item\">\n<div id=\"itemArticleColor_1081_0046\" class=\"item articleColor onclick\">\n<div class=\"image onclick\"><img decoding=\"async\" class=\"img\" title=\"LACE LAM\u00c9 1081.0046\" src=\"https:\/\/transfer.langyarns.com\/Yarn\/1081\/1081_0046_LANGYARNS_LaceLame_200_C.jpg\" alt=\"LACE LAM\u00c9 1081.0046\" \/><\/div>\n<div class=\"flag trend\">Trend<\/div>\n<\/div>\n<\/div>\n<div class=\"item\">\n<div id=\"itemArticleColor_1081_0059\" class=\"item articleColor onclick\">\n<div class=\"image onclick\"><img decoding=\"async\" class=\"img\" title=\"LACE LAM\u00c9 1081.0059\" src=\"https:\/\/transfer.langyarns.com\/Yarn\/1081\/1081_0059_LANGYARNS_LaceLame_200_C.jpg\" alt=\"LACE LAM\u00c9 1081.0059\" \/><\/div>\n<div class=\"flag trend\">Trend<\/div>\n<\/div>\n<\/div>\n<div class=\"item\">\n<div id=\"itemArticleColor_1081_0085\" class=\"item articleColor onclick\">\n<div class=\"image onclick\"><img decoding=\"async\" class=\"img\" title=\"LACE LAM\u00c9 1081.0085\" src=\"https:\/\/transfer.langyarns.com\/Yarn\/1081\/1081_0085_LANGYARNS_LaceLame_200_C.jpg\" alt=\"LACE LAM\u00c9 1081.0085\" \/><\/div>\n<div class=\"flag trend\">Trend<\/div>\n<\/div>\n<\/div>\n<div class=\"item\">\n<div id=\"itemArticleColor_1081_0074\" class=\"item articleColor onclick\">\n<div class=\"image onclick\"><img decoding=\"async\" class=\"img\" title=\"LACE LAM\u00c9 1081.0074\" src=\"https:\/\/transfer.langyarns.com\/Yarn\/1081\/1081_0074_LANGYARNS_LaceLame_200_C.jpg\" alt=\"LACE LAM\u00c9 1081.0074\" \/><\/div>\n<\/div>\n<\/div>\n<div class=\"item\">\n<div id=\"itemArticleColor_1081_0072\" class=\"item articleColor onclick\">\n<div class=\"image onclick\"><img decoding=\"async\" class=\"img\" title=\"LACE LAM\u00c9 1081.0072\" src=\"https:\/\/transfer.langyarns.com\/Yarn\/1081\/1081_0072_LANGYARNS_LaceLame_200_C.jpg\" alt=\"LACE LAM\u00c9 1081.0072\" \/><\/div>\n<\/div>\n<\/div>\n<div class=\"item\">\n<div id=\"itemArticleColor_1081_0091\" class=\"item articleColor onclick\">\n<div class=\"image onclick\"><img decoding=\"async\" class=\"img\" title=\"LACE LAM\u00c9 1081.0091\" src=\"https:\/\/transfer.langyarns.com\/Yarn\/1081\/1081_0091_LANGYARNS_LaceLame_200_C.jpg\" alt=\"LACE LAM\u00c9 1081.0091\" \/><\/div>\n<div class=\"flag trend\">Trend<\/div>\n<\/div>\n<\/div>\n<div class=\"item\">\n<div id=\"itemArticleColor_1081_0009\" class=\"item articleColor onclick\">\n<div class=\"image onclick\"><img decoding=\"async\" class=\"img\" title=\"LACE LAM\u00c9 1081.0009\" src=\"https:\/\/transfer.langyarns.com\/Yarn\/1081\/1081_0009_LANGYARNS_LaceLame_200_C.jpg\" alt=\"LACE LAM\u00c9 1081.0009\" \/><\/div>\n<\/div>\n<\/div>\n<div class=\"item\">\n<div id=\"itemArticleColor_1081_0048\" class=\"item articleColor onclick\">\n<div class=\"image onclick\"><img decoding=\"async\" class=\"img\" title=\"LACE LAM\u00c9 1081.0048\" src=\"https:\/\/transfer.langyarns.com\/Yarn\/1081\/1081_0048_LANGYARNS_LaceLame_200_C.jpg\" alt=\"LACE LAM\u00c9 1081.0048\" \/><\/div>\n<\/div>\n<\/div>\n<div class=\"item\">\n<div id=\"itemArticleColor_1081_0001\" class=\"item articleColor onclick\">\n<div class=\"image onclick\"><img decoding=\"async\" class=\"img\" title=\"LACE LAM\u00c9 1081.0001\" src=\"https:\/\/transfer.langyarns.com\/Yarn\/1081\/1081_0001_LANGYARNS_LaceLame_200_C.jpg\" alt=\"LACE LAM\u00c9 1081.0001\" \/><\/div>\n<\/div>\n<\/div>\n<div class=\"item\">\n<div id=\"itemArticleColor_1081_0039\" class=\"item articleColor onclick\">\n<div class=\"image onclick\"><img decoding=\"async\" class=\"img\" title=\"LACE LAM\u00c9 1081.0039\" src=\"https:\/\/transfer.langyarns.com\/Yarn\/1081\/1081_0039_LANGYARNS_LaceLame_200_C.jpg\" alt=\"LACE LAM\u00c9 1081.0039\" \/><\/div>\n<\/div>\n<\/div>\n<div class=\"item\">\n<div id=\"itemArticleColor_1081_0005\" class=\"item articleColor onclick\">\n<div class=\"image onclick\"><img decoding=\"async\" class=\"img\" title=\"LACE LAM\u00c9 1081.0005\" src=\"https:\/\/transfer.langyarns.com\/Yarn\/1081\/1081_0005_LANGYARNS_LaceLame_200_C.jpg\" alt=\"LACE LAM\u00c9 1081.0005\" \/><\/div>\n<div class=\"flag trend\">Trend<\/div>\n<\/div>\n<\/div>\n<div class=\"item\">\n<div id=\"itemArticleColor_1081_0004\" class=\"item articleColor onclick\">\n<div class=\"image onclick\"><img decoding=\"async\" class=\"img\" title=\"LACE LAM\u00c9 1081.0004\" src=\"https:\/\/transfer.langyarns.com\/Yarn\/1081\/1081_0004_LANGYARNS_LaceLame_200_C.jpg\" alt=\"LACE LAM\u00c9 1081.0004\" \/><\/div>\n<\/div>\n<\/div>\n<div class=\"item\">\n<div id=\"itemArticleColor_1081_0104\" class=\"item articleColor onclick\">\n<div class=\"image onclick\"><img decoding=\"async\" class=\"img\" title=\"LACE LAM\u00c9 1081.0104\" src=\"https:\/\/transfer.langyarns.com\/Yarn\/1081\/1081_0104_LANGYARNS_LaceLame_200_C.jpg\" alt=\"LACE LAM\u00c9 1081.0104\" \/><\/div>\n<\/div>\n<\/div>\n<\/div>\n<\/div>\n<div class=\"articleLink\"><a class=\"link pdf\" href=\"https:\/\/www.langyarns.com\/userfiles\/file\/generated\/1081B.pdf\" target=\"_blank\" rel=\"noopener\">Farbkarte PDF<\/a><\/div>\n","protected":false},"excerpt":{"rendered":"<div class=\"detailArticleTitle\">LACE LAM\u00c9<\/div>\n<div class=\"detailArticleText\">Wir haben uns auf die Suche nach dem feinsten und sch\u00f6nsten Mohair begeben. In S\u00fcdafrika haben wir die hochwertigste Qualit\u00e4t gefunden. Diese wird bestimmt durch die Feinheit (Durchmesser) und L\u00e4nge der Haare. F\u00fcr die Qualit\u00e4t LANGYARNS LACE LAM\u00c9 werden nur Fasern mit einem Durchmesser von weniger als f\u00fcnfundzwanzig Tausendstel Millimeter verwendet. Zum Verzwirnen verwenden wir hochwertige Seide und ein metallis\u00e9- Glanzgarn f\u00fcr den dezenten eleganten Glanzeffekt.<\/div>\n","protected":false},"featured_media":2566,"template":"","meta":[],"product_brand":[],"product_cat":[16],"product_tag":[127,126,124,63,125],"class_list":{"0":"post-2563","1":"product","2":"type-product","3":"status-publish","4":"has-post-thumbnail","6":"product_cat-wolle","7":"product_tag-elegant","8":"product_tag-glanzgarn","9":"product_tag-lace","10":"product_tag-seide","11":"product_tag-suedafrika","13":"first","14":"instock","15":"shipping-taxable","16":"purchasable","17":"product-type-variable"},"_links":{"self":[{"href":"https:\/\/www.wullaestuebli.ch\/wordpress\/wp-json\/wp\/v2\/product\/2563","targetHints":{"allow":["GET"]}}],"collection":[{"href":"https:\/\/www.wullaestuebli.ch\/wordpress\/wp-json\/wp\/v2\/product"}],"about":[{"href":"https:\/\/www.wullaestuebli.ch\/wordpress\/wp-json\/wp\/v2\/types\/product"}],"wp:featuredmedia":[{"embeddable":true,"href":"https:\/\/www.wullaestuebli.ch\/wordpress\/wp-json\/wp\/v2\/media\/2566"}],"wp:attachment":[{"href":"https:\/\/www.wullaestuebli.ch\/wordpress\/wp-json\/wp\/v2\/media?parent=2563"}],"wp:term":[{"taxonomy":"product_brand","embeddable":true,"href":"https:\/\/www.wullaestuebli.ch\/wordpress\/wp-json\/wp\/v2\/product_brand?post=2563"},{"taxonomy":"product_cat","embeddable":true,"href":"https:\/\/www.wullaestuebli.ch\/wordpress\/wp-json\/wp\/v2\/product_cat?post=2563"},{"taxonomy":"product_tag","embeddable":true,"href":"https:\/\/www.wullaestuebli.ch\/wordpress\/wp-json\/wp\/v2\/product_tag?post=2563"}],"curies":[{"name":"wp","href":"https:\/\/api.w.org\/{rel}","templated":true}]}}