{"id":2014,"date":"2020-09-09T16:56:57","date_gmt":"2020-09-09T14:56:57","guid":{"rendered":"http:\/\/www.wullaestuebli.ch\/wordpress\/?post_type=product&#038;p=2014"},"modified":"2025-08-20T17:48:52","modified_gmt":"2025-08-20T15:48:52","slug":"stoff-taschen","status":"publish","type":"product","link":"https:\/\/www.wullaestuebli.ch\/wordpress\/produkt\/stoff-taschen\/","title":{"rendered":"Stoff-Taschen"},"content":{"rendered":"<p>Stoff-Taschen aus Baumwollstoff<br \/>\nJede Tasche ein Unikat<br \/>\nL\u00e4nge 41cm<br \/>\nBreite 37cm<br \/>\ngef\u00fcttert, H\u00e4nkell\u00e4nge 37cm<br \/>\nwaschbar 40\u00b0<\/p>\n","protected":false},"excerpt":{"rendered":"<p>Baumwolle, gef\u00fcttert<\/p>\n","protected":false},"featured_media":4726,"template":"","meta":[],"product_brand":[],"product_cat":[19],"product_tag":[47,108,109],"class_list":{"0":"post-2014","1":"product","2":"type-product","3":"status-publish","4":"has-post-thumbnail","6":"product_cat-geschenke","7":"product_tag-stoff","8":"product_tag-tasche","9":"product_tag-unikate","11":"first","12":"instock","13":"shipping-taxable","14":"purchasable","15":"product-type-variable"},"_links":{"self":[{"href":"https:\/\/www.wullaestuebli.ch\/wordpress\/wp-json\/wp\/v2\/product\/2014","targetHints":{"allow":["GET"]}}],"collection":[{"href":"https:\/\/www.wullaestuebli.ch\/wordpress\/wp-json\/wp\/v2\/product"}],"about":[{"href":"https:\/\/www.wullaestuebli.ch\/wordpress\/wp-json\/wp\/v2\/types\/product"}],"wp:featuredmedia":[{"embeddable":true,"href":"https:\/\/www.wullaestuebli.ch\/wordpress\/wp-json\/wp\/v2\/media\/4726"}],"wp:attachment":[{"href":"https:\/\/www.wullaestuebli.ch\/wordpress\/wp-json\/wp\/v2\/media?parent=2014"}],"wp:term":[{"taxonomy":"product_brand","embeddable":true,"href":"https:\/\/www.wullaestuebli.ch\/wordpress\/wp-json\/wp\/v2\/product_brand?post=2014"},{"taxonomy":"product_cat","embeddable":true,"href":"https:\/\/www.wullaestuebli.ch\/wordpress\/wp-json\/wp\/v2\/product_cat?post=2014"},{"taxonomy":"product_tag","embeddable":true,"href":"https:\/\/www.wullaestuebli.ch\/wordpress\/wp-json\/wp\/v2\/product_tag?post=2014"}],"curies":[{"name":"wp","href":"https:\/\/api.w.org\/{rel}","templated":true}]}}