{"id":1810,"date":"2020-03-26T13:20:54","date_gmt":"2020-03-26T12:20:54","guid":{"rendered":"http:\/\/www.wullaestuebli.ch\/wordpress\/?post_type=product&#038;p=1810"},"modified":"2025-07-08T11:13:10","modified_gmt":"2025-07-08T09:13:10","slug":"dreiecktuch-lace","status":"publish","type":"product","link":"https:\/\/www.wullaestuebli.ch\/wordpress\/produkt\/dreiecktuch-lace\/","title":{"rendered":"Dreiecktuch LACE"},"content":{"rendered":"<div class=\"head\"><\/div>\n<div class=\"article\">\n<div class=\"list\">\n<div class=\"item\">\n<div id=\"itemArticleColor_992_0004\" class=\"item articleColor onclick\">\n<div class=\"image onclick\">\n<p><a class=\"buttonClose\" href=\"https:\/\/www.langyarns.com\/de\/Suche\/?sk=lace\"><span class=\"icon\">\uf060<\/span><\/a><\/p>\n<div class=\"list\">\n<div class=\"item left\">\n<div id=\"article-image-full\" class=\"article-image\">\n<div id=\"itemIframe360\" class=\"iframe active\"><iframe loading=\"lazy\" id=\"iframe360\" src=\"https:\/\/transfer.langyarns.com\/Yarn\/992\/360\/992_0013\/992_0013.html\" width=\"100%\" height=\"800px\" frameborder=\"0\" scrolling=\"no\" allowfullscreen=\"allowfullscreen\"><\/iframe><\/div>\n<\/div>\n<\/div>\n<div class=\"item right\">\n<div class=\"head\">\n<h1 class=\"title\">LACE<span class=\"contentLight\">\u00a0|\u00a0<span id=\"articleNumber\">992.0013<\/span><\/span><\/h1>\n<\/div>\n<div class=\"content\">\n<p>Wir haben uns auf die Suche nach dem feinsten und sch\u00f6nsten Mohair begeben. In S\u00fcdafrika haben wir die hochwertigste Qualit\u00e4t gefunden. Diese wird bestimmt durch die Feinheit (Durchmesser) und L\u00e4nge der Haare. F\u00fcr die Qualit\u00e4t LANGYARNS LACE werden nur Fasern mit einem Durchmesser von weniger als f\u00fcnfundzwanzig Tausendstel Millimeter verwendet. Zum Verzwirnen verwenden wir hochwertige Seide. Verw\u00f6hnen Sie sich mit den sch\u00f6nsten Materialien, welche in der Natur entstehen!<\/p>\n<\/div>\n<div class=\"attributes\">\n<div class=\"item\">\n<div class=\"label\">Zusammensetzung<\/div>\n<div class=\"value\">58% Mohair (Superkid)<br \/>\n42% Seide<\/div>\n<\/div>\n<div class=\"item\">\n<div class=\"label\">Laufl\u00e4nge<\/div>\n<div class=\"value\">\u223c310m\u00a0\/\u00a025g<\/div>\n<\/div>\n<div class=\"item\">\n<div class=\"label\">Nadel-Nr.<\/div>\n<div class=\"value\">\u00d8 3-3\u00bd mm<\/div>\n<\/div>\n<div class=\"item\">\n<div class=\"label\">Garnst\u00e4rke<\/div>\n<div class=\"value\">Sport<\/div>\n<\/div>\n<div class=\"item\">\n<div class=\"label\">Pflegemerkmale<\/div>\n<div class=\"value\"><img decoding=\"async\" src=\"https:\/\/www.langyarns.com\/userfiles\/image\/symbole\/W_16.png\" \/>\u00a0<img decoding=\"async\" src=\"https:\/\/www.langyarns.com\/userfiles\/image\/symbole\/C_36.png\" \/>\u00a0<img decoding=\"async\" src=\"https:\/\/www.langyarns.com\/userfiles\/image\/symbole\/T_59.png\" \/>\u00a0<img decoding=\"async\" src=\"https:\/\/www.langyarns.com\/userfiles\/image\/symbole\/B_40.png\" \/>\u00a0<img decoding=\"async\" src=\"https:\/\/www.langyarns.com\/userfiles\/image\/symbole\/R_44.png\" \/><br \/>\nWollwaschmittel ohne Weichsp\u00fcler verwenden!<\/div>\n<\/div>\n<div class=\"item\">\n<div class=\"label\">Maschenprobe<br \/>\n<span class=\"contentLight\">10 x 10 cm<\/span><\/div>\n<div class=\"value\">\n<div class=\"layerGauge\">\n<div class=\"layerGaugeRight\"><\/div>\n<div class=\"layerGaugeBottom\"><\/div>\n<div class=\"layerGaugeRightValue\">40<\/div>\n<div class=\"layerGaugeBottomValue\">26<\/div>\n<\/div>\n<div class=\"clear\"><\/div>\n<\/div>\n<\/div>\n<\/div>\n<div class=\"article-image-small\">\n<div id=\"articleImage\" class=\"image-list\">\n<div id=\"item360\" class=\"item\"><\/div>\n<div id=\"itemBall\" class=\"item\"><\/div>\n<div id=\"itemColor\" class=\"item\"><\/div>\n<div id=\"itemFaden\" class=\"item\"><\/div>\n<\/div>\n<\/div>\n<div class=\"article\">\n<div class=\"subtitle\">\n<h2>FARBEN<\/h2>\n<\/div>\n<div class=\"list\">\n<div class=\"item\">\n<div id=\"itemArticleColor_992_0013\" class=\"item articleColor onclick\">\n<div class=\"image onclick\"><img decoding=\"async\" class=\"img\" title=\"LACE 992.0013\" src=\"https:\/\/transfer.langyarns.com\/Yarn\/992\/992_0013_LANGYARNS_Lace_200_C.jpg\" alt=\"LACE 992.0013\" \/><\/div>\n<\/div>\n<\/div>\n<div class=\"item\">\n<div id=\"itemArticleColor_992_0050\" class=\"item articleColor onclick\">\n<div class=\"image onclick\"><img decoding=\"async\" class=\"img\" title=\"LACE 992.0050\" src=\"https:\/\/transfer.langyarns.com\/Yarn\/992\/992_0050_LANGYARNS_Lace_200_C.jpg\" alt=\"LACE 992.0050\" \/><\/div>\n<div class=\"flag trend\">Trend<\/div>\n<\/div>\n<\/div>\n<div class=\"item\">\n<div id=\"itemArticleColor_992_0259\" class=\"item articleColor onclick\">\n<div class=\"image onclick\"><img decoding=\"async\" class=\"img\" title=\"LACE 992.0259\" src=\"https:\/\/transfer.langyarns.com\/Yarn\/992\/992_0259_LANGYARNS_Lace_200_C.jpg\" alt=\"LACE 992.0259\" \/><\/div>\n<\/div>\n<\/div>\n<div class=\"item\">\n<div id=\"itemArticleColor_992_0159\" class=\"item articleColor onclick\">\n<div class=\"image onclick\"><img decoding=\"async\" class=\"img\" title=\"LACE 992.0159\" src=\"https:\/\/transfer.langyarns.com\/Yarn\/992\/992_0159_LANGYARNS_Lace_200_C.jpg\" alt=\"LACE 992.0159\" \/><\/div>\n<\/div>\n<\/div>\n<div class=\"item\">\n<div id=\"itemArticleColor_992_0060\" class=\"item articleColor onclick\">\n<div class=\"image onclick\"><img decoding=\"async\" class=\"img\" title=\"LACE 992.0060\" src=\"https:\/\/transfer.langyarns.com\/Yarn\/992\/992_0060_LANGYARNS_Lace_200_C.jpg\" alt=\"LACE 992.0060\" \/><\/div>\n<\/div>\n<\/div>\n<div class=\"item\">\n<div id=\"itemArticleColor_992_0062\" class=\"item articleColor onclick\">\n<div class=\"image onclick\"><img decoding=\"async\" class=\"img\" title=\"LACE 992.0062\" src=\"https:\/\/transfer.langyarns.com\/Yarn\/992\/992_0062_LANGYARNS_Lace_200_C.jpg\" alt=\"LACE 992.0062\" \/><\/div>\n<\/div>\n<\/div>\n<div class=\"item\">\n<div id=\"itemArticleColor_992_0085\" class=\"item articleColor onclick\">\n<div class=\"image onclick\"><img decoding=\"async\" class=\"img\" title=\"LACE 992.0085\" src=\"https:\/\/transfer.langyarns.com\/Yarn\/992\/992_0085_LANGYARNS_Lace_200_C.jpg\" alt=\"LACE 992.0085\" \/><\/div>\n<\/div>\n<\/div>\n<div class=\"item\">\n<div id=\"itemArticleColor_992_0066\" class=\"item articleColor onclick\">\n<div class=\"image onclick\"><img decoding=\"async\" class=\"img\" title=\"LACE 992.0066\" src=\"https:\/\/transfer.langyarns.com\/Yarn\/992\/992_0066_LANGYARNS_Lace_200_C.jpg\" alt=\"LACE 992.0066\" \/><\/div>\n<\/div>\n<\/div>\n<div class=\"item\">\n<div id=\"itemArticleColor_992_0080\" class=\"item articleColor onclick\">\n<div class=\"image onclick\"><img decoding=\"async\" class=\"img\" title=\"LACE 992.0080\" src=\"https:\/\/transfer.langyarns.com\/Yarn\/992\/992_0080_LANGYARNS_Lace_200_C.jpg\" alt=\"LACE 992.0080\" \/><\/div>\n<\/div>\n<\/div>\n<div class=\"item\">\n<div id=\"itemArticleColor_992_0027\" class=\"item articleColor onclick\">\n<div class=\"image onclick\"><img decoding=\"async\" class=\"img\" title=\"LACE 992.0027\" src=\"https:\/\/transfer.langyarns.com\/Yarn\/992\/992_0027_LANGYARNS_Lace_200_C.jpg\" alt=\"LACE 992.0027\" \/><\/div>\n<\/div>\n<\/div>\n<div class=\"item\">\n<div id=\"itemArticleColor_992_0028\" class=\"item articleColor onclick\">\n<div class=\"image onclick\"><img decoding=\"async\" class=\"img\" title=\"LACE 992.0028\" src=\"https:\/\/transfer.langyarns.com\/Yarn\/992\/992_0028_LANGYARNS_Lace_200_C.jpg\" alt=\"LACE 992.0028\" \/><\/div>\n<\/div>\n<\/div>\n<div class=\"item\">\n<div id=\"itemArticleColor_992_0009\" class=\"item articleColor onclick\">\n<div class=\"image onclick\"><img decoding=\"async\" class=\"img\" title=\"LACE 992.0009\" src=\"https:\/\/transfer.langyarns.com\/Yarn\/992\/992_0009_LANGYARNS_Lace_200_C.jpg\" alt=\"LACE 992.0009\" \/><\/div>\n<\/div>\n<\/div>\n<div class=\"item\">\n<div id=\"itemArticleColor_992_0048\" class=\"item articleColor onclick\">\n<div class=\"image onclick\"><img decoding=\"async\" class=\"img\" title=\"LACE 992.0048\" src=\"https:\/\/transfer.langyarns.com\/Yarn\/992\/992_0048_LANGYARNS_Lace_200_C.jpg\" alt=\"LACE 992.0048\" \/><\/div>\n<\/div>\n<\/div>\n<div class=\"item\">\n<div id=\"itemArticleColor_992_0068\" class=\"item articleColor onclick\">\n<div class=\"image onclick\"><img decoding=\"async\" class=\"img\" title=\"LACE 992.0068\" src=\"https:\/\/transfer.langyarns.com\/Yarn\/992\/992_0068_LANGYARNS_Lace_200_C.jpg\" alt=\"LACE 992.0068\" \/><\/div>\n<\/div>\n<\/div>\n<div class=\"item\">\n<div id=\"itemArticleColor_992_0007\" class=\"item articleColor onclick\">\n<div class=\"image onclick\"><img decoding=\"async\" class=\"img\" title=\"LACE 992.0007\" src=\"https:\/\/transfer.langyarns.com\/Yarn\/992\/992_0007_LANGYARNS_Lace_200_C.jpg\" alt=\"LACE 992.0007\" \/><\/div>\n<div class=\"flag trend\">Trend<\/div>\n<\/div>\n<\/div>\n<div class=\"item\">\n<div id=\"itemArticleColor_992_0046\" class=\"item articleColor onclick\">\n<div class=\"image onclick\"><img decoding=\"async\" class=\"img\" title=\"LACE 992.0046\" src=\"https:\/\/transfer.langyarns.com\/Yarn\/992\/992_0046_LANGYARNS_Lace_200_C.jpg\" alt=\"LACE 992.0046\" \/><\/div>\n<div class=\"flag trend\">Trend<\/div>\n<\/div>\n<\/div>\n<div class=\"item\">\n<div id=\"itemArticleColor_992_0021\" class=\"item articleColor onclick\">\n<div class=\"image onclick\"><img decoding=\"async\" class=\"img\" title=\"LACE 992.0021\" src=\"https:\/\/transfer.langyarns.com\/Yarn\/992\/992_0021_LANGYARNS_Lace_200_C.jpg\" alt=\"LACE 992.0021\" \/><\/div>\n<\/div>\n<\/div>\n<div class=\"item\">\n<div id=\"itemArticleColor_992_0133\" class=\"item articleColor onclick\">\n<div class=\"image onclick\"><img decoding=\"async\" class=\"img\" title=\"LACE 992.0133\" src=\"https:\/\/transfer.langyarns.com\/Yarn\/992\/992_0133_LANGYARNS_Lace_200_C.jpg\" alt=\"LACE 992.0133\" \/><\/div>\n<\/div>\n<\/div>\n<div class=\"item\">\n<div id=\"itemArticleColor_992_0034\" class=\"item articleColor onclick\">\n<div class=\"image onclick\"><img decoding=\"async\" class=\"img\" title=\"LACE 992.0034\" src=\"https:\/\/transfer.langyarns.com\/Yarn\/992\/992_0034_LANGYARNS_Lace_200_C.jpg\" alt=\"LACE 992.0034\" \/><\/div>\n<\/div>\n<\/div>\n<div class=\"item\">\n<div id=\"itemArticleColor_992_0033\" class=\"item articleColor onclick\">\n<div class=\"image onclick\"><img decoding=\"async\" class=\"img\" title=\"LACE 992.0033\" src=\"https:\/\/transfer.langyarns.com\/Yarn\/992\/992_0033_LANGYARNS_Lace_200_C.jpg\" alt=\"LACE 992.0033\" \/><\/div>\n<div class=\"flag trend\">Trend<\/div>\n<\/div>\n<\/div>\n<div class=\"item\">\n<div id=\"itemArticleColor_992_0025\" class=\"item articleColor onclick\">\n<div class=\"image onclick\"><img decoding=\"async\" class=\"img\" title=\"LACE 992.0025\" src=\"https:\/\/transfer.langyarns.com\/Yarn\/992\/992_0025_LANGYARNS_Lace_200_C.jpg\" alt=\"LACE 992.0025\" \/><\/div>\n<\/div>\n<\/div>\n<div class=\"item\">\n<div id=\"itemArticleColor_992_0006\" class=\"item articleColor onclick\">\n<div class=\"image onclick\"><img decoding=\"async\" class=\"img\" title=\"LACE 992.0006\" src=\"https:\/\/transfer.langyarns.com\/Yarn\/992\/992_0006_LANGYARNS_Lace_200_C.jpg\" alt=\"LACE 992.0006\" \/><\/div>\n<\/div>\n<\/div>\n<div class=\"item\">\n<div id=\"itemArticleColor_992_0058\" class=\"item articleColor onclick\">\n<div class=\"image onclick\"><img decoding=\"async\" class=\"img\" title=\"LACE 992.0058\" src=\"https:\/\/transfer.langyarns.com\/Yarn\/992\/992_0058_LANGYARNS_Lace_200_C.jpg\" alt=\"LACE 992.0058\" \/><\/div>\n<\/div>\n<\/div>\n<div class=\"item\">\n<div id=\"itemArticleColor_992_0072\" class=\"item articleColor onclick\">\n<div class=\"image onclick\"><img decoding=\"async\" class=\"img\" title=\"LACE 992.0072\" src=\"https:\/\/transfer.langyarns.com\/Yarn\/992\/992_0072_LANGYARNS_Lace_200_C.jpg\" alt=\"LACE 992.0072\" \/><\/div>\n<\/div>\n<\/div>\n<div class=\"item\">\n<div id=\"itemArticleColor_992_0074\" class=\"item articleColor onclick\">\n<div class=\"image onclick\"><img decoding=\"async\" class=\"img\" title=\"LACE 992.0074\" src=\"https:\/\/transfer.langyarns.com\/Yarn\/992\/992_0074_LANGYARNS_Lace_200_C.jpg\" alt=\"LACE 992.0074\" \/><\/div>\n<\/div>\n<\/div>\n<div class=\"item\">\n<div id=\"itemArticleColor_992_0158\" class=\"item articleColor onclick\">\n<div class=\"image onclick\"><img decoding=\"async\" class=\"img\" title=\"LACE 992.0158\" src=\"https:\/\/transfer.langyarns.com\/Yarn\/992\/992_0158_LANGYARNS_Lace_200_C.jpg\" alt=\"LACE 992.0158\" \/><\/div>\n<\/div>\n<\/div>\n<div class=\"item\">\n<div id=\"itemArticleColor_992_0018\" class=\"item articleColor onclick\">\n<div class=\"image onclick\"><img decoding=\"async\" class=\"img\" title=\"LACE 992.0018\" src=\"https:\/\/transfer.langyarns.com\/Yarn\/992\/992_0018_LANGYARNS_Lace_200_C.jpg\" alt=\"LACE 992.0018\" \/><\/div>\n<\/div>\n<\/div>\n<div class=\"item\">\n<div id=\"itemArticleColor_992_0091\" class=\"item articleColor onclick\">\n<div class=\"image onclick\"><img decoding=\"async\" class=\"img\" title=\"LACE 992.0091\" src=\"https:\/\/transfer.langyarns.com\/Yarn\/992\/992_0091_LANGYARNS_Lace_200_C.jpg\" alt=\"LACE 992.0091\" \/><\/div>\n<\/div>\n<\/div>\n<div class=\"item\">\n<div id=\"itemArticleColor_992_0092\" class=\"item articleColor onclick\">\n<div class=\"image onclick\"><img decoding=\"async\" class=\"img\" title=\"LACE 992.0092\" src=\"https:\/\/transfer.langyarns.com\/Yarn\/992\/992_0092_LANGYARNS_Lace_200_C.jpg\" alt=\"LACE 992.0092\" \/><\/div>\n<\/div>\n<\/div>\n<div class=\"item\">\n<div id=\"itemArticleColor_992_0044\" class=\"item articleColor onclick\">\n<div class=\"image onclick\"><img decoding=\"async\" class=\"img\" title=\"LACE 992.0044\" src=\"https:\/\/transfer.langyarns.com\/Yarn\/992\/992_0044_LANGYARNS_Lace_200_C.jpg\" alt=\"LACE 992.0044\" \/><\/div>\n<div class=\"flag trend\">Trend<\/div>\n<\/div>\n<\/div>\n<div class=\"item\">\n<div id=\"itemArticleColor_992_0016\" class=\"item articleColor onclick\">\n<div class=\"image onclick\"><img decoding=\"async\" class=\"img\" title=\"LACE 992.0016\" src=\"https:\/\/transfer.langyarns.com\/Yarn\/992\/992_0016_LANGYARNS_Lace_200_C.jpg\" alt=\"LACE 992.0016\" \/><\/div>\n<\/div>\n<\/div>\n<div class=\"item\">\n<div id=\"itemArticleColor_992_0098\" class=\"item articleColor onclick\">\n<div class=\"image onclick\"><img decoding=\"async\" class=\"img\" title=\"LACE 992.0098\" src=\"https:\/\/transfer.langyarns.com\/Yarn\/992\/992_0098_LANGYARNS_Lace_200_C.jpg\" alt=\"LACE 992.0098\" \/><\/div>\n<div class=\"flag trend\">Trend<\/div>\n<\/div>\n<\/div>\n<div class=\"item\">\n<div id=\"itemArticleColor_992_0017\" class=\"item articleColor onclick\">\n<div class=\"image onclick\"><img decoding=\"async\" class=\"img\" title=\"LACE 992.0017\" src=\"https:\/\/transfer.langyarns.com\/Yarn\/992\/992_0017_LANGYARNS_Lace_200_C.jpg\" alt=\"LACE 992.0017\" \/><\/div>\n<\/div>\n<\/div>\n<div class=\"item\">\n<div id=\"itemArticleColor_992_0094\" class=\"item articleColor onclick\">\n<div class=\"image onclick\"><img decoding=\"async\" class=\"img\" title=\"LACE 992.0094\" src=\"https:\/\/transfer.langyarns.com\/Yarn\/992\/992_0094_LANGYARNS_Lace_200_C.jpg\" alt=\"LACE 992.0094\" \/><\/div>\n<\/div>\n<\/div>\n<div class=\"item\">\n<div id=\"itemArticleColor_992_0026\" class=\"item articleColor onclick\">\n<div class=\"image onclick\"><img decoding=\"async\" class=\"img\" title=\"LACE 992.0026\" src=\"https:\/\/transfer.langyarns.com\/Yarn\/992\/992_0026_LANGYARNS_Lace_200_C.jpg\" alt=\"LACE 992.0026\" \/><\/div>\n<\/div>\n<\/div>\n<div class=\"item\">\n<div id=\"itemArticleColor_992_0039\" class=\"item articleColor onclick\">\n<div class=\"image onclick\"><img decoding=\"async\" class=\"img\" title=\"LACE 992.0039\" src=\"https:\/\/transfer.langyarns.com\/Yarn\/992\/992_0039_LANGYARNS_Lace_200_C.jpg\" alt=\"LACE 992.0039\" \/><\/div>\n<\/div>\n<\/div>\n<div class=\"item\">\n<div id=\"itemArticleColor_992_0115\" class=\"item articleColor onclick\">\n<div class=\"image onclick\"><img decoding=\"async\" class=\"img\" title=\"LACE 992.0115\" src=\"https:\/\/transfer.langyarns.com\/Yarn\/992\/992_0115_LANGYARNS_Lace_200_C.jpg\" alt=\"LACE 992.0115\" \/><\/div>\n<\/div>\n<\/div>\n<div class=\"item\">\n<div id=\"itemArticleColor_992_0015\" class=\"item articleColor onclick\">\n<div class=\"image onclick\"><img decoding=\"async\" class=\"img\" title=\"LACE 992.0015\" src=\"https:\/\/transfer.langyarns.com\/Yarn\/992\/992_0015_LANGYARNS_Lace_200_C.jpg\" alt=\"LACE 992.0015\" \/><\/div>\n<\/div>\n<\/div>\n<div class=\"item\">\n<div id=\"itemArticleColor_992_0268\" class=\"item articleColor onclick\">\n<div class=\"image onclick\"><img decoding=\"async\" class=\"img\" title=\"LACE 992.0268\" src=\"https:\/\/transfer.langyarns.com\/Yarn\/992\/992_0268_LANGYARNS_Lace_200_C.jpg\" alt=\"LACE 992.0268\" \/><\/div>\n<\/div>\n<\/div>\n<div class=\"item\">\n<div id=\"itemArticleColor_992_0168\" class=\"item articleColor onclick\">\n<div class=\"image onclick\"><img decoding=\"async\" class=\"img\" title=\"LACE 992.0168\" src=\"https:\/\/transfer.langyarns.com\/Yarn\/992\/992_0168_LANGYARNS_Lace_200_C.jpg\" alt=\"LACE 992.0168\" \/><\/div>\n<\/div>\n<\/div>\n<div class=\"item\">\n<div id=\"itemArticleColor_992_0001\" class=\"item articleColor onclick\">\n<div class=\"image onclick\"><img decoding=\"async\" class=\"img\" title=\"LACE 992.0001\" src=\"https:\/\/transfer.langyarns.com\/Yarn\/992\/992_0001_LANGYARNS_Lace_200_C.jpg\" alt=\"LACE 992.0001\" \/><\/div>\n<\/div>\n<\/div>\n<div class=\"item\">\n<div id=\"itemArticleColor_992_0023\" class=\"item articleColor onclick\">\n<div class=\"image onclick\"><img decoding=\"async\" class=\"img\" title=\"LACE 992.0023\" src=\"https:\/\/transfer.langyarns.com\/Yarn\/992\/992_0023_LANGYARNS_Lace_200_C.jpg\" alt=\"LACE 992.0023\" \/><\/div>\n<\/div>\n<\/div>\n<div class=\"item\">\n<div id=\"itemArticleColor_992_0005\" class=\"item articleColor onclick\">\n<div class=\"image onclick\"><img decoding=\"async\" class=\"img\" title=\"LACE 992.0005\" src=\"https:\/\/transfer.langyarns.com\/Yarn\/992\/992_0005_LANGYARNS_Lace_200_C.jpg\" alt=\"LACE 992.0005\" \/><\/div>\n<\/div>\n<\/div>\n<div class=\"item\">\n<div id=\"itemArticleColor_992_0070\" class=\"item articleColor onclick\">\n<div class=\"image onclick\"><img decoding=\"async\" class=\"img\" title=\"LACE 992.0070\" src=\"https:\/\/transfer.langyarns.com\/Yarn\/992\/992_0070_LANGYARNS_Lace_200_C.jpg\" alt=\"LACE 992.0070\" \/><\/div>\n<\/div>\n<\/div>\n<div class=\"item\">\n<div id=\"itemArticleColor_992_0004\" class=\"item articleColor onclick\">\n<div class=\"image onclick\"><img decoding=\"async\" class=\"img\" title=\"LACE 992.0004\" src=\"https:\/\/transfer.langyarns.com\/Yarn\/992\/992_0004_LANGYARNS_Lace_200_C.jpg\" alt=\"LACE 992.0004\" \/><\/div>\n<\/div>\n<\/div>\n<\/div>\n<\/div>\n<div class=\"articleLink\"><a class=\"link pdf\" href=\"https:\/\/www.langyarns.com\/userfiles\/file\/generated\/992B.pdf\" target=\"_blank\" rel=\"noopener\">Farbkarte PDF<\/a><\/div>\n<\/div>\n<\/div>\n<\/div>\n<\/div>\n<\/div>\n<div class=\"item\">\n<div id=\"itemArticleColor_992_0005\" class=\"item articleColor onclick\"><\/div>\n<\/div>\n<div class=\"item\">\n<div id=\"itemArticleColor_992_0023\" class=\"item articleColor onclick\">\n<div class=\"flag trend\"><\/div>\n<\/div>\n<\/div>\n<div class=\"item\">\n<div id=\"itemArticleColor_992_0001\" class=\"item articleColor onclick\">\n<div class=\"image onclick\"><\/div>\n<\/div>\n<\/div>\n<div class=\"item\">\n<div id=\"itemArticleColor_992_0094\" class=\"item articleColor onclick\">\n<div class=\"flag trend\"><\/div>\n<\/div>\n<\/div>\n<div class=\"item\">\n<div id=\"itemArticleColor_992_0026\" class=\"item articleColor onclick\">\n<div class=\"image onclick\"><\/div>\n<\/div>\n<\/div>\n<div class=\"item\">\n<div id=\"itemArticleColor_992_0039\" class=\"item articleColor onclick\">\n<div class=\"image onclick\"><\/div>\n<\/div>\n<\/div>\n<div class=\"item\">\n<div id=\"itemArticleColor_992_0068\" class=\"item articleColor onclick\">\n<div class=\"image onclick\"><\/div>\n<\/div>\n<\/div>\n<div class=\"item\">\n<div id=\"itemArticleColor_992_0168\" class=\"item articleColor onclick\">\n<div class=\"image onclick\"><\/div>\n<\/div>\n<\/div>\n<div class=\"item\">\n<div id=\"itemArticleColor_992_0013\" class=\"item articleColor onclick\">\n<div class=\"image onclick\"><\/div>\n<\/div>\n<\/div>\n<div class=\"item\">\n<div id=\"itemArticleColor_992_0050\" class=\"item articleColor onclick\"><\/div>\n<\/div>\n<div class=\"item\">\n<div id=\"itemArticleColor_992_0015\" class=\"item articleColor onclick\">\n<div class=\"flag trend\"><\/div>\n<\/div>\n<\/div>\n<div class=\"item\">\n<div id=\"itemArticleColor_992_0115\" class=\"item articleColor onclick\">\n<div class=\"image onclick\"><\/div>\n<\/div>\n<\/div>\n<div class=\"item\">\n<div id=\"itemArticleColor_992_0066\" class=\"item articleColor onclick\"><\/div>\n<\/div>\n<div class=\"item\">\n<div id=\"itemArticleColor_992_0060\" class=\"item articleColor onclick\">\n<div class=\"image onclick\"><\/div>\n<\/div>\n<\/div>\n<div class=\"item\">\n<div id=\"itemArticleColor_992_0062\" class=\"item articleColor onclick\">\n<div class=\"image onclick\"><\/div>\n<\/div>\n<\/div>\n<div class=\"item\">\n<div id=\"itemArticleColor_992_0080\" class=\"item articleColor onclick\">\n<div class=\"image onclick\"><\/div>\n<\/div>\n<\/div>\n<div class=\"item\">\n<div id=\"itemArticleColor_992_0007\" class=\"item articleColor onclick\">\n<div class=\"image onclick\"><\/div>\n<\/div>\n<\/div>\n<div class=\"item\">\n<div id=\"itemArticleColor_992_0074\" class=\"item articleColor onclick\">\n<div class=\"image onclick\"><\/div>\n<\/div>\n<\/div>\n<div class=\"item\">\n<div id=\"itemArticleColor_992_0072\" class=\"item articleColor onclick\">\n<div class=\"image onclick\"><\/div>\n<\/div>\n<\/div>\n<div class=\"item\">\n<div id=\"itemArticleColor_992_0092\" class=\"item articleColor onclick\">\n<div class=\"image onclick\"><\/div>\n<\/div>\n<\/div>\n<div class=\"item\">\n<div id=\"itemArticleColor_992_0091\" class=\"item articleColor onclick\">\n<div class=\"flag trend\"><\/div>\n<\/div>\n<\/div>\n<div class=\"item\">\n<div id=\"itemArticleColor_992_0058\" class=\"item articleColor onclick\">\n<div class=\"image onclick\"><\/div>\n<\/div>\n<\/div>\n<div class=\"item\">\n<div id=\"itemArticleColor_992_0158\" class=\"item articleColor onclick\">\n<div class=\"image onclick\"><\/div>\n<\/div>\n<\/div>\n<div class=\"item\">\n<div id=\"itemArticleColor_992_0048\" class=\"item articleColor onclick\">\n<div class=\"image onclick\"><\/div>\n<\/div>\n<\/div>\n<div class=\"item\">\n<div id=\"itemArticleColor_992_0028\" class=\"item articleColor onclick\">\n<div class=\"image onclick\"><\/div>\n<\/div>\n<\/div>\n<div class=\"item\">\n<div id=\"itemArticleColor_992_0027\" class=\"item articleColor onclick\"><\/div>\n<\/div>\n<div class=\"item\">\n<div id=\"itemArticleColor_992_0098\" class=\"item articleColor onclick\">\n<div class=\"flag trend\"><\/div>\n<\/div>\n<\/div>\n<div class=\"item\">\n<div id=\"itemArticleColor_992_0017\" class=\"item articleColor onclick\">\n<div class=\"image onclick\"><\/div>\n<\/div>\n<\/div>\n<div>\n<div id=\"itemArticleColor_992_0016\">\n<div><\/div>\n<\/div>\n<\/div>\n<div class=\"item\">\n<div id=\"itemArticleColor_992_0006\" class=\"item articleColor onclick\">\n<div class=\"image onclick\"><\/div>\n<\/div>\n<\/div>\n<div class=\"item\">\n<div id=\"itemArticleColor_992_0025\" class=\"item articleColor onclick\">\n<div class=\"image onclick\"><\/div>\n<\/div>\n<\/div>\n<div class=\"item\">\n<div id=\"itemArticleColor_992_0033\" class=\"item articleColor onclick\">\n<div class=\"image onclick\"><\/div>\n<\/div>\n<\/div>\n<div class=\"item\">\n<div id=\"itemArticleColor_992_0034\" class=\"item articleColor onclick\">\n<div class=\"image onclick\"><\/div>\n<\/div>\n<\/div>\n<\/div>\n<\/div>\n","protected":false},"excerpt":{"rendered":"<p>Strickpackung Best. Nr. 19-019<br \/>\n2 Kn\u00e4uel Lace wenn man mag zwei verschiedene Farben.<\/p>\n<p>Strickmaterial Lace, Strickrezept Gratis ohne Stricknadeln. Es braucht Nadelst\u00e4rke 6.0<\/p>\n<p>Wir haben uns auf die Suche nach dem feinsten und sch\u00f6nsten Mohair begeben. In S\u00fcdafrika haben wir die hochwertigste Qualit\u00e4t gefunden. Diese wird bestimmt durch die Feinheit (Durchmesser) und L\u00e4nge der Haare. F\u00fcr die Qualit\u00e4t LANGYARNS LACE werden nur Fasern mit einem Durchmesser von weniger als f\u00fcnfundzwanzig Tausendstel Millimeter verwendet. Zum Verzwirnen verwenden wir hochwertige Seide. Verw\u00f6hnen Sie sich mit den sch\u00f6nsten Materialien, welche in der Natur entstehen!<\/p>\n","protected":false},"featured_media":1813,"template":"","meta":[],"product_brand":[],"product_cat":[25],"product_tag":[140,141,139],"class_list":{"0":"post-1810","1":"product","2":"type-product","3":"status-publish","4":"has-post-thumbnail","6":"product_cat-strickpackungen","7":"product_tag-dreiecktuch","8":"product_tag-feinstes-mohai","9":"product_tag-schal","11":"first","12":"instock","13":"shipping-taxable","14":"purchasable","15":"product-type-variable"},"_links":{"self":[{"href":"https:\/\/www.wullaestuebli.ch\/wordpress\/wp-json\/wp\/v2\/product\/1810","targetHints":{"allow":["GET"]}}],"collection":[{"href":"https:\/\/www.wullaestuebli.ch\/wordpress\/wp-json\/wp\/v2\/product"}],"about":[{"href":"https:\/\/www.wullaestuebli.ch\/wordpress\/wp-json\/wp\/v2\/types\/product"}],"wp:featuredmedia":[{"embeddable":true,"href":"https:\/\/www.wullaestuebli.ch\/wordpress\/wp-json\/wp\/v2\/media\/1813"}],"wp:attachment":[{"href":"https:\/\/www.wullaestuebli.ch\/wordpress\/wp-json\/wp\/v2\/media?parent=1810"}],"wp:term":[{"taxonomy":"product_brand","embeddable":true,"href":"https:\/\/www.wullaestuebli.ch\/wordpress\/wp-json\/wp\/v2\/product_brand?post=1810"},{"taxonomy":"product_cat","embeddable":true,"href":"https:\/\/www.wullaestuebli.ch\/wordpress\/wp-json\/wp\/v2\/product_cat?post=1810"},{"taxonomy":"product_tag","embeddable":true,"href":"https:\/\/www.wullaestuebli.ch\/wordpress\/wp-json\/wp\/v2\/product_tag?post=1810"}],"curies":[{"name":"wp","href":"https:\/\/api.w.org\/{rel}","templated":true}]}}