{"id":1235,"date":"2019-01-03T11:33:56","date_gmt":"2019-01-03T10:33:56","guid":{"rendered":"http:\/\/www.wullaestuebli.ch\/wordpress\/?post_type=product&#038;p=1235"},"modified":"2023-05-31T09:17:13","modified_gmt":"2023-05-31T07:17:13","slug":"kosmetik-oel-sacha-inchi","status":"publish","type":"product","link":"https:\/\/www.wullaestuebli.ch\/wordpress\/produkt\/kosmetik-oel-sacha-inchi\/","title":{"rendered":"Kosmetik-\u00d6l Sacha Inchi"},"content":{"rendered":"","protected":false},"excerpt":{"rendered":"<p>&nbsp;<\/p>\n<p>F\u00fcr Haut und Haar. Das Kosmetik\u00f6l ist 100% nat\u00fcrlich.<\/p>\n<p>Es hilft gegen Falten ist zellregenerierend und zellaktivierend und erh\u00f6ht die Hautelastizit\u00e4t. Das Sacha Inchi Oel pflegt und st\u00e4rkt ihre Haare und verleiht einen herrlichen Glanz.<\/p>\n","protected":false},"featured_media":3793,"template":"","meta":[],"product_brand":[],"product_cat":[21],"product_tag":[53,41,42],"class_list":{"0":"post-1235","1":"product","2":"type-product","3":"status-publish","4":"has-post-thumbnail","6":"product_cat-honlai-tee-oel","7":"product_tag-kosmetik","8":"product_tag-oel","9":"product_tag-sacha-inchi","11":"first","12":"instock","13":"shipping-taxable","14":"purchasable","15":"product-type-variable"},"_links":{"self":[{"href":"https:\/\/www.wullaestuebli.ch\/wordpress\/wp-json\/wp\/v2\/product\/1235","targetHints":{"allow":["GET"]}}],"collection":[{"href":"https:\/\/www.wullaestuebli.ch\/wordpress\/wp-json\/wp\/v2\/product"}],"about":[{"href":"https:\/\/www.wullaestuebli.ch\/wordpress\/wp-json\/wp\/v2\/types\/product"}],"wp:featuredmedia":[{"embeddable":true,"href":"https:\/\/www.wullaestuebli.ch\/wordpress\/wp-json\/wp\/v2\/media\/3793"}],"wp:attachment":[{"href":"https:\/\/www.wullaestuebli.ch\/wordpress\/wp-json\/wp\/v2\/media?parent=1235"}],"wp:term":[{"taxonomy":"product_brand","embeddable":true,"href":"https:\/\/www.wullaestuebli.ch\/wordpress\/wp-json\/wp\/v2\/product_brand?post=1235"},{"taxonomy":"product_cat","embeddable":true,"href":"https:\/\/www.wullaestuebli.ch\/wordpress\/wp-json\/wp\/v2\/product_cat?post=1235"},{"taxonomy":"product_tag","embeddable":true,"href":"https:\/\/www.wullaestuebli.ch\/wordpress\/wp-json\/wp\/v2\/product_tag?post=1235"}],"curies":[{"name":"wp","href":"https:\/\/api.w.org\/{rel}","templated":true}]}}