{"id":557,"date":"2018-02-28T15:47:48","date_gmt":"2018-02-28T14:47:48","guid":{"rendered":"http:\/\/www.wullaestuebli.ch\/wordpress\/?page_id=557"},"modified":"2026-01-17T12:35:38","modified_gmt":"2026-01-17T11:35:38","slug":"strick-cafe-event","status":"publish","type":"page","link":"https:\/\/www.wullaestuebli.ch\/wordpress\/strick-cafe-event\/","title":{"rendered":"Strick-Caf\u00e9 \/ Event"},"content":{"rendered":"<p>&nbsp;<\/p>\n<h2><strong>Strickn\u00e4chte 2025<\/strong><\/h2>\n<p><strong>Einladung zu den Strickn\u00e4chten 2026<\/strong><\/p>\n<p>Auf vielseitigen Wunsch f\u00fchren wir diese gem\u00fctlichen Strickn\u00e4chte weiter.<br \/>\nBei einem Ap\u00e9ro, Prosecco, Wein, Fruchtsaft etc. und etwas zum Knabbern lassen wir die Stricknadeln klappern und klimpern bis Mitternacht&#8230; ihr k\u00f6nnt euer angefangenes Strickobjekt mitnehmen, in aller Ruhe ein neues Projekt starten oder etwas &#8222;Liegengebliebenes&#8220; fertig machen. Nat\u00fcrlich versuchen wir, euch mit Tipps und Tricks zu unterst\u00fctzen.<\/p>\n<p>F\u00fcr folgende Daten k\u00f6nnt ihr euch sofort anmelden:<\/p>\n<p><strong><span style=\"color: #ff0000;\"><br \/>\nFreitag,\u00a0 \u00a06. Februar 2026\u00a0 (ausgebucht)<br \/>\nFreitag, 13. M\u00e4rz 2026 (ausgebucht)<\/span><\/strong><\/p>\n<p>Wo: Wull\u00e4st\u00fcbli Buchackern, Eppishauser Strasse 2<\/p>\n<p>Zeit: ab 19.30 &#8211; 24.00 Uhr, je nach Strickkondition.<\/p>\n<p>Unkostenbeitrag: Fr. 30.&#8211;<\/p>\n<p>Anmeldung: <strong>Unbedingt <\/strong>bis 3 Tage vor dem Event<\/p>\n<p>Diese Abende werden mit mindestens 7 Strickerinnen bis h\u00f6chstens 10 Strickerinnen durchgef\u00fchrt und nur mit Anmeldung.<\/p>\n<p>Wir freuen uns, mit euch einen gem\u00fctlichen, kreativen Abend zu verbringen.<\/p>\n<h3><strong>Geniesse einige Zeit mit Stricken in unserem Strick-Caf\u00e9.<\/strong><\/h3>\n<p>Unser Wull\u00e4st\u00fcbli-Team heisst dich herzlich willkommen zu unseren Stricknachmittagen oder Strickn\u00e4chten<\/p>\n<p>Unsere beliebten Stricknachmittage finden jeden<\/p>\n<p>1. Dienstagnachmittag und 3. Donnerstagnachmittag im Monat von<\/p>\n<p>13.30 &#8211; 16.30 Uhr statt.<\/p>\n<p>Gestrickt wird in unserem\u00a0 gem\u00fctlichen Strickst\u00fcbli. Kaffee und etwas S\u00fcsses geh\u00f6rt dazu. Das Kaffeek\u00e4sseli l\u00e4sst danken.<br \/>\n.<br \/>\nMit Tipps und Tricks stehen wir dir gerne zur Verf\u00fcgung.<\/p>\n<p>&nbsp;<\/p>\n<p>&nbsp;<\/p>\n","protected":false},"excerpt":{"rendered":"<p>&nbsp; Strickn\u00e4chte 2025 Einladung zu den Strickn\u00e4chten 2026 Auf vielseitigen Wunsch f\u00fchren wir diese gem\u00fctlichen Strickn\u00e4chte weiter. Bei einem Ap\u00e9ro, Prosecco, Wein, Fruchtsaft etc. und etwas zum Knabbern lassen wir die Stricknadeln klappern und klimpern bis Mitternacht&#8230; ihr k\u00f6nnt euer angefangenes Strickobjekt mitnehmen, in aller Ruhe ein neues Projekt starten oder etwas &#8222;Liegengebliebenes&#8220; fertig machen&#8230;<\/p>\n","protected":false},"author":62,"featured_media":704,"parent":0,"menu_order":0,"comment_status":"closed","ping_status":"closed","template":"","meta":{"footnotes":""},"class_list":["post-557","page","type-page","status-publish","has-post-thumbnail","hentry"],"_links":{"self":[{"href":"https:\/\/www.wullaestuebli.ch\/wordpress\/wp-json\/wp\/v2\/pages\/557","targetHints":{"allow":["GET"]}}],"collection":[{"href":"https:\/\/www.wullaestuebli.ch\/wordpress\/wp-json\/wp\/v2\/pages"}],"about":[{"href":"https:\/\/www.wullaestuebli.ch\/wordpress\/wp-json\/wp\/v2\/types\/page"}],"author":[{"embeddable":true,"href":"https:\/\/www.wullaestuebli.ch\/wordpress\/wp-json\/wp\/v2\/users\/62"}],"replies":[{"embeddable":true,"href":"https:\/\/www.wullaestuebli.ch\/wordpress\/wp-json\/wp\/v2\/comments?post=557"}],"version-history":[{"count":171,"href":"https:\/\/www.wullaestuebli.ch\/wordpress\/wp-json\/wp\/v2\/pages\/557\/revisions"}],"predecessor-version":[{"id":4890,"href":"https:\/\/www.wullaestuebli.ch\/wordpress\/wp-json\/wp\/v2\/pages\/557\/revisions\/4890"}],"wp:featuredmedia":[{"embeddable":true,"href":"https:\/\/www.wullaestuebli.ch\/wordpress\/wp-json\/wp\/v2\/media\/704"}],"wp:attachment":[{"href":"https:\/\/www.wullaestuebli.ch\/wordpress\/wp-json\/wp\/v2\/media?parent=557"}],"curies":[{"name":"wp","href":"https:\/\/api.w.org\/{rel}","templated":true}]}}