{"id":30,"date":"2017-09-07T11:14:54","date_gmt":"2017-09-07T09:14:54","guid":{"rendered":"http:\/\/www.wullaestuebli.ch\/wordpress\/?page_id=30"},"modified":"2021-06-08T17:03:39","modified_gmt":"2021-06-08T15:03:39","slug":"kontakt","status":"publish","type":"page","link":"https:\/\/www.wullaestuebli.ch\/wordpress\/kontakt\/","title":{"rendered":"Kontakt"},"content":{"rendered":"<h2>So k\u00f6nnen Sie mit uns Kontakt aufnehmen<\/h2>\n<blockquote>\n<p class=\"aktuell_text\">Wull\u00e4st\u00fcbli\/Gschenklad\u00e4<br \/>\nMargrit Tanner-Heer<br \/>\nEppishauserstrasse 2<br \/>\n8586 Buchackern bei Erlen (TG)<\/p>\n<\/blockquote>\n<p class=\"aktuell_text\">Telefon: 071 648 23 45 \u00a0079 525 34 63<br \/>\nE-mail: m-tanner@wullaestuebli.ch<\/p>\n<script type=\"text\/javascript\">\n    jQuery(document).ready(function($) {\n        \/\/ the div that will contain the map\n        var mapdiv = jQuery(\"#responsive_map_465217159\"); \n        \/\/ markers should be clustered?\n        var clustering = \"no\"; \n        \/\/ Create the map in the div \n        mapdiv.gMapResp({\n            maptype: google.maps.MapTypeId.ROADMAP,\n            log: false,\n            zoom: 15,\n            markers: [{\n                        address: 'Eppishauserstrasse 2, 8586 Buchackern', \n                        key: '1',html:'Eppishauserstrasse 2, 8586 Buchackern<br><strong><a target=\\'_blank\\' href=\\'http:\/\/maps.google.com\/?daddr=Eppishauserstrasse+2%2C+8586+Buchackern\\'>(Route planen)<\/a><\/strong>',\n                        popup: false,\n                        flat: true,\n                        icon: {\n                            image: 'https:\/\/www.wullaestuebli.ch\/wordpress\/wp-content\/plugins\/responsive-maps-plugin\/includes\/icons\/blue.png'}}],\n            panControl: false,\n            zoomControl: false,\n            draggable: true,\n            scrollwheel: false,\n            mapTypeControl: false,\n            scaleControl: false,\n            streetViewControl: false,\n            overviewMapControl: true,\n            fullscreenControl: false,\n            styles: [{\"stylers\":[{\"featureType\":\"all\"}]}],\n            latitude: null,\n            longitude: null,\n            onComplete: function() {\n                var gmap = mapdiv.data('gmap').gmap;\n                if (clustering.length  != 0 && clustering == \"yes\") {\n                    var markerCluster = new MarkerClusterer(gmap, mapdiv.data('gmap').markers, {imagePath: 'https:\/\/www.wullaestuebli.ch\/wordpress\/wp-content\/plugins\/responsive-maps-plugin\/includes\/img\/m'});\n                }\n            }\n        });\n        gmap = mapdiv.data('gmap').gmap;\n        });\n        window.onresize = function() {\n        jQuery('.responsive-map').each(function(i, obj) {\n            jQuery(this).gMapResp('fixAfterResize');\n        });\n    };\n    <\/script>\n    <div id=\"responsive_map_465217159\" class=\"responsive-map\" style=\"height:500px;width:100%;\"><\/div>\n<h2><strong>Kontaktformular<\/strong><\/h2>\n\n<div class=\"wpcf7 no-js\" id=\"wpcf7-f6-o1\" lang=\"de-DE\" dir=\"ltr\" data-wpcf7-id=\"6\">\n<div class=\"screen-reader-response\"><p role=\"status\" aria-live=\"polite\" aria-atomic=\"true\"><\/p> <ul><\/ul><\/div>\n<form action=\"\/wordpress\/wp-json\/wp\/v2\/pages\/30#wpcf7-f6-o1\" method=\"post\" class=\"wpcf7-form init\" aria-label=\"Kontaktformular\" novalidate=\"novalidate\" data-status=\"init\">\n<fieldset class=\"hidden-fields-container\"><input type=\"hidden\" name=\"_wpcf7\" value=\"6\" \/><input type=\"hidden\" name=\"_wpcf7_version\" value=\"6.1.5\" \/><input type=\"hidden\" name=\"_wpcf7_locale\" value=\"de_DE\" \/><input type=\"hidden\" name=\"_wpcf7_unit_tag\" value=\"wpcf7-f6-o1\" \/><input type=\"hidden\" name=\"_wpcf7_container_post\" value=\"0\" \/><input type=\"hidden\" name=\"_wpcf7_posted_data_hash\" value=\"\" \/>\n<\/fieldset>\n<p><label> Ihr Name (Pflichtfeld)<br \/>\n<span class=\"wpcf7-form-control-wrap\" data-name=\"your-name\"><input size=\"40\" maxlength=\"400\" class=\"wpcf7-form-control wpcf7-text wpcf7-validates-as-required\" aria-required=\"true\" aria-invalid=\"false\" value=\"\" type=\"text\" name=\"your-name\" \/><\/span> <\/label>\n<\/p>\n<p><label> Ihre E-Mail-Adresse (Pflichtfeld)<br \/>\n<span class=\"wpcf7-form-control-wrap\" data-name=\"your-email\"><input size=\"40\" maxlength=\"400\" class=\"wpcf7-form-control wpcf7-email wpcf7-validates-as-required wpcf7-text wpcf7-validates-as-email\" aria-required=\"true\" aria-invalid=\"false\" value=\"\" type=\"email\" name=\"your-email\" \/><\/span> <\/label>\n<\/p>\n<p><label> Betreff<br \/>\n<span class=\"wpcf7-form-control-wrap\" data-name=\"your-subject\"><input size=\"40\" maxlength=\"400\" class=\"wpcf7-form-control wpcf7-text\" aria-invalid=\"false\" value=\"\" type=\"text\" name=\"your-subject\" \/><\/span> <\/label>\n<\/p>\n<p><label> Ihre Nachricht<br \/>\n<span class=\"wpcf7-form-control-wrap\" data-name=\"your-message\"><textarea cols=\"40\" rows=\"10\" maxlength=\"2000\" class=\"wpcf7-form-control wpcf7-textarea\" aria-invalid=\"false\" name=\"your-message\"><\/textarea><\/span> <\/label>\n<\/p>\n<p><label> Anti-Spam-Frage<br \/>\n<span class=\"wpcf7-form-control-wrap\" data-name=\"Spam-Frage\"><label><span class=\"wpcf7-quiz-label\">Was gibt 5+7?<\/span> <input size=\"40\" class=\"wpcf7-form-control wpcf7-quiz\" id=\"spam\" autocomplete=\"off\" aria-required=\"true\" aria-invalid=\"false\" type=\"text\" name=\"Spam-Frage\" \/><\/label><input type=\"hidden\" name=\"_wpcf7_quiz_answer_Spam-Frage\" value=\"e15891ba17c69ddd0efc4a381fd3852c\" \/><\/span> <\/label>\n<\/p>\n<p><input class=\"wpcf7-form-control wpcf7-submit has-spinner\" type=\"submit\" value=\"Senden\" \/>\n<\/p><p style=\"display: none !important;\" class=\"akismet-fields-container\" data-prefix=\"_wpcf7_ak_\"><label>&#916;<textarea name=\"_wpcf7_ak_hp_textarea\" cols=\"45\" rows=\"8\" maxlength=\"100\"><\/textarea><\/label><input type=\"hidden\" id=\"ak_js_1\" name=\"_wpcf7_ak_js\" value=\"83\"\/><script>document.getElementById( \"ak_js_1\" ).setAttribute( \"value\", ( new Date() ).getTime() );<\/script><\/p><div class=\"wpcf7-response-output\" aria-hidden=\"true\"><\/div>\n<\/form>\n<\/div>\n\n","protected":false},"excerpt":{"rendered":"<p>So k\u00f6nnen Sie mit uns Kontakt aufnehmen Wull\u00e4st\u00fcbli\/Gschenklad\u00e4 Margrit Tanner-Heer Eppishauserstrasse 2 8586 Buchackern bei Erlen (TG) Telefon: 071 648 23 45 \u00a0079 525 34 63 E-mail: m-tanner@wullaestuebli.ch Kontaktformular<\/p>\n","protected":false},"author":62,"featured_media":31,"parent":0,"menu_order":0,"comment_status":"closed","ping_status":"closed","template":"","meta":{"footnotes":""},"class_list":["post-30","page","type-page","status-publish","has-post-thumbnail","hentry"],"_links":{"self":[{"href":"https:\/\/www.wullaestuebli.ch\/wordpress\/wp-json\/wp\/v2\/pages\/30","targetHints":{"allow":["GET"]}}],"collection":[{"href":"https:\/\/www.wullaestuebli.ch\/wordpress\/wp-json\/wp\/v2\/pages"}],"about":[{"href":"https:\/\/www.wullaestuebli.ch\/wordpress\/wp-json\/wp\/v2\/types\/page"}],"author":[{"embeddable":true,"href":"https:\/\/www.wullaestuebli.ch\/wordpress\/wp-json\/wp\/v2\/users\/62"}],"replies":[{"embeddable":true,"href":"https:\/\/www.wullaestuebli.ch\/wordpress\/wp-json\/wp\/v2\/comments?post=30"}],"version-history":[{"count":9,"href":"https:\/\/www.wullaestuebli.ch\/wordpress\/wp-json\/wp\/v2\/pages\/30\/revisions"}],"predecessor-version":[{"id":2706,"href":"https:\/\/www.wullaestuebli.ch\/wordpress\/wp-json\/wp\/v2\/pages\/30\/revisions\/2706"}],"wp:featuredmedia":[{"embeddable":true,"href":"https:\/\/www.wullaestuebli.ch\/wordpress\/wp-json\/wp\/v2\/media\/31"}],"wp:attachment":[{"href":"https:\/\/www.wullaestuebli.ch\/wordpress\/wp-json\/wp\/v2\/media?parent=30"}],"curies":[{"name":"wp","href":"https:\/\/api.w.org\/{rel}","templated":true}]}}